{"id":9863,"date":"2026-01-09T18:59:28","date_gmt":"2026-01-09T16:59:28","guid":{"rendered":"https:\/\/povnomad.com\/product\/samoa-esim\/"},"modified":"2026-01-09T18:59:28","modified_gmt":"2026-01-09T16:59:28","slug":"samoa-esim","status":"publish","type":"product","link":"https:\/\/povnomad.com\/es\/producto\/samoa-esim\/","title":{"rendered":"Samoa eSIM"},"content":{"rendered":"<h3>\ud83c\udf0d eSIM Samoa: puede activarse inmediatamente y sin gastos de itinerancia<\/h3>\n<p>Mantente conectado en todo momento en <strong>Samoa<\/strong> con la <strong>eSIM<\/strong> digital <strong>POVNOMAD<\/strong>. Simplemente escanea el c\u00f3digo QR, act\u00edvala y navega por <strong>la red 5G de Bluesky<\/strong> en cuanto aterrices. Perfecta para Apia, Upolu, Savai&#8217;i o para trabajar relajadamente a distancia en la playa de Lalomanu.  <\/p>\n<h4>\ud83d\ude80 Ventajas<\/h4>\n<ul>\n<li>Puede activarse inmediatamente, sin necesidad de SIM f\u00edsica<\/li>\n<li>Sin gastos de itinerancia ni costes ocultos<\/li>\n<li>Conexi\u00f3n estable de alta velocidad en las islas principales de Upolu y Savai&#8217;i<\/li>\n<li>Hotspot utilizable, ideal para port\u00e1til y tablet<\/li>\n<li>Se puede activar hasta 100 d\u00edas despu\u00e9s de la compra<\/li>\n<\/ul>\n<p>\u27a1\ufe0f <strong>Puedes encontrar m\u00e1s informaci\u00f3n sobre la eSIM Samoa a continuaci\u00f3n<\/strong><br \/>\no preguntarnos tus dudas directamente a trav\u00e9s de <a href=\"https:\/\/wa.me\/491605741177?text=Hallo%20POVNOMAD%2C%20ich%20habe%20eine%20Frage%20zur%20Samoa%20eSIM\" target=\"_blank\" rel=\"noopener noreferrer\">\ud83d\udcac nuestro servicio de atenci\u00f3n al cliente por WhatsApp.<\/a><\/p>\n<hr>\n<h4>\ud83e\udde9 Funciones<\/h4>\n<p><strong>Utilizar en:<\/strong> \ud83c\uddfc\ud83c\uddf8<br \/>\n<strong>Posibilidad de carga:<\/strong> S\u00ed<br \/>\n<strong>S\u00f3lo datos:<\/strong> S\u00ed<br \/>\n<strong>SMS:<\/strong> No<br \/>\n<strong>Llamadas:<\/strong> No (s\u00f3lo a trav\u00e9s de apps\/VOIP)<\/p>\n<h4>\ud83d\udcf1Comprueba la compatibilidad<\/h4>\n<p><a href=\"https:\/\/www.gsmarena.com\/results.php3?sSIMTypes=4\" target=\"_blank\" rel=\"noopener noreferrer\">Comprueba previamente la compatibilidad en l\u00ednea (sitio web externo) o introduciendo un c\u00f3digo en el campo del tel\u00e9fono *#06# - \u00bfSe muestra un EID? Entonces el smartphone es compatible con la eSIM. <\/a><\/p>\n<h4>\u2699\ufe0f Datos t\u00e9cnicos<\/h4>\n<p><strong>Activaci\u00f3n posible hasta:<\/strong> 100 d\u00edas despu\u00e9s de la compra<br \/>\n<strong>Pa\u00eds de salida de los datos:<\/strong> Europa<br \/>\n<strong>Hotspot:<\/strong> S\u00ed<br \/>\n<strong>Reducci\u00f3n de velocidad:<\/strong> No<br \/>\n<strong>Portada:<\/strong> WS<br \/>\n<strong>Redes:<\/strong> Bluesky 5G - <a href=\"https:\/\/www.nperf.com\/de\/map\/WS\/-\/-\/signal?ll=-13.83&amp;lg=-171.75&amp;zoom=9#\" target=\"_blank\" rel=\"noopener noreferrer\">Comprueba la cobertura de red aqu\u00ed<\/a><br \/>\n<strong>Pa\u00edses que reciben ayuda:<\/strong> Samoa<\/p>\n","protected":false},"excerpt":{"rendered":"<ul>\n<li><strong>eSIM Samoa:<\/strong> puede activarse inmediatamente y sin costes de itinerancia<\/li>\n<li>Compatible con todos los dispositivos desbloqueados con eSIM<\/li>\n<li>C\u00f3digo QR por correo electr\u00f3nico, se puede utilizar en segundos<\/li>\n<li>Hotspot divisible para port\u00e1til y tablet<\/li>\n<li>Velocidad 4G completa, sin ralentizaci\u00f3n<\/li>\n<\/ul>\n","protected":false},"featured_media":9867,"comment_status":"open","ping_status":"closed","template":"","meta":{"inline_featured_image":false,"_uag_custom_page_level_css":"","site-sidebar-layout":"default","site-content-layout":"","ast-site-content-layout":"default","site-content-style":"default","site-sidebar-style":"default","ast-global-header-display":"","ast-banner-title-visibility":"","ast-main-header-display":"","ast-hfb-above-header-display":"","ast-hfb-below-header-display":"","ast-hfb-mobile-header-display":"","site-post-title":"","ast-breadcrumbs-content":"","ast-featured-img":"","footer-sml-layout":"","theme-transparent-header-meta":"default","adv-header-id-meta":"","stick-header-meta":"","header-above-stick-meta":"","header-main-stick-meta":"","header-below-stick-meta":"","astra-migrate-meta-layouts":"default","ast-page-background-enabled":"default","ast-page-background-meta":{"desktop":{"background-color":"","background-image":"","background-repeat":"repeat","background-position":"center center","background-size":"auto","background-attachment":"scroll","background-type":"","background-media":"","overlay-type":"","overlay-color":"","overlay-opacity":"","overlay-gradient":""},"tablet":{"background-color":"","background-image":"","background-repeat":"repeat","background-position":"center center","background-size":"auto","background-attachment":"scroll","background-type":"","background-media":"","overlay-type":"","overlay-color":"","overlay-opacity":"","overlay-gradient":""},"mobile":{"background-color":"","background-image":"","background-repeat":"repeat","background-position":"center center","background-size":"auto","background-attachment":"scroll","background-type":"","background-media":"","overlay-type":"","overlay-color":"","overlay-opacity":"","overlay-gradient":""}},"ast-content-background-meta":{"desktop":{"background-color":"var(--ast-global-color-5)","background-image":"","background-repeat":"repeat","background-position":"center center","background-size":"auto","background-attachment":"scroll","background-type":"","background-media":"","overlay-type":"","overlay-color":"","overlay-opacity":"","overlay-gradient":""},"tablet":{"background-color":"var(--ast-global-color-5)","background-image":"","background-repeat":"repeat","background-position":"center center","background-size":"auto","background-attachment":"scroll","background-type":"","background-media":"","overlay-type":"","overlay-color":"","overlay-opacity":"","overlay-gradient":""},"mobile":{"background-color":"var(--ast-global-color-5)","background-image":"","background-repeat":"repeat","background-position":"center center","background-size":"auto","background-attachment":"scroll","background-type":"","background-media":"","overlay-type":"","overlay-color":"","overlay-opacity":"","overlay-gradient":""}}},"product_brand":[4280],"product_cat":[22,25,1513],"product_tag":[1515,1765],"class_list":{"0":"post-9863","1":"product","2":"type-product","3":"status-publish","4":"has-post-thumbnail","6":"product_brand-povnomad-esim","7":"product_cat-esim","8":"product_cat-single","9":"product_cat-ozeanien","10":"product_tag-ozeanien","11":"product_tag-samoa","12":"desktop-align-left","13":"tablet-align-left","14":"mobile-align-left","16":"first","17":"instock","18":"taxable","19":"shipping-taxable","20":"purchasable","21":"product-type-variable","22":"has-default-attributes"},"yoast_head":"<!-- This site is optimized with the Yoast SEO plugin v27.4 - https:\/\/yoast.com\/product\/yoast-seo-wordpress\/ -->\n<title>Samoa eSIM - POVNOMAD eSIM - for travellers and nomad\u00b4s life<\/title>\n<meta name=\"description\" content=\"Samoa eSIM de POVNOMAD. Sin itinerancia, inmediatamente por correo electr\u00f3nico. Compatible con iOS y Android. Soporte para una conexi\u00f3n sin preocupaciones.\" \/>\n<meta name=\"robots\" content=\"index, follow, max-snippet:-1, max-image-preview:large, max-video-preview:-1\" \/>\n<link rel=\"canonical\" href=\"https:\/\/povnomad.com\/es\/producto\/samoa-esim\/\" \/>\n<meta property=\"og:locale\" content=\"es_ES\" \/>\n<meta property=\"og:type\" content=\"article\" \/>\n<meta property=\"og:title\" content=\"Samoa eSIM - POVNOMAD eSIM - for travellers and nomad\u00b4s life\" \/>\n<meta property=\"og:description\" content=\"Samoa eSIM de POVNOMAD. Sin itinerancia, inmediatamente por correo electr\u00f3nico. Compatible con iOS y Android. Soporte para una conexi\u00f3n sin preocupaciones.\" \/>\n<meta property=\"og:url\" content=\"https:\/\/povnomad.com\/es\/producto\/samoa-esim\/\" \/>\n<meta property=\"og:site_name\" content=\"POVNOMAD eSIM - for travellers and nomad\u00b4s life\" \/>\n<meta property=\"og:image\" content=\"https:\/\/povnomad.com\/wp-content\/uploads\/2026\/01\/Samoa-eSIM.webp\" \/>\n\t<meta property=\"og:image:width\" content=\"1200\" \/>\n\t<meta property=\"og:image:height\" content=\"1200\" \/>\n\t<meta property=\"og:image:type\" content=\"image\/webp\" \/>\n<meta name=\"twitter:card\" content=\"summary_large_image\" \/>\n<meta name=\"twitter:label1\" content=\"Tiempo de lectura\" \/>\n\t<meta name=\"twitter:data1\" content=\"1 minuto\" \/>\n<script type=\"application\/ld+json\" class=\"yoast-schema-graph\">{\"@context\":\"https:\\\/\\\/schema.org\",\"@graph\":[{\"@type\":\"WebPage\",\"@id\":\"https:\\\/\\\/povnomad.com\\\/es\\\/producto\\\/samoa-esim\\\/\",\"url\":\"https:\\\/\\\/povnomad.com\\\/es\\\/producto\\\/samoa-esim\\\/\",\"name\":\"Samoa eSIM - POVNOMAD eSIM - for travellers and nomad\u00b4s life\",\"isPartOf\":{\"@id\":\"https:\\\/\\\/povnomad.com\\\/es\\\/#website\"},\"primaryImageOfPage\":{\"@id\":\"https:\\\/\\\/povnomad.com\\\/es\\\/producto\\\/samoa-esim\\\/#primaryimage\"},\"image\":{\"@id\":\"https:\\\/\\\/povnomad.com\\\/es\\\/producto\\\/samoa-esim\\\/#primaryimage\"},\"thumbnailUrl\":\"https:\\\/\\\/povnomad.com\\\/wp-content\\\/uploads\\\/2026\\\/01\\\/Samoa-eSIM.webp\",\"datePublished\":\"2026-01-09T16:59:28+00:00\",\"description\":\"Samoa eSIM de POVNOMAD. Sin itinerancia, inmediatamente por correo electr\u00f3nico. Compatible con iOS y Android. Soporte para una conexi\u00f3n sin preocupaciones.\",\"breadcrumb\":{\"@id\":\"https:\\\/\\\/povnomad.com\\\/es\\\/producto\\\/samoa-esim\\\/#breadcrumb\"},\"inLanguage\":\"es\",\"potentialAction\":[{\"@type\":\"ReadAction\",\"target\":[\"https:\\\/\\\/povnomad.com\\\/es\\\/producto\\\/samoa-esim\\\/\"]}]},{\"@type\":\"ImageObject\",\"inLanguage\":\"es\",\"@id\":\"https:\\\/\\\/povnomad.com\\\/es\\\/producto\\\/samoa-esim\\\/#primaryimage\",\"url\":\"https:\\\/\\\/povnomad.com\\\/wp-content\\\/uploads\\\/2026\\\/01\\\/Samoa-eSIM.webp\",\"contentUrl\":\"https:\\\/\\\/povnomad.com\\\/wp-content\\\/uploads\\\/2026\\\/01\\\/Samoa-eSIM.webp\",\"width\":1200,\"height\":1200},{\"@type\":\"BreadcrumbList\",\"@id\":\"https:\\\/\\\/povnomad.com\\\/es\\\/producto\\\/samoa-esim\\\/#breadcrumb\",\"itemListElement\":[{\"@type\":\"ListItem\",\"position\":1,\"name\":\"P\u00e1gina de inicio\",\"item\":\"https:\\\/\\\/povnomad.com\\\/es\\\/\"},{\"@type\":\"ListItem\",\"position\":2,\"name\":\"Productos\",\"item\":\"https:\\\/\\\/povnomad.com\\\/es\\\/shop\\\/\"},{\"@type\":\"ListItem\",\"position\":3,\"name\":\"Samoa eSIM\"}]},{\"@type\":\"WebSite\",\"@id\":\"https:\\\/\\\/povnomad.com\\\/es\\\/#website\",\"url\":\"https:\\\/\\\/povnomad.com\\\/es\\\/\",\"name\":\"povnomad eSIM - for travellers and nomad\u00b4s life\",\"description\":\"eSIMs with \u2764\ufe0f  in Germany \ud83c\udde9\ud83c\uddea\",\"publisher\":{\"@id\":\"https:\\\/\\\/povnomad.com\\\/es\\\/#organization\"},\"potentialAction\":[{\"@type\":\"SearchAction\",\"target\":{\"@type\":\"EntryPoint\",\"urlTemplate\":\"https:\\\/\\\/povnomad.com\\\/es\\\/?s={search_term_string}\"},\"query-input\":{\"@type\":\"PropertyValueSpecification\",\"valueRequired\":true,\"valueName\":\"search_term_string\"}}],\"inLanguage\":\"es\"},{\"@type\":\"Organization\",\"@id\":\"https:\\\/\\\/povnomad.com\\\/es\\\/#organization\",\"name\":\"povnomad eSIM - for travellers and nomad\u00b4s life\",\"url\":\"https:\\\/\\\/povnomad.com\\\/es\\\/\",\"logo\":{\"@type\":\"ImageObject\",\"inLanguage\":\"es\",\"@id\":\"https:\\\/\\\/povnomad.com\\\/es\\\/#\\\/schema\\\/logo\\\/image\\\/\",\"url\":\"https:\\\/\\\/povnomad.com\\\/wp-content\\\/uploads\\\/2026\\\/03\\\/cropped-POVNOMAD-LOGO-HQ-ohne-BG-mobile-webp.webp\",\"contentUrl\":\"https:\\\/\\\/povnomad.com\\\/wp-content\\\/uploads\\\/2026\\\/03\\\/cropped-POVNOMAD-LOGO-HQ-ohne-BG-mobile-webp.webp\",\"width\":1291,\"height\":322,\"caption\":\"povnomad eSIM - for travellers and nomad\u00b4s life\"},\"image\":{\"@id\":\"https:\\\/\\\/povnomad.com\\\/es\\\/#\\\/schema\\\/logo\\\/image\\\/\"},\"sameAs\":[\"https:\\\/\\\/www.instagram.com\\\/povnomad_\",\"https:\\\/\\\/tiktok.com\\\/@povnomad_\"]}]}<\/script>\n<!-- \/ Yoast SEO plugin. -->","yoast_head_json":{"title":"Samoa eSIM - POVNOMAD eSIM - for travellers and nomad\u00b4s life","description":"Samoa eSIM de POVNOMAD. Sin itinerancia, inmediatamente por correo electr\u00f3nico. Compatible con iOS y Android. Soporte para una conexi\u00f3n sin preocupaciones.","robots":{"index":"index","follow":"follow","max-snippet":"max-snippet:-1","max-image-preview":"max-image-preview:large","max-video-preview":"max-video-preview:-1"},"canonical":"https:\/\/povnomad.com\/es\/producto\/samoa-esim\/","og_locale":"es_ES","og_type":"article","og_title":"Samoa eSIM - POVNOMAD eSIM - for travellers and nomad\u00b4s life","og_description":"Samoa eSIM de POVNOMAD. Sin itinerancia, inmediatamente por correo electr\u00f3nico. Compatible con iOS y Android. Soporte para una conexi\u00f3n sin preocupaciones.","og_url":"https:\/\/povnomad.com\/es\/producto\/samoa-esim\/","og_site_name":"POVNOMAD eSIM - for travellers and nomad\u00b4s life","og_image":[{"width":1200,"height":1200,"url":"https:\/\/povnomad.com\/wp-content\/uploads\/2026\/01\/Samoa-eSIM.webp","type":"image\/webp"}],"twitter_card":"summary_large_image","twitter_misc":{"Tiempo de lectura":"1 minuto"},"schema":{"@context":"https:\/\/schema.org","@graph":[{"@type":"WebPage","@id":"https:\/\/povnomad.com\/es\/producto\/samoa-esim\/","url":"https:\/\/povnomad.com\/es\/producto\/samoa-esim\/","name":"Samoa eSIM - POVNOMAD eSIM - for travellers and nomad\u00b4s life","isPartOf":{"@id":"https:\/\/povnomad.com\/es\/#website"},"primaryImageOfPage":{"@id":"https:\/\/povnomad.com\/es\/producto\/samoa-esim\/#primaryimage"},"image":{"@id":"https:\/\/povnomad.com\/es\/producto\/samoa-esim\/#primaryimage"},"thumbnailUrl":"https:\/\/povnomad.com\/wp-content\/uploads\/2026\/01\/Samoa-eSIM.webp","datePublished":"2026-01-09T16:59:28+00:00","description":"Samoa eSIM de POVNOMAD. Sin itinerancia, inmediatamente por correo electr\u00f3nico. Compatible con iOS y Android. Soporte para una conexi\u00f3n sin preocupaciones.","breadcrumb":{"@id":"https:\/\/povnomad.com\/es\/producto\/samoa-esim\/#breadcrumb"},"inLanguage":"es","potentialAction":[{"@type":"ReadAction","target":["https:\/\/povnomad.com\/es\/producto\/samoa-esim\/"]}]},{"@type":"ImageObject","inLanguage":"es","@id":"https:\/\/povnomad.com\/es\/producto\/samoa-esim\/#primaryimage","url":"https:\/\/povnomad.com\/wp-content\/uploads\/2026\/01\/Samoa-eSIM.webp","contentUrl":"https:\/\/povnomad.com\/wp-content\/uploads\/2026\/01\/Samoa-eSIM.webp","width":1200,"height":1200},{"@type":"BreadcrumbList","@id":"https:\/\/povnomad.com\/es\/producto\/samoa-esim\/#breadcrumb","itemListElement":[{"@type":"ListItem","position":1,"name":"P\u00e1gina de inicio","item":"https:\/\/povnomad.com\/es\/"},{"@type":"ListItem","position":2,"name":"Productos","item":"https:\/\/povnomad.com\/es\/shop\/"},{"@type":"ListItem","position":3,"name":"Samoa eSIM"}]},{"@type":"WebSite","@id":"https:\/\/povnomad.com\/es\/#website","url":"https:\/\/povnomad.com\/es\/","name":"povnomad eSIM - for travellers and nomad\u00b4s life","description":"eSIMs with \u2764\ufe0f  in Germany \ud83c\udde9\ud83c\uddea","publisher":{"@id":"https:\/\/povnomad.com\/es\/#organization"},"potentialAction":[{"@type":"SearchAction","target":{"@type":"EntryPoint","urlTemplate":"https:\/\/povnomad.com\/es\/?s={search_term_string}"},"query-input":{"@type":"PropertyValueSpecification","valueRequired":true,"valueName":"search_term_string"}}],"inLanguage":"es"},{"@type":"Organization","@id":"https:\/\/povnomad.com\/es\/#organization","name":"povnomad eSIM - for travellers and nomad\u00b4s life","url":"https:\/\/povnomad.com\/es\/","logo":{"@type":"ImageObject","inLanguage":"es","@id":"https:\/\/povnomad.com\/es\/#\/schema\/logo\/image\/","url":"https:\/\/povnomad.com\/wp-content\/uploads\/2026\/03\/cropped-POVNOMAD-LOGO-HQ-ohne-BG-mobile-webp.webp","contentUrl":"https:\/\/povnomad.com\/wp-content\/uploads\/2026\/03\/cropped-POVNOMAD-LOGO-HQ-ohne-BG-mobile-webp.webp","width":1291,"height":322,"caption":"povnomad eSIM - for travellers and nomad\u00b4s life"},"image":{"@id":"https:\/\/povnomad.com\/es\/#\/schema\/logo\/image\/"},"sameAs":["https:\/\/www.instagram.com\/povnomad_","https:\/\/tiktok.com\/@povnomad_"]}]}},"uagb_featured_image_src":{"full":["https:\/\/povnomad.com\/wp-content\/uploads\/2026\/01\/Samoa-eSIM.webp",1200,1200,false],"thumbnail":["https:\/\/povnomad.com\/wp-content\/uploads\/2026\/01\/Samoa-eSIM-150x150.webp",150,150,true],"medium":["https:\/\/povnomad.com\/wp-content\/uploads\/2026\/01\/Samoa-eSIM-300x300.webp",300,300,true],"medium_large":["https:\/\/povnomad.com\/wp-content\/uploads\/2026\/01\/Samoa-eSIM-768x768.webp",768,768,true],"large":["https:\/\/povnomad.com\/wp-content\/uploads\/2026\/01\/Samoa-eSIM-1024x1024.webp",1024,1024,true],"1536x1536":["https:\/\/povnomad.com\/wp-content\/uploads\/2026\/01\/Samoa-eSIM.webp",1200,1200,false],"2048x2048":["https:\/\/povnomad.com\/wp-content\/uploads\/2026\/01\/Samoa-eSIM.webp",1200,1200,false],"woocommerce_thumbnail":["https:\/\/povnomad.com\/wp-content\/uploads\/2026\/01\/Samoa-eSIM-300x300.webp",300,300,true],"woocommerce_single":["https:\/\/povnomad.com\/wp-content\/uploads\/2026\/01\/Samoa-eSIM-300x300.webp",300,300,true],"woocommerce_gallery_thumbnail":["https:\/\/povnomad.com\/wp-content\/uploads\/2026\/01\/Samoa-eSIM-100x100.webp",100,100,true],"variation_swatches_image_size":["https:\/\/povnomad.com\/wp-content\/uploads\/2026\/01\/Samoa-eSIM-50x50.webp",50,50,true],"variation_swatches_tooltip_size":["https:\/\/povnomad.com\/wp-content\/uploads\/2026\/01\/Samoa-eSIM-100x100.webp",100,100,true],"dgwt-wcas-product-suggestion":["https:\/\/povnomad.com\/wp-content\/uploads\/2026\/01\/Samoa-eSIM-64x64.webp",64,64,true]},"uagb_author_info":{"display_name":"Daniel","author_link":"https:\/\/povnomad.com\/es\/author\/"},"uagb_comment_info":0,"uagb_excerpt":"eSIM Samoa: puede activarse inmediatamente y sin costes de itinerancia Compatible con todos los dispositivos desbloqueados con eSIM C\u00f3digo QR por correo electr\u00f3nico, se puede utilizar en segundos Hotspot divisible para port\u00e1til y tablet Velocidad 4G completa, sin ralentizaci\u00f3n","_links":{"self":[{"href":"https:\/\/povnomad.com\/es\/wp-json\/wp\/v2\/product\/9863","targetHints":{"allow":["GET"]}}],"collection":[{"href":"https:\/\/povnomad.com\/es\/wp-json\/wp\/v2\/product"}],"about":[{"href":"https:\/\/povnomad.com\/es\/wp-json\/wp\/v2\/types\/product"}],"replies":[{"embeddable":true,"href":"https:\/\/povnomad.com\/es\/wp-json\/wp\/v2\/comments?post=9863"}],"wp:featuredmedia":[{"embeddable":true,"href":"https:\/\/povnomad.com\/es\/wp-json\/wp\/v2\/media\/9867"}],"wp:attachment":[{"href":"https:\/\/povnomad.com\/es\/wp-json\/wp\/v2\/media?parent=9863"}],"wp:term":[{"taxonomy":"product_brand","embeddable":true,"href":"https:\/\/povnomad.com\/es\/wp-json\/wp\/v2\/product_brand?post=9863"},{"taxonomy":"product_cat","embeddable":true,"href":"https:\/\/povnomad.com\/es\/wp-json\/wp\/v2\/product_cat?post=9863"},{"taxonomy":"product_tag","embeddable":true,"href":"https:\/\/povnomad.com\/es\/wp-json\/wp\/v2\/product_tag?post=9863"}],"curies":[{"name":"wp","href":"https:\/\/api.w.org\/{rel}","templated":true}]}}