{"id":5802,"date":"2025-03-30T23:45:20","date_gmt":"2025-03-30T21:45:20","guid":{"rendered":"https:\/\/povnomad.com\/product\/china-esim-esim-china-tiktok\/"},"modified":"2025-03-30T21:45:20","modified_gmt":"2025-03-30T19:45:20","slug":"china-esim-esim-china-tiktok","status":"publish","type":"product","link":"https:\/\/povnomad.com\/es\/producto\/china-esim-esim-china-tiktok\/","title":{"rendered":"China eSIM &amp; eSIM China TikTok"},"content":{"rendered":"<div class=\"drei-box-layout\">\n<div class=\"box box-features\">\n<div><strong><span style=\"font-size: x-large;\">- \u00bfQu\u00e9 eSIM debo elegir?<\/span><\/strong><\/div>\n<div><strong><span style=\"font-size: x-large;\"> <\/span><\/strong><\/div>\n<div><span style=\"font-size: large;\">Actualmente ofrecemos 2 versiones de eSIM para que disfrutes al m\u00e1ximo de tus viajes:<\/span><\/div>\n<div>\n<p data-start=\"91\" data-end=\"142\">\ud83d\udc49 <strong data-start=\"94\" data-end=\"113\">Con IP de Hong Kong<\/strong> (la opci\u00f3n m\u00e1s barata):<\/p>\n<ul data-start=\"143\" data-end=\"523\">\n<li data-start=\"143\" data-end=\"245\">\n<p data-start=\"145\" data-end=\"245\">Puedes utilizar la mayor\u00eda de las aplicaciones occidentales (Google, WhatsApp, Instagram, YouTube, etc.) sin una VPN.<\/p>\n<\/li>\n<li data-start=\"246\" data-end=\"523\">\n<p data-start=\"248\" data-end=\"523\"><strong data-start=\"248\" data-end=\"267\">Restricciones<\/strong>: Algunos contenidos siguen estando parcialmente bloqueados o son inestables, por ejemplo <strong><i>TikTok no funciona en China<\/i><\/strong> (versi\u00f3n internacional), ciertos servicios de streaming occidentales (bibliotecas Netflix, Disney+, HBO), as\u00ed como algunos servicios bancarios o en la nube que tienen geofiltros m\u00e1s estrictos.<\/p>\n<\/li>\n<\/ul>\n<p data-start=\"525\" data-end=\"569\">\ud83d\udc49 <strong data-start=\"528\" data-end=\"547\">Con IP de Singapur<\/strong> (versi\u00f3n premium \u00abSG Location - TikTok ready\u00bb):<\/p>\n<ul data-start=\"570\" data-end=\"957\">\n<li data-start=\"570\" data-end=\"655\">\n<p data-start=\"572\" data-end=\"655\">Te saltas completamente los \u00abfiltros de China\u00bb porque tu tr\u00e1fico procede de Singapur.<\/p>\n<\/li>\n<li data-start=\"656\" data-end=\"957\">\n<p data-start=\"658\" data-end=\"724\">Esto significa que los servicios que no funcionan limpiamente a trav\u00e9s de Hong Kong tambi\u00e9n funcionan:<\/p>\n<ul data-start=\"727\" data-end=\"957\">\n<li data-start=\"727\" data-end=\"766\">\n<p data-start=\"729\" data-end=\"766\"><strong data-start=\"729\" data-end=\"764\">TikTok (versi\u00f3n internacional - 90% de probabilidad, mejor en iPhone)<\/strong><\/p>\n<\/li>\n<li data-start=\"769\" data-end=\"844\">\n<p data-start=\"771\" data-end=\"844\"><strong data-start=\"771\" data-end=\"842\">Acceso completo a streaming (Netflix, Disney+, HBO Max, Hulu, etc.)<\/strong><\/p>\n<\/li>\n<li data-start=\"847\" data-end=\"900\">\n<p data-start=\"849\" data-end=\"900\"><strong data-start=\"849\" data-end=\"898\">Sitios y aplicaciones de noticias occidentales sin excepciones<\/strong><\/p>\n<\/li>\n<li data-start=\"903\" data-end=\"957\">\n<p data-start=\"905\" data-end=\"957\"><strong data-start=\"905\" data-end=\"955\">Aplicaciones bancarias y PayPal que realizan comprobaciones geogr\u00e1ficas<\/strong><\/p>\n<\/li>\n<\/ul>\n<\/li>\n<\/ul>\n<div>\n<div><b>Resumiendo:<\/b><\/div>\n<div><b><i> <\/i><\/b><\/div>\n<div><i>IP de Hong Kong = absolutamente suficiente para las redes sociales, Google, WhatsApp.<\/i><\/div>\n<div><i>IP de Singapur = si tambi\u00e9n quieres probar el acceso a Tiktok, streaming, banca online o plena libertad en internet.<\/i><\/div>\n<\/div>\n<\/div>\n<div><i> <\/i><\/div>\n<div>\n<p data-start=\"235\" data-end=\"276\"><strong data-start=\"235\" data-end=\"274\">Experiencia propia de POVNOMAD en China:<\/strong><\/p>\n<ul data-start=\"277\" data-end=\"613\">\n<li data-start=\"277\" data-end=\"355\">\n<p data-start=\"279\" data-end=\"355\">Con <strong data-start=\"283\" data-end=\"300\">la eSIM de Hong Kong<\/strong>, alrededor <strong data-start=\"312\" data-end=\"345\">del 85% de todas las aplicaciones y sitios web<\/strong> son estables.<\/p>\n<\/li>\n<li data-start=\"356\" data-end=\"471\">\n<p data-start=\"358\" data-end=\"471\">Con la <strong data-start=\"366\" data-end=\"392\">eSIM Singapore Location<\/strong> es incluso <strong data-start=\"407\" data-end=\"419\">del 90-100%<\/strong> (suele ser m\u00e1s fiable en iPhone que en Android).<\/p>\n<\/li>\n<li data-start=\"472\" data-end=\"613\">\n<p data-start=\"474\" data-end=\"613\">Particularidad<strong data-start=\"474\" data-end=\"491\">:<\/strong> <strong data-start=\"492\" data-end=\"502\">TikTok<\/strong> es un problema porque la aplicaci\u00f3n accede a los datos de la SIM, por lo que no se garantiza que pueda utilizarse en todos los dispositivos, pero SG Location - TikTok ready es actualmente la \u00fanica forma de acceder a la aplicaci\u00f3n.<\/p>\n<\/li>\n<\/ul>\n<p data-start=\"615\" data-end=\"907\">\ud83d\udc49 <strong data-start=\"618\" data-end=\"640\">Nota importante:<\/strong> S\u00f3lo garantizamos la <strong data-start=\"676\" data-end=\"727\">ubicaci\u00f3n IP especificada (Hong Kong o Singapur<\/strong> ) de la eSIM. Qu\u00e9 aplicaciones y servicios funcionan realmente en China depende de muchos factores: el \u00abGran Cortafuegos\u00bb es muy opaco y puede cambiar en cualquier momento. No es posible devolver la eSIM una vez utilizada. Si es urgente utilizar determinados servicios, recomendamos probar con un peque\u00f1o paquete de inicio con, por ejemplo, 3 GB de SG Ubicaci\u00f3n  <\/p>\n<\/div>\n<h2><\/h2>\n<h2>Funciones<\/h2>\n<ul>\n<li class=\"feature-item\" data-feature=\"use-in\"><strong>Utilizar en:<\/strong> \ud83c\udde8\ud83c\uddf3<\/li>\n<li class=\"feature-item\" data-feature=\"top-up\"><strong>Posibilidad de carga:<\/strong> S\u00ed<\/li>\n<li class=\"feature-item\" data-feature=\"data-only\"><strong>S\u00f3lo datos:<\/strong> S\u00ed<\/li>\n<li class=\"feature-item\" data-feature=\"sms\"><strong>SMS:<\/strong> No<\/li>\n<li class=\"feature-item\" data-feature=\"calls\"><strong>Llamadas:<\/strong> No, s\u00f3lo a trav\u00e9s de aplicaciones (VOIP)<\/li>\n<li class=\"feature-item\" data-feature=\"compatibility\"><strong>Compatibilidad:<\/strong><br \/>\n<a href=\"https:\/\/www.gsmarena.com\/results.php3?sSIMTypes=4\">Comprueba la compatibilidad<\/a><\/li>\n<\/ul>\n<\/div>\n<div class=\"box box-description\">\n<h2>Descripci\u00f3n de la<\/h2>\n<p>Consigue las velocidades m\u00e1s altas en China con este plan eSIM. Inicia tu eSIM en cuanto llegues a Asia y disfruta de datos de alta velocidad sin cargos ocultos por itinerancia. <\/p>\n<p class=\"more-description\">Se trata de una tarifa de datos a m\u00e1xima velocidad.<\/p>\n<\/div>\n<div class=\"box box-technical-specs\">\n<h2>Datos t\u00e9cnicos<\/h2>\n<ul>\n<li class=\"spec-item\" data-spec=\"pre-activation\"><strong>D\u00edas previos a la activaci\u00f3n:<\/strong> 180 d\u00edas<\/li>\n<li class=\"spec-item\" data-spec=\"data-exit\"><strong>Pa\u00eds de origen de los datos:<\/strong> Hong Kong<\/li>\n<li class=\"spec-item\" data-spec=\"hotspot\"><strong>Hotspot:<\/strong> S\u00ed<\/li>\n<li class=\"spec-item\" data-spec=\"speed-reduction\"><strong>Reducci\u00f3n de velocidad:<\/strong> No<\/li>\n<li class=\"spec-item\" data-spec=\"coverage\"><strong>Portada:<\/strong> CN<\/li>\n<li class=\"spec-item\" data-spec=\"networks\"><strong>Redes:<\/strong> CN - China Mobile 5G<\/li>\n<li class=\"spec-item\" data-spec=\"country-list\"><strong>Pa\u00edses admitidos:<\/strong> China continental<\/li>\n<\/ul>\n<\/div>\n<\/div>\n","protected":false},"excerpt":{"rendered":"<ul>\n<li>eSIM para China \/ eSIM China Tiktok<\/li>\n<li>Funciona en todos los dispositivos desbloqueados compatibles con eSIM<\/li>\n<li>Entrega inmediata del c\u00f3digo QR<\/li>\n<li>Punto caliente divisible<\/li>\n<li>Velocidad completa LTE\/5G - sin ralentizaci\u00f3n<\/li>\n<\/ul>\n","protected":false},"featured_media":8898,"comment_status":"open","ping_status":"closed","template":"","meta":{"inline_featured_image":false,"_uag_custom_page_level_css":"","site-sidebar-layout":"default","site-content-layout":"","ast-site-content-layout":"default","site-content-style":"default","site-sidebar-style":"default","ast-global-header-display":"","ast-banner-title-visibility":"","ast-main-header-display":"","ast-hfb-above-header-display":"","ast-hfb-below-header-display":"","ast-hfb-mobile-header-display":"","site-post-title":"","ast-breadcrumbs-content":"","ast-featured-img":"","footer-sml-layout":"","theme-transparent-header-meta":"default","adv-header-id-meta":"","stick-header-meta":"","header-above-stick-meta":"","header-main-stick-meta":"","header-below-stick-meta":"","astra-migrate-meta-layouts":"default","ast-page-background-enabled":"default","ast-page-background-meta":{"desktop":{"background-color":"","background-image":"","background-repeat":"repeat","background-position":"center center","background-size":"auto","background-attachment":"scroll","background-type":"","background-media":"","overlay-type":"","overlay-color":"","overlay-opacity":"","overlay-gradient":""},"tablet":{"background-color":"","background-image":"","background-repeat":"repeat","background-position":"center center","background-size":"auto","background-attachment":"scroll","background-type":"","background-media":"","overlay-type":"","overlay-color":"","overlay-opacity":"","overlay-gradient":""},"mobile":{"background-color":"","background-image":"","background-repeat":"repeat","background-position":"center center","background-size":"auto","background-attachment":"scroll","background-type":"","background-media":"","overlay-type":"","overlay-color":"","overlay-opacity":"","overlay-gradient":""}},"ast-content-background-meta":{"desktop":{"background-color":"var(--ast-global-color-5)","background-image":"","background-repeat":"repeat","background-position":"center center","background-size":"auto","background-attachment":"scroll","background-type":"","background-media":"","overlay-type":"","overlay-color":"","overlay-opacity":"","overlay-gradient":""},"tablet":{"background-color":"var(--ast-global-color-5)","background-image":"","background-repeat":"repeat","background-position":"center center","background-size":"auto","background-attachment":"scroll","background-type":"","background-media":"","overlay-type":"","overlay-color":"","overlay-opacity":"","overlay-gradient":""},"mobile":{"background-color":"var(--ast-global-color-5)","background-image":"","background-repeat":"repeat","background-position":"center center","background-size":"auto","background-attachment":"scroll","background-type":"","background-media":"","overlay-type":"","overlay-color":"","overlay-opacity":"","overlay-gradient":""}}},"product_brand":[4288],"product_cat":[3430,3296],"product_tag":[3331,3460],"class_list":{"0":"post-5802","1":"product","2":"type-product","3":"status-publish","4":"has-post-thumbnail","6":"product_brand-povnomad-esim","7":"product_cat-asia","8":"product_cat-individual","9":"product_tag-asia","10":"product_tag-china","11":"desktop-align-left","12":"tablet-align-left","13":"mobile-align-left","15":"first","16":"instock","17":"taxable","18":"shipping-taxable","19":"purchasable","20":"product-type-variable","21":"has-default-attributes"},"yoast_head":"<!-- This site is optimized with the Yoast SEO plugin v27.4 - https:\/\/yoast.com\/product\/yoast-seo-wordpress\/ -->\n<title>China eSIM &amp; eSIM China TikTok - POVNOMAD eSIM - for travellers and nomad\u00b4s life<\/title>\n<meta name=\"description\" content=\"eSIM para China Tiktok con 20 GB durante 30 d\u00edas. Activaci\u00f3n instant\u00e1nea mediante c\u00f3digo QR. Compatible con iPhone y Android. Sin gastos de itinerancia. Soporte en alem\u00e1n.\" \/>\n<meta name=\"robots\" content=\"index, follow, max-snippet:-1, max-image-preview:large, max-video-preview:-1\" \/>\n<link rel=\"canonical\" href=\"https:\/\/povnomad.com\/es\/producto\/china-esim-esim-china-tiktok\/\" \/>\n<meta property=\"og:locale\" content=\"es_ES\" \/>\n<meta property=\"og:type\" content=\"article\" \/>\n<meta property=\"og:title\" content=\"China eSIM &amp; eSIM China TikTok - POVNOMAD eSIM - for travellers and nomad\u00b4s life\" \/>\n<meta property=\"og:description\" content=\"eSIM para China Tiktok con 20 GB durante 30 d\u00edas. Activaci\u00f3n instant\u00e1nea mediante c\u00f3digo QR. Compatible con iPhone y Android. Sin gastos de itinerancia. Soporte en alem\u00e1n.\" \/>\n<meta property=\"og:url\" content=\"https:\/\/povnomad.com\/es\/producto\/china-esim-esim-china-tiktok\/\" \/>\n<meta property=\"og:site_name\" content=\"POVNOMAD eSIM - for travellers and nomad\u00b4s life\" \/>\n<meta property=\"og:image\" content=\"https:\/\/povnomad.com\/wp-content\/uploads\/2025\/03\/flags2Fpng2F5122Fcn.png\" \/>\n\t<meta property=\"og:image:width\" content=\"512\" \/>\n\t<meta property=\"og:image:height\" content=\"512\" \/>\n\t<meta property=\"og:image:type\" content=\"image\/png\" \/>\n<meta name=\"twitter:card\" content=\"summary_large_image\" \/>\n<meta name=\"twitter:label1\" content=\"Tiempo de lectura\" \/>\n\t<meta name=\"twitter:data1\" content=\"2 minutos\" \/>\n<script type=\"application\/ld+json\" class=\"yoast-schema-graph\">{\"@context\":\"https:\\\/\\\/schema.org\",\"@graph\":[{\"@type\":\"WebPage\",\"@id\":\"https:\\\/\\\/povnomad.com\\\/es\\\/producto\\\/china-esim-esim-china-tiktok\\\/\",\"url\":\"https:\\\/\\\/povnomad.com\\\/es\\\/producto\\\/china-esim-esim-china-tiktok\\\/\",\"name\":\"China eSIM &amp; eSIM China TikTok - POVNOMAD eSIM - for travellers and nomad\u00b4s life\",\"isPartOf\":{\"@id\":\"https:\\\/\\\/povnomad.com\\\/es\\\/#website\"},\"primaryImageOfPage\":{\"@id\":\"https:\\\/\\\/povnomad.com\\\/es\\\/producto\\\/china-esim-esim-china-tiktok\\\/#primaryimage\"},\"image\":{\"@id\":\"https:\\\/\\\/povnomad.com\\\/es\\\/producto\\\/china-esim-esim-china-tiktok\\\/#primaryimage\"},\"thumbnailUrl\":\"https:\\\/\\\/povnomad.com\\\/wp-content\\\/uploads\\\/2026\\\/01\\\/China-eSIM.webp\",\"datePublished\":\"2025-03-30T21:45:20+00:00\",\"description\":\"eSIM para China Tiktok con 20 GB durante 30 d\u00edas. Activaci\u00f3n instant\u00e1nea mediante c\u00f3digo QR. Compatible con iPhone y Android. Sin gastos de itinerancia. Soporte en alem\u00e1n.\",\"breadcrumb\":{\"@id\":\"https:\\\/\\\/povnomad.com\\\/es\\\/producto\\\/china-esim-esim-china-tiktok\\\/#breadcrumb\"},\"inLanguage\":\"es\",\"potentialAction\":[{\"@type\":\"ReadAction\",\"target\":[\"https:\\\/\\\/povnomad.com\\\/es\\\/producto\\\/china-esim-esim-china-tiktok\\\/\"]}]},{\"@type\":\"ImageObject\",\"inLanguage\":\"es\",\"@id\":\"https:\\\/\\\/povnomad.com\\\/es\\\/producto\\\/china-esim-esim-china-tiktok\\\/#primaryimage\",\"url\":\"https:\\\/\\\/povnomad.com\\\/wp-content\\\/uploads\\\/2026\\\/01\\\/China-eSIM.webp\",\"contentUrl\":\"https:\\\/\\\/povnomad.com\\\/wp-content\\\/uploads\\\/2026\\\/01\\\/China-eSIM.webp\",\"width\":1200,\"height\":1200},{\"@type\":\"BreadcrumbList\",\"@id\":\"https:\\\/\\\/povnomad.com\\\/es\\\/producto\\\/china-esim-esim-china-tiktok\\\/#breadcrumb\",\"itemListElement\":[{\"@type\":\"ListItem\",\"position\":1,\"name\":\"P\u00e1gina de inicio\",\"item\":\"https:\\\/\\\/povnomad.com\\\/es\\\/\"},{\"@type\":\"ListItem\",\"position\":2,\"name\":\"Productos\",\"item\":\"https:\\\/\\\/povnomad.com\\\/es\\\/shop\\\/\"},{\"@type\":\"ListItem\",\"position\":3,\"name\":\"China eSIM &amp; eSIM China TikTok\"}]},{\"@type\":\"WebSite\",\"@id\":\"https:\\\/\\\/povnomad.com\\\/es\\\/#website\",\"url\":\"https:\\\/\\\/povnomad.com\\\/es\\\/\",\"name\":\"povnomad eSIM - for travellers and nomad\u00b4s life\",\"description\":\"eSIMs with \u2764\ufe0f  in Germany \ud83c\udde9\ud83c\uddea\",\"publisher\":{\"@id\":\"https:\\\/\\\/povnomad.com\\\/es\\\/#organization\"},\"potentialAction\":[{\"@type\":\"SearchAction\",\"target\":{\"@type\":\"EntryPoint\",\"urlTemplate\":\"https:\\\/\\\/povnomad.com\\\/es\\\/?s={search_term_string}\"},\"query-input\":{\"@type\":\"PropertyValueSpecification\",\"valueRequired\":true,\"valueName\":\"search_term_string\"}}],\"inLanguage\":\"es\"},{\"@type\":\"Organization\",\"@id\":\"https:\\\/\\\/povnomad.com\\\/es\\\/#organization\",\"name\":\"povnomad eSIM - for travellers and nomad\u00b4s life\",\"url\":\"https:\\\/\\\/povnomad.com\\\/es\\\/\",\"logo\":{\"@type\":\"ImageObject\",\"inLanguage\":\"es\",\"@id\":\"https:\\\/\\\/povnomad.com\\\/es\\\/#\\\/schema\\\/logo\\\/image\\\/\",\"url\":\"https:\\\/\\\/povnomad.com\\\/wp-content\\\/uploads\\\/2026\\\/03\\\/cropped-POVNOMAD-LOGO-HQ-ohne-BG-mobile-webp.webp\",\"contentUrl\":\"https:\\\/\\\/povnomad.com\\\/wp-content\\\/uploads\\\/2026\\\/03\\\/cropped-POVNOMAD-LOGO-HQ-ohne-BG-mobile-webp.webp\",\"width\":1291,\"height\":322,\"caption\":\"povnomad eSIM - for travellers and nomad\u00b4s life\"},\"image\":{\"@id\":\"https:\\\/\\\/povnomad.com\\\/es\\\/#\\\/schema\\\/logo\\\/image\\\/\"},\"sameAs\":[\"https:\\\/\\\/www.instagram.com\\\/povnomad_\",\"https:\\\/\\\/tiktok.com\\\/@povnomad_\"]}]}<\/script>\n<!-- \/ Yoast SEO plugin. -->","yoast_head_json":{"title":"China eSIM &amp; eSIM China TikTok - POVNOMAD eSIM - for travellers and nomad\u00b4s life","description":"eSIM para China Tiktok con 20 GB durante 30 d\u00edas. Activaci\u00f3n instant\u00e1nea mediante c\u00f3digo QR. Compatible con iPhone y Android. Sin gastos de itinerancia. Soporte en alem\u00e1n.","robots":{"index":"index","follow":"follow","max-snippet":"max-snippet:-1","max-image-preview":"max-image-preview:large","max-video-preview":"max-video-preview:-1"},"canonical":"https:\/\/povnomad.com\/es\/producto\/china-esim-esim-china-tiktok\/","og_locale":"es_ES","og_type":"article","og_title":"China eSIM &amp; eSIM China TikTok - POVNOMAD eSIM - for travellers and nomad\u00b4s life","og_description":"eSIM para China Tiktok con 20 GB durante 30 d\u00edas. Activaci\u00f3n instant\u00e1nea mediante c\u00f3digo QR. Compatible con iPhone y Android. Sin gastos de itinerancia. Soporte en alem\u00e1n.","og_url":"https:\/\/povnomad.com\/es\/producto\/china-esim-esim-china-tiktok\/","og_site_name":"POVNOMAD eSIM - for travellers and nomad\u00b4s life","og_image":[{"width":512,"height":512,"url":"https:\/\/povnomad.com\/wp-content\/uploads\/2025\/03\/flags2Fpng2F5122Fcn.png","type":"image\/png"}],"twitter_card":"summary_large_image","twitter_misc":{"Tiempo de lectura":"2 minutos"},"schema":{"@context":"https:\/\/schema.org","@graph":[{"@type":"WebPage","@id":"https:\/\/povnomad.com\/es\/producto\/china-esim-esim-china-tiktok\/","url":"https:\/\/povnomad.com\/es\/producto\/china-esim-esim-china-tiktok\/","name":"China eSIM &amp; eSIM China TikTok - POVNOMAD eSIM - for travellers and nomad\u00b4s life","isPartOf":{"@id":"https:\/\/povnomad.com\/es\/#website"},"primaryImageOfPage":{"@id":"https:\/\/povnomad.com\/es\/producto\/china-esim-esim-china-tiktok\/#primaryimage"},"image":{"@id":"https:\/\/povnomad.com\/es\/producto\/china-esim-esim-china-tiktok\/#primaryimage"},"thumbnailUrl":"https:\/\/povnomad.com\/wp-content\/uploads\/2026\/01\/China-eSIM.webp","datePublished":"2025-03-30T21:45:20+00:00","description":"eSIM para China Tiktok con 20 GB durante 30 d\u00edas. Activaci\u00f3n instant\u00e1nea mediante c\u00f3digo QR. Compatible con iPhone y Android. Sin gastos de itinerancia. Soporte en alem\u00e1n.","breadcrumb":{"@id":"https:\/\/povnomad.com\/es\/producto\/china-esim-esim-china-tiktok\/#breadcrumb"},"inLanguage":"es","potentialAction":[{"@type":"ReadAction","target":["https:\/\/povnomad.com\/es\/producto\/china-esim-esim-china-tiktok\/"]}]},{"@type":"ImageObject","inLanguage":"es","@id":"https:\/\/povnomad.com\/es\/producto\/china-esim-esim-china-tiktok\/#primaryimage","url":"https:\/\/povnomad.com\/wp-content\/uploads\/2026\/01\/China-eSIM.webp","contentUrl":"https:\/\/povnomad.com\/wp-content\/uploads\/2026\/01\/China-eSIM.webp","width":1200,"height":1200},{"@type":"BreadcrumbList","@id":"https:\/\/povnomad.com\/es\/producto\/china-esim-esim-china-tiktok\/#breadcrumb","itemListElement":[{"@type":"ListItem","position":1,"name":"P\u00e1gina de inicio","item":"https:\/\/povnomad.com\/es\/"},{"@type":"ListItem","position":2,"name":"Productos","item":"https:\/\/povnomad.com\/es\/shop\/"},{"@type":"ListItem","position":3,"name":"China eSIM &amp; eSIM China TikTok"}]},{"@type":"WebSite","@id":"https:\/\/povnomad.com\/es\/#website","url":"https:\/\/povnomad.com\/es\/","name":"povnomad eSIM - for travellers and nomad\u00b4s life","description":"eSIMs with \u2764\ufe0f  in Germany \ud83c\udde9\ud83c\uddea","publisher":{"@id":"https:\/\/povnomad.com\/es\/#organization"},"potentialAction":[{"@type":"SearchAction","target":{"@type":"EntryPoint","urlTemplate":"https:\/\/povnomad.com\/es\/?s={search_term_string}"},"query-input":{"@type":"PropertyValueSpecification","valueRequired":true,"valueName":"search_term_string"}}],"inLanguage":"es"},{"@type":"Organization","@id":"https:\/\/povnomad.com\/es\/#organization","name":"povnomad eSIM - for travellers and nomad\u00b4s life","url":"https:\/\/povnomad.com\/es\/","logo":{"@type":"ImageObject","inLanguage":"es","@id":"https:\/\/povnomad.com\/es\/#\/schema\/logo\/image\/","url":"https:\/\/povnomad.com\/wp-content\/uploads\/2026\/03\/cropped-POVNOMAD-LOGO-HQ-ohne-BG-mobile-webp.webp","contentUrl":"https:\/\/povnomad.com\/wp-content\/uploads\/2026\/03\/cropped-POVNOMAD-LOGO-HQ-ohne-BG-mobile-webp.webp","width":1291,"height":322,"caption":"povnomad eSIM - for travellers and nomad\u00b4s life"},"image":{"@id":"https:\/\/povnomad.com\/es\/#\/schema\/logo\/image\/"},"sameAs":["https:\/\/www.instagram.com\/povnomad_","https:\/\/tiktok.com\/@povnomad_"]}]}},"uagb_featured_image_src":{"full":["https:\/\/povnomad.com\/wp-content\/uploads\/2026\/01\/China-eSIM.webp",1200,1200,false],"thumbnail":["https:\/\/povnomad.com\/wp-content\/uploads\/2026\/01\/China-eSIM-150x150.webp",150,150,true],"medium":["https:\/\/povnomad.com\/wp-content\/uploads\/2026\/01\/China-eSIM-300x300.webp",300,300,true],"medium_large":["https:\/\/povnomad.com\/wp-content\/uploads\/2026\/01\/China-eSIM-768x768.webp",768,768,true],"large":["https:\/\/povnomad.com\/wp-content\/uploads\/2026\/01\/China-eSIM-1024x1024.webp",1024,1024,true],"1536x1536":["https:\/\/povnomad.com\/wp-content\/uploads\/2026\/01\/China-eSIM.webp",1200,1200,false],"2048x2048":["https:\/\/povnomad.com\/wp-content\/uploads\/2026\/01\/China-eSIM.webp",1200,1200,false],"woocommerce_thumbnail":["https:\/\/povnomad.com\/wp-content\/uploads\/2026\/01\/China-eSIM-300x300.webp",300,300,true],"woocommerce_single":["https:\/\/povnomad.com\/wp-content\/uploads\/2026\/01\/China-eSIM-300x300.webp",300,300,true],"woocommerce_gallery_thumbnail":["https:\/\/povnomad.com\/wp-content\/uploads\/2026\/01\/China-eSIM-100x100.webp",100,100,true],"variation_swatches_image_size":["https:\/\/povnomad.com\/wp-content\/uploads\/2026\/01\/China-eSIM-50x50.webp",50,50,true],"variation_swatches_tooltip_size":["https:\/\/povnomad.com\/wp-content\/uploads\/2026\/01\/China-eSIM-100x100.webp",100,100,true],"dgwt-wcas-product-suggestion":["https:\/\/povnomad.com\/wp-content\/uploads\/2026\/01\/China-eSIM-64x64.webp",64,64,true]},"uagb_author_info":{"display_name":"Daniel","author_link":"https:\/\/povnomad.com\/es\/author\/"},"uagb_comment_info":0,"uagb_excerpt":"eSIM para China \/ eSIM China Tiktok Funciona en todos los dispositivos desbloqueados compatibles con eSIM Entrega inmediata del c\u00f3digo QR Punto caliente divisible Velocidad completa LTE\/5G - sin ralentizaci\u00f3n","_links":{"self":[{"href":"https:\/\/povnomad.com\/es\/wp-json\/wp\/v2\/product\/5802","targetHints":{"allow":["GET"]}}],"collection":[{"href":"https:\/\/povnomad.com\/es\/wp-json\/wp\/v2\/product"}],"about":[{"href":"https:\/\/povnomad.com\/es\/wp-json\/wp\/v2\/types\/product"}],"replies":[{"embeddable":true,"href":"https:\/\/povnomad.com\/es\/wp-json\/wp\/v2\/comments?post=5802"}],"wp:featuredmedia":[{"embeddable":true,"href":"https:\/\/povnomad.com\/es\/wp-json\/wp\/v2\/media\/8898"}],"wp:attachment":[{"href":"https:\/\/povnomad.com\/es\/wp-json\/wp\/v2\/media?parent=5802"}],"wp:term":[{"taxonomy":"product_brand","embeddable":true,"href":"https:\/\/povnomad.com\/es\/wp-json\/wp\/v2\/product_brand?post=5802"},{"taxonomy":"product_cat","embeddable":true,"href":"https:\/\/povnomad.com\/es\/wp-json\/wp\/v2\/product_cat?post=5802"},{"taxonomy":"product_tag","embeddable":true,"href":"https:\/\/povnomad.com\/es\/wp-json\/wp\/v2\/product_tag?post=5802"}],"curies":[{"name":"wp","href":"https:\/\/api.w.org\/{rel}","templated":true}]}}