{"id":5754,"date":"2025-03-30T23:45:34","date_gmt":"2025-03-30T21:45:34","guid":{"rendered":"https:\/\/povnomad.com\/product\/tailandia-esim-esim-tailandia-tiktok\/"},"modified":"2026-01-27T09:40:54","modified_gmt":"2026-01-27T07:40:54","slug":"tailandia-esim-esim-tailandia-tiktok","status":"publish","type":"product","link":"https:\/\/povnomad.com\/es\/producto\/tailandia-esim-esim-tailandia-tiktok\/","title":{"rendered":"eSIM Tailandia &amp; eSIM Tailandia Premium (SG)"},"content":{"rendered":"<h3>\ud83c\udf0d eSIM Tailandia - puede activarse inmediatamente y sin gastos de itinerancia<\/h3>\n<p>Mantente conectado en <strong>Tailandia<\/strong>: con la <strong>eSIM<\/strong> digital <strong>POVNOMAD<\/strong>.<br \/>\nS\u00f3lo tienes que escanear el c\u00f3digo QR, activarlo y navegar por la <strong>red AIS &amp; TrueMove 4G\/5G<\/strong> inmediatamente despu\u00e9s de aterrizar.<br \/>\nPerfecto para Bangkok, ir de isla en isla (Phuket, Koh Samui, Koh Phangan) o el norte de Tailandia (Chiang Mai, Pai).<\/p>\n<h4>\ud83e\udd14 \u00bfQu\u00e9 eSIM debo elegir?<\/h4>\n<p>Ofrecemos dos variantes: elige seg\u00fan tus necesidades:<\/p>\n<ul>\n<li><strong>\ud83d\udc49 Con IP de Hong Kong<\/strong> (m\u00e1s barata): La mayor\u00eda de las aplicaciones occidentales funcionan sin VPN (Google, WhatsApp, Instagram, YouTube).<br \/>\n<em>Restricci\u00f3n<\/em>: <strong><i>TikTok funciona con HK-IP de forma limitada o no funciona en absoluto<\/i><\/strong> (versi\u00f3n internacional).<\/li>\n<li><strong>\ud83d\udc49 Con IP de Singapur<\/strong> (Premium \u00abSG Location - TikTok ready\u00bb): Internet gratis, tu tr\u00e1fico parece de Singapur.<br \/>\nGeneralmente tambi\u00e9n funciona con servicios que se conectan con HK-IP:<br \/>\n<strong>TikTok<\/strong> (versi\u00f3n internacional, ~90 % de probabilidad, casi siempre sin problemas con el iPhone),<br \/>\n<strong>Streaming<\/strong> (Netflix, Disney+, HBO Max, Hulu),<br \/>\n<strong>Noticias del Oeste<\/strong> y <strong>Banca\/PayPal<\/strong> con Geo-Checks.<\/li>\n<\/ul>\n<h4>\ud83e\uddea Nuestra experiencia POVNOMAD<\/h4>\n<ul>\n<li><strong>HK-IP:<\/strong> aprox. <strong>el 85 %<\/strong> de todas las apps\/sitios web son estables.<\/li>\n<li><strong>SG-IP:<\/strong> aprox. <strong>90-100 %<\/strong> (a menudo m\u00e1s fiable en iPhone que en Android).<\/li>\n<li><strong>Caracter\u00edstica especial de TikTok:<\/strong> La aplicaci\u00f3n lee las se\u00f1ales de SIM\/dispositivo, entre otras cosas, lo que no est\u00e1 garantizado en todos los dispositivos.<br \/>\nLa <strong>variante SG (\u00abTikTok ready\u00bb)<\/strong> es actualmente la mejor opci\u00f3n.<\/li>\n<\/ul>\n<p><strong>Nota importante:<\/strong> S\u00f3lo garantizamos la <strong>ubicaci\u00f3n IP (Hong Kong o Singapur)<\/strong> de la eSIM.<br \/>\nQu\u00e9 aplicaciones\/servicios funcionan realmente puede variar. Si algunos servicios son cr\u00edticos, prueba primero un <strong>paquete inicial de SG peque\u00f1o (por ejemplo, 3 GB)<\/strong>. Se excluye la devoluci\u00f3n despu\u00e9s del uso.<\/p>\n<h4>\ud83d\ude80 Ventajas<\/h4>\n<ul>\n<li>Puede activarse inmediatamente, sin necesidad de SIM f\u00edsica<\/li>\n<li>Sin gastos de itinerancia ni costes ocultos<\/li>\n<li>Datos de alta velocidad (4G\/5G, donde est\u00e9 disponible)<\/li>\n<li>Hotspot utilizable - ideal para port\u00e1til y tablet<\/li>\n<li>Se puede activar hasta 180 d\u00edas despu\u00e9s de la compra<\/li>\n<\/ul>\n<p>\u27a1\ufe0f <strong>Puedes encontrar m\u00e1s informaci\u00f3n sobre la eSIM Tailandia a continuaci\u00f3n<\/strong><br \/>\no preg\u00fantanos tus dudas directamente a trav\u00e9s de <a href=\"https:\/\/wa.me\/491605741177?text=Hallo%20POVNOMAD%2C%20ich%20habe%20eine%20Frage%20zur%20Thailand%20eSIM\" target=\"_blank\" rel=\"noopener noreferrer\">\ud83d\udcac nuestro servicio de atenci\u00f3n al cliente por WhatsApp<\/a>.<\/p>\n<hr>\n<h4>\ud83e\udde9 Funciones<\/h4>\n<p><strong>Utilizar en:<\/strong> \ud83c\uddf9\ud83c\udded Tailandia eSIM<br \/>\n<strong>Posibilidad de carga:<\/strong> S\u00ed<br \/>\n<strong>S\u00f3lo datos:<\/strong> S\u00ed<br \/>\n<strong>SMS:<\/strong> No<br \/>\n<strong>Llamadas:<\/strong> No (s\u00f3lo a trav\u00e9s de apps\/VOIP)<\/p>\n<h4>\ud83d\udcf1 Compatibilidad<\/h4>\n<p><a href=\"https:\/\/www.gsmarena.com\/results.php3?sSIMTypes=4\" target=\"_blank\" rel=\"noopener noreferrer\">Comprueba la compatibilidad<\/a><\/p>\n<h4>\u2699\ufe0f Datos t\u00e9cnicos<\/h4>\n<p><strong>Activaci\u00f3n posible hasta:<\/strong> 180 d\u00edas despu\u00e9s de la compra<br \/>\n<strong>Pa\u00eds de origen de los datos (IP):<\/strong> Hong Kong \/ Singapur (dependiendo de la eSIM seleccionada)<br \/>\n<strong>Hotspot:<\/strong> S\u00ed<br \/>\n<strong>Reducci\u00f3n de velocidad:<\/strong> No<br \/>\n<strong>Portada:<\/strong> TH<br \/>\n<strong>Redes:<\/strong> AIS 5G, TrueMove 5G - <a href=\"https:\/\/www.nperf.com\/de\/map\/TH\/-\/-\/signal?ll=15.0&amp;lg=101.0&amp;zoom=5#\" target=\"_blank\" rel=\"noopener noreferrer\">Comprueba la cobertura de red aqu\u00ed<\/a><br \/>\n<strong>Pa\u00edses admitidos:<\/strong> Tailandia<\/p>\n","protected":false},"excerpt":{"rendered":"<ul>\n<li><strong>eSIM Tailandia<\/strong> - puede activarse inmediatamente y sin costes de itinerancia<\/li>\n<li>Elecci\u00f3n de <strong>IP de Hong Kong<\/strong> (favorable) o <strong>IP de Singapur<\/strong> (\u00abTikTok ready\u00bb)<\/li>\n<li>C\u00f3digo QR por correo electr\u00f3nico - se puede utilizar en segundos<\/li>\n<li>Hotspot 4G\/5G de alta velocidad compartible (donde est\u00e9 disponible)<\/li>\n<\/ul>\n","protected":false},"featured_media":8917,"comment_status":"open","ping_status":"closed","template":"","meta":{"inline_featured_image":false,"_uag_custom_page_level_css":"","site-sidebar-layout":"default","site-content-layout":"","ast-site-content-layout":"default","site-content-style":"default","site-sidebar-style":"default","ast-global-header-display":"","ast-banner-title-visibility":"","ast-main-header-display":"","ast-hfb-above-header-display":"","ast-hfb-below-header-display":"","ast-hfb-mobile-header-display":"","site-post-title":"","ast-breadcrumbs-content":"","ast-featured-img":"","footer-sml-layout":"","theme-transparent-header-meta":"default","adv-header-id-meta":"","stick-header-meta":"","header-above-stick-meta":"","header-main-stick-meta":"","header-below-stick-meta":"","astra-migrate-meta-layouts":"default","ast-page-background-enabled":"default","ast-page-background-meta":{"desktop":{"background-color":"","background-image":"","background-repeat":"repeat","background-position":"center center","background-size":"auto","background-attachment":"scroll","background-type":"","background-media":"","overlay-type":"","overlay-color":"","overlay-opacity":"","overlay-gradient":""},"tablet":{"background-color":"","background-image":"","background-repeat":"repeat","background-position":"center center","background-size":"auto","background-attachment":"scroll","background-type":"","background-media":"","overlay-type":"","overlay-color":"","overlay-opacity":"","overlay-gradient":""},"mobile":{"background-color":"","background-image":"","background-repeat":"repeat","background-position":"center center","background-size":"auto","background-attachment":"scroll","background-type":"","background-media":"","overlay-type":"","overlay-color":"","overlay-opacity":"","overlay-gradient":""}},"ast-content-background-meta":{"desktop":{"background-color":"var(--ast-global-color-5)","background-image":"","background-repeat":"repeat","background-position":"center center","background-size":"auto","background-attachment":"scroll","background-type":"","background-media":"","overlay-type":"","overlay-color":"","overlay-opacity":"","overlay-gradient":""},"tablet":{"background-color":"var(--ast-global-color-5)","background-image":"","background-repeat":"repeat","background-position":"center center","background-size":"auto","background-attachment":"scroll","background-type":"","background-media":"","overlay-type":"","overlay-color":"","overlay-opacity":"","overlay-gradient":""},"mobile":{"background-color":"var(--ast-global-color-5)","background-image":"","background-repeat":"repeat","background-position":"center center","background-size":"auto","background-attachment":"scroll","background-type":"","background-media":"","overlay-type":"","overlay-color":"","overlay-opacity":"","overlay-gradient":""}}},"product_brand":[4288],"product_cat":[3430,3295,3296,3431],"product_tag":[3331,3297,3432,3433],"class_list":{"0":"post-5754","1":"product","2":"type-product","3":"status-publish","4":"has-post-thumbnail","6":"product_brand-povnomad-esim","7":"product_cat-asia","8":"product_cat-esim","9":"product_cat-individual","10":"product_cat-sudeste-asiatico","11":"product_tag-asia","12":"product_tag-esim","13":"product_tag-sudeste-asiatico","14":"product_tag-tailandia","15":"desktop-align-left","16":"tablet-align-left","17":"mobile-align-left","19":"first","20":"instock","21":"taxable","22":"shipping-taxable","23":"purchasable","24":"product-type-variable","25":"has-default-attributes"},"yoast_head":"<!-- This site is optimized with the Yoast SEO plugin v27.4 - https:\/\/yoast.com\/product\/yoast-seo-wordpress\/ -->\n<title>eSIM Tailandia &amp; eSIM Tailandia Premium (SG) - POVNOMAD eSIM - for travellers and nomad\u00b4s life<\/title>\n<meta name=\"description\" content=\"SIM digital Tailandia eSIM con 20 GB LTE y 5G, v\u00e1lida durante 30 d\u00edas. Sin itinerancia, inmediatamente por correo electr\u00f3nico. Compatible con iOS y Android. Asistencia r\u00e1pida.\" \/>\n<meta name=\"robots\" content=\"index, follow, max-snippet:-1, max-image-preview:large, max-video-preview:-1\" \/>\n<link rel=\"canonical\" href=\"https:\/\/povnomad.com\/es\/producto\/tailandia-esim-esim-tailandia-tiktok\/\" \/>\n<meta property=\"og:locale\" content=\"es_ES\" \/>\n<meta property=\"og:type\" content=\"article\" \/>\n<meta property=\"og:title\" content=\"eSIM Tailandia &amp; eSIM Tailandia Premium (SG) - POVNOMAD eSIM - for travellers and nomad\u00b4s life\" \/>\n<meta property=\"og:description\" content=\"SIM digital Tailandia eSIM con 20 GB LTE y 5G, v\u00e1lida durante 30 d\u00edas. Sin itinerancia, inmediatamente por correo electr\u00f3nico. Compatible con iOS y Android. Asistencia r\u00e1pida.\" \/>\n<meta property=\"og:url\" content=\"https:\/\/povnomad.com\/es\/producto\/tailandia-esim-esim-tailandia-tiktok\/\" \/>\n<meta property=\"og:site_name\" content=\"POVNOMAD eSIM - for travellers and nomad\u00b4s life\" \/>\n<meta property=\"article:modified_time\" content=\"2026-01-27T07:40:54+00:00\" \/>\n<meta property=\"og:image\" content=\"https:\/\/povnomad.com\/wp-content\/uploads\/2025\/03\/flags2Fpng2F5122Fth.png\" \/>\n\t<meta property=\"og:image:width\" content=\"512\" \/>\n\t<meta property=\"og:image:height\" content=\"512\" \/>\n\t<meta property=\"og:image:type\" content=\"image\/png\" \/>\n<meta name=\"twitter:card\" content=\"summary_large_image\" \/>\n<meta name=\"twitter:label1\" content=\"Tiempo de lectura\" \/>\n\t<meta name=\"twitter:data1\" content=\"2 minutos\" \/>\n<script type=\"application\/ld+json\" class=\"yoast-schema-graph\">{\"@context\":\"https:\\\/\\\/schema.org\",\"@graph\":[{\"@type\":\"WebPage\",\"@id\":\"https:\\\/\\\/povnomad.com\\\/es\\\/producto\\\/tailandia-esim-esim-tailandia-tiktok\\\/\",\"url\":\"https:\\\/\\\/povnomad.com\\\/es\\\/producto\\\/tailandia-esim-esim-tailandia-tiktok\\\/\",\"name\":\"eSIM Tailandia &amp; eSIM Tailandia Premium (SG) - POVNOMAD eSIM - for travellers and nomad\u00b4s life\",\"isPartOf\":{\"@id\":\"https:\\\/\\\/povnomad.com\\\/es\\\/#website\"},\"primaryImageOfPage\":{\"@id\":\"https:\\\/\\\/povnomad.com\\\/es\\\/producto\\\/tailandia-esim-esim-tailandia-tiktok\\\/#primaryimage\"},\"image\":{\"@id\":\"https:\\\/\\\/povnomad.com\\\/es\\\/producto\\\/tailandia-esim-esim-tailandia-tiktok\\\/#primaryimage\"},\"thumbnailUrl\":\"https:\\\/\\\/povnomad.com\\\/wp-content\\\/uploads\\\/2026\\\/01\\\/Thailand-eSIM.webp\",\"datePublished\":\"2025-03-30T21:45:34+00:00\",\"dateModified\":\"2026-01-27T07:40:54+00:00\",\"description\":\"SIM digital Tailandia eSIM con 20 GB LTE y 5G, v\u00e1lida durante 30 d\u00edas. Sin itinerancia, inmediatamente por correo electr\u00f3nico. Compatible con iOS y Android. Asistencia r\u00e1pida.\",\"breadcrumb\":{\"@id\":\"https:\\\/\\\/povnomad.com\\\/es\\\/producto\\\/tailandia-esim-esim-tailandia-tiktok\\\/#breadcrumb\"},\"inLanguage\":\"es\",\"potentialAction\":[{\"@type\":\"ReadAction\",\"target\":[\"https:\\\/\\\/povnomad.com\\\/es\\\/producto\\\/tailandia-esim-esim-tailandia-tiktok\\\/\"]}]},{\"@type\":\"ImageObject\",\"inLanguage\":\"es\",\"@id\":\"https:\\\/\\\/povnomad.com\\\/es\\\/producto\\\/tailandia-esim-esim-tailandia-tiktok\\\/#primaryimage\",\"url\":\"https:\\\/\\\/povnomad.com\\\/wp-content\\\/uploads\\\/2026\\\/01\\\/Thailand-eSIM.webp\",\"contentUrl\":\"https:\\\/\\\/povnomad.com\\\/wp-content\\\/uploads\\\/2026\\\/01\\\/Thailand-eSIM.webp\",\"width\":1200,\"height\":1200},{\"@type\":\"BreadcrumbList\",\"@id\":\"https:\\\/\\\/povnomad.com\\\/es\\\/producto\\\/tailandia-esim-esim-tailandia-tiktok\\\/#breadcrumb\",\"itemListElement\":[{\"@type\":\"ListItem\",\"position\":1,\"name\":\"P\u00e1gina de inicio\",\"item\":\"https:\\\/\\\/povnomad.com\\\/es\\\/\"},{\"@type\":\"ListItem\",\"position\":2,\"name\":\"Productos\",\"item\":\"https:\\\/\\\/povnomad.com\\\/es\\\/shop\\\/\"},{\"@type\":\"ListItem\",\"position\":3,\"name\":\"eSIM Tailandia &amp; eSIM Tailandia Premium (SG)\"}]},{\"@type\":\"WebSite\",\"@id\":\"https:\\\/\\\/povnomad.com\\\/es\\\/#website\",\"url\":\"https:\\\/\\\/povnomad.com\\\/es\\\/\",\"name\":\"povnomad eSIM - for travellers and nomad\u00b4s life\",\"description\":\"eSIMs with \u2764\ufe0f  in Germany \ud83c\udde9\ud83c\uddea\",\"publisher\":{\"@id\":\"https:\\\/\\\/povnomad.com\\\/es\\\/#organization\"},\"potentialAction\":[{\"@type\":\"SearchAction\",\"target\":{\"@type\":\"EntryPoint\",\"urlTemplate\":\"https:\\\/\\\/povnomad.com\\\/es\\\/?s={search_term_string}\"},\"query-input\":{\"@type\":\"PropertyValueSpecification\",\"valueRequired\":true,\"valueName\":\"search_term_string\"}}],\"inLanguage\":\"es\"},{\"@type\":\"Organization\",\"@id\":\"https:\\\/\\\/povnomad.com\\\/es\\\/#organization\",\"name\":\"povnomad eSIM - for travellers and nomad\u00b4s life\",\"url\":\"https:\\\/\\\/povnomad.com\\\/es\\\/\",\"logo\":{\"@type\":\"ImageObject\",\"inLanguage\":\"es\",\"@id\":\"https:\\\/\\\/povnomad.com\\\/es\\\/#\\\/schema\\\/logo\\\/image\\\/\",\"url\":\"https:\\\/\\\/povnomad.com\\\/wp-content\\\/uploads\\\/2026\\\/03\\\/cropped-POVNOMAD-LOGO-HQ-ohne-BG-mobile-webp.webp\",\"contentUrl\":\"https:\\\/\\\/povnomad.com\\\/wp-content\\\/uploads\\\/2026\\\/03\\\/cropped-POVNOMAD-LOGO-HQ-ohne-BG-mobile-webp.webp\",\"width\":1291,\"height\":322,\"caption\":\"povnomad eSIM - for travellers and nomad\u00b4s life\"},\"image\":{\"@id\":\"https:\\\/\\\/povnomad.com\\\/es\\\/#\\\/schema\\\/logo\\\/image\\\/\"},\"sameAs\":[\"https:\\\/\\\/www.instagram.com\\\/povnomad_\",\"https:\\\/\\\/tiktok.com\\\/@povnomad_\"]}]}<\/script>\n<!-- \/ Yoast SEO plugin. -->","yoast_head_json":{"title":"eSIM Tailandia &amp; eSIM Tailandia Premium (SG) - POVNOMAD eSIM - for travellers and nomad\u00b4s life","description":"SIM digital Tailandia eSIM con 20 GB LTE y 5G, v\u00e1lida durante 30 d\u00edas. Sin itinerancia, inmediatamente por correo electr\u00f3nico. Compatible con iOS y Android. Asistencia r\u00e1pida.","robots":{"index":"index","follow":"follow","max-snippet":"max-snippet:-1","max-image-preview":"max-image-preview:large","max-video-preview":"max-video-preview:-1"},"canonical":"https:\/\/povnomad.com\/es\/producto\/tailandia-esim-esim-tailandia-tiktok\/","og_locale":"es_ES","og_type":"article","og_title":"eSIM Tailandia &amp; eSIM Tailandia Premium (SG) - POVNOMAD eSIM - for travellers and nomad\u00b4s life","og_description":"SIM digital Tailandia eSIM con 20 GB LTE y 5G, v\u00e1lida durante 30 d\u00edas. Sin itinerancia, inmediatamente por correo electr\u00f3nico. Compatible con iOS y Android. Asistencia r\u00e1pida.","og_url":"https:\/\/povnomad.com\/es\/producto\/tailandia-esim-esim-tailandia-tiktok\/","og_site_name":"POVNOMAD eSIM - for travellers and nomad\u00b4s life","article_modified_time":"2026-01-27T07:40:54+00:00","og_image":[{"width":512,"height":512,"url":"https:\/\/povnomad.com\/wp-content\/uploads\/2025\/03\/flags2Fpng2F5122Fth.png","type":"image\/png"}],"twitter_card":"summary_large_image","twitter_misc":{"Tiempo de lectura":"2 minutos"},"schema":{"@context":"https:\/\/schema.org","@graph":[{"@type":"WebPage","@id":"https:\/\/povnomad.com\/es\/producto\/tailandia-esim-esim-tailandia-tiktok\/","url":"https:\/\/povnomad.com\/es\/producto\/tailandia-esim-esim-tailandia-tiktok\/","name":"eSIM Tailandia &amp; eSIM Tailandia Premium (SG) - POVNOMAD eSIM - for travellers and nomad\u00b4s life","isPartOf":{"@id":"https:\/\/povnomad.com\/es\/#website"},"primaryImageOfPage":{"@id":"https:\/\/povnomad.com\/es\/producto\/tailandia-esim-esim-tailandia-tiktok\/#primaryimage"},"image":{"@id":"https:\/\/povnomad.com\/es\/producto\/tailandia-esim-esim-tailandia-tiktok\/#primaryimage"},"thumbnailUrl":"https:\/\/povnomad.com\/wp-content\/uploads\/2026\/01\/Thailand-eSIM.webp","datePublished":"2025-03-30T21:45:34+00:00","dateModified":"2026-01-27T07:40:54+00:00","description":"SIM digital Tailandia eSIM con 20 GB LTE y 5G, v\u00e1lida durante 30 d\u00edas. Sin itinerancia, inmediatamente por correo electr\u00f3nico. Compatible con iOS y Android. Asistencia r\u00e1pida.","breadcrumb":{"@id":"https:\/\/povnomad.com\/es\/producto\/tailandia-esim-esim-tailandia-tiktok\/#breadcrumb"},"inLanguage":"es","potentialAction":[{"@type":"ReadAction","target":["https:\/\/povnomad.com\/es\/producto\/tailandia-esim-esim-tailandia-tiktok\/"]}]},{"@type":"ImageObject","inLanguage":"es","@id":"https:\/\/povnomad.com\/es\/producto\/tailandia-esim-esim-tailandia-tiktok\/#primaryimage","url":"https:\/\/povnomad.com\/wp-content\/uploads\/2026\/01\/Thailand-eSIM.webp","contentUrl":"https:\/\/povnomad.com\/wp-content\/uploads\/2026\/01\/Thailand-eSIM.webp","width":1200,"height":1200},{"@type":"BreadcrumbList","@id":"https:\/\/povnomad.com\/es\/producto\/tailandia-esim-esim-tailandia-tiktok\/#breadcrumb","itemListElement":[{"@type":"ListItem","position":1,"name":"P\u00e1gina de inicio","item":"https:\/\/povnomad.com\/es\/"},{"@type":"ListItem","position":2,"name":"Productos","item":"https:\/\/povnomad.com\/es\/shop\/"},{"@type":"ListItem","position":3,"name":"eSIM Tailandia &amp; eSIM Tailandia Premium (SG)"}]},{"@type":"WebSite","@id":"https:\/\/povnomad.com\/es\/#website","url":"https:\/\/povnomad.com\/es\/","name":"povnomad eSIM - for travellers and nomad\u00b4s life","description":"eSIMs with \u2764\ufe0f  in Germany \ud83c\udde9\ud83c\uddea","publisher":{"@id":"https:\/\/povnomad.com\/es\/#organization"},"potentialAction":[{"@type":"SearchAction","target":{"@type":"EntryPoint","urlTemplate":"https:\/\/povnomad.com\/es\/?s={search_term_string}"},"query-input":{"@type":"PropertyValueSpecification","valueRequired":true,"valueName":"search_term_string"}}],"inLanguage":"es"},{"@type":"Organization","@id":"https:\/\/povnomad.com\/es\/#organization","name":"povnomad eSIM - for travellers and nomad\u00b4s life","url":"https:\/\/povnomad.com\/es\/","logo":{"@type":"ImageObject","inLanguage":"es","@id":"https:\/\/povnomad.com\/es\/#\/schema\/logo\/image\/","url":"https:\/\/povnomad.com\/wp-content\/uploads\/2026\/03\/cropped-POVNOMAD-LOGO-HQ-ohne-BG-mobile-webp.webp","contentUrl":"https:\/\/povnomad.com\/wp-content\/uploads\/2026\/03\/cropped-POVNOMAD-LOGO-HQ-ohne-BG-mobile-webp.webp","width":1291,"height":322,"caption":"povnomad eSIM - for travellers and nomad\u00b4s life"},"image":{"@id":"https:\/\/povnomad.com\/es\/#\/schema\/logo\/image\/"},"sameAs":["https:\/\/www.instagram.com\/povnomad_","https:\/\/tiktok.com\/@povnomad_"]}]}},"uagb_featured_image_src":{"full":["https:\/\/povnomad.com\/wp-content\/uploads\/2026\/01\/Thailand-eSIM.webp",1200,1200,false],"thumbnail":["https:\/\/povnomad.com\/wp-content\/uploads\/2026\/01\/Thailand-eSIM-150x150.webp",150,150,true],"medium":["https:\/\/povnomad.com\/wp-content\/uploads\/2026\/01\/Thailand-eSIM-300x300.webp",300,300,true],"medium_large":["https:\/\/povnomad.com\/wp-content\/uploads\/2026\/01\/Thailand-eSIM-768x768.webp",768,768,true],"large":["https:\/\/povnomad.com\/wp-content\/uploads\/2026\/01\/Thailand-eSIM-1024x1024.webp",1024,1024,true],"1536x1536":["https:\/\/povnomad.com\/wp-content\/uploads\/2026\/01\/Thailand-eSIM.webp",1200,1200,false],"2048x2048":["https:\/\/povnomad.com\/wp-content\/uploads\/2026\/01\/Thailand-eSIM.webp",1200,1200,false],"woocommerce_thumbnail":["https:\/\/povnomad.com\/wp-content\/uploads\/2026\/01\/Thailand-eSIM-300x300.webp",300,300,true],"woocommerce_single":["https:\/\/povnomad.com\/wp-content\/uploads\/2026\/01\/Thailand-eSIM-300x300.webp",300,300,true],"woocommerce_gallery_thumbnail":["https:\/\/povnomad.com\/wp-content\/uploads\/2026\/01\/Thailand-eSIM-100x100.webp",100,100,true],"variation_swatches_image_size":["https:\/\/povnomad.com\/wp-content\/uploads\/2026\/01\/Thailand-eSIM-50x50.webp",50,50,true],"variation_swatches_tooltip_size":["https:\/\/povnomad.com\/wp-content\/uploads\/2026\/01\/Thailand-eSIM-100x100.webp",100,100,true],"dgwt-wcas-product-suggestion":["https:\/\/povnomad.com\/wp-content\/uploads\/2026\/01\/Thailand-eSIM-64x64.webp",64,64,true]},"uagb_author_info":{"display_name":"Daniel","author_link":"https:\/\/povnomad.com\/es\/author\/"},"uagb_comment_info":0,"uagb_excerpt":"eSIM Tailandia - puede activarse inmediatamente y sin costes de itinerancia Elecci\u00f3n de IP de Hong Kong (favorable) o IP de Singapur (\"TikTok ready\") C\u00f3digo QR por correo electr\u00f3nico - se puede utilizar en segundos Hotspot 4G\/5G de alta velocidad compartible (donde est\u00e9 disponible)","_links":{"self":[{"href":"https:\/\/povnomad.com\/es\/wp-json\/wp\/v2\/product\/5754","targetHints":{"allow":["GET"]}}],"collection":[{"href":"https:\/\/povnomad.com\/es\/wp-json\/wp\/v2\/product"}],"about":[{"href":"https:\/\/povnomad.com\/es\/wp-json\/wp\/v2\/types\/product"}],"replies":[{"embeddable":true,"href":"https:\/\/povnomad.com\/es\/wp-json\/wp\/v2\/comments?post=5754"}],"wp:featuredmedia":[{"embeddable":true,"href":"https:\/\/povnomad.com\/es\/wp-json\/wp\/v2\/media\/8917"}],"wp:attachment":[{"href":"https:\/\/povnomad.com\/es\/wp-json\/wp\/v2\/media?parent=5754"}],"wp:term":[{"taxonomy":"product_brand","embeddable":true,"href":"https:\/\/povnomad.com\/es\/wp-json\/wp\/v2\/product_brand?post=5754"},{"taxonomy":"product_cat","embeddable":true,"href":"https:\/\/povnomad.com\/es\/wp-json\/wp\/v2\/product_cat?post=5754"},{"taxonomy":"product_tag","embeddable":true,"href":"https:\/\/povnomad.com\/es\/wp-json\/wp\/v2\/product_tag?post=5754"}],"curies":[{"name":"wp","href":"https:\/\/api.w.org\/{rel}","templated":true}]}}