{"id":5638,"date":"2025-08-18T17:05:58","date_gmt":"2025-08-18T15:05:58","guid":{"rendered":"https:\/\/povnomad.com\/product\/recarga-de-esim-recarga-paises-seleccionados\/"},"modified":"2025-08-18T17:05:58","modified_gmt":"2025-08-18T15:05:58","slug":"recarga-de-esim-recarga-paises-seleccionados","status":"publish","type":"product","link":"https:\/\/povnomad.com\/es\/producto\/recarga-de-esim-recarga-paises-seleccionados\/","title":{"rendered":"Recarga de eSIM (recarga) [pa\u00edses seleccionados]."},"content":{"rendered":"<div class=\"drei-box-layout\">\n<div class=\"box box-features\">\n<h2>\u00a1Recarga tu eSIM actual! (ver lista) <\/h2>\n<h2>\u00a1Ahorra hasta un 15% en comparaci\u00f3n con la compra de un producto nuevo!<\/h2>\n<p>A\u00f1ade tu n\u00famero de pedido antiguo en el campo de comentarios de la cesta de la compra y, si procede, qu\u00e9 eSIM hay que recargar (si se compraron varias). <\/p>\n<ul>\n<li class=\"feature-item\" data-feature=\"use-in\"><strong>Pa\u00edses con recarga eSIM admitida:<\/strong><\/li>\n<li class=\"feature-item\" data-feature=\"use-in\"><em><strong>Asia:<\/strong><\/em> -&gt; China, Indonesia, Jap\u00f3n, Malasia, Singapur, Corea del Sur, Tailandia y Turqu\u00eda,<\/li>\n<li data-feature=\"use-in\"><em><strong>Europa: -&gt; <\/strong><\/em>Alemania, Austria, B\u00e9lgica, Bulgaria, Chipre, Croacia, Dinamarca, Eslovaquia, Eslovenia, Espa\u00f1a, Estonia, Finlandia, Francia, Grecia, Hungr\u00eda, Irlanda, Islandia, Italia, Letonia, Lituania, Luxemburgo, Malta, Pa\u00edses Bajos, Polonia, Portugal, Reino Unido, Rep\u00fablica Checa, Ruman\u00eda, Suecia, Suiza, Ucrania, Islas \u00c5land, Isla de Man, Jersey, Rusia, Guernesey, Liechtenstein, Macedonia del Norte, Noruega, Serbia, Gibraltar, Turqu\u00eda.<\/li>\n<li data-feature=\"use-in\"><em><strong>Norteam\u00e9rica:<\/strong><\/em> Estados Unidos (USA)<\/li>\n<li data-feature=\"use-in\"><em><strong>Ocean\u00eda: <\/strong><\/em>Australia, Nueva Zelanda<\/li>\n<li data-feature=\"use-in\"><em><strong>Para m\u00e1s pa\u00edses de recarga de eSIM, \u00a1contacta con nosotros por correo!<\/strong><\/em><\/li>\n<\/ul>\n<\/div>\n<div class=\"box box-description\">\n<h2>Descripci\u00f3n de la<\/h2>\n<p>Elige entre 1 GB, 3 GB y 5 GB para recargar tu tarifa eSIM actual. Y disfruta de datos de alta velocidad sin cargos ocultos por itinerancia. <\/p>\n<p class=\"more-description\">Se trata de una recarga de tu eSIM ya emitida, no de una nueva eSIM.<\/p>\n<p><strong><em>Ten en cuenta que nuestros operadores de red asociados en el extranjero necesitan hasta 24 horas para ver la recarga en su sistema. Esto significa que para una transici\u00f3n sin problemas de tu volumen de datos restante y la recarga, lo ideal es pedir el paquete con 24 horas de antelaci\u00f3n. <\/em><\/strong><\/p>\n<\/div>\n<div class=\"box box-technical-specs\">\n<h2>Datos t\u00e9cnicos<\/h2>\n<ul>\n<li class=\"feature-item\" data-feature=\"data-only\"><strong>S\u00f3lo datos:<\/strong> S\u00ed<\/li>\n<li class=\"feature-item\" data-feature=\"sms\"><strong>SMS:<\/strong> No<\/li>\n<li class=\"feature-item\" data-feature=\"calls\"><strong>Llamadas:<\/strong> No, s\u00f3lo a trav\u00e9s de aplicaciones (VOIP)<\/li>\n<li class=\"feature-item\" data-feature=\"compatibility\"><strong>Compatibilidad:<\/strong><br \/>\n<a href=\"https:\/\/www.gsmarena.com\/results.php3?sSIMTypes=4\">Comprueba la compatibilidad<\/a><\/li>\n<\/ul>\n<\/div>\n<\/div>\n","protected":false},"excerpt":{"rendered":"<ul>\n<li>Recarga eSIM<\/li>\n<li>A\u00f1ade el n\u00famero de pedido anterior, el enlace de instalaci\u00f3n o el ICCID en el campo de comentarios al pagar<\/li>\n<li>Carga en pocas horas<\/li>\n<li>Punto caliente divisible<\/li>\n<li>Velocidad completa LTE\/5G - sin ralentizaci\u00f3n<\/li>\n<\/ul>\n","protected":false},"featured_media":5644,"comment_status":"open","ping_status":"closed","template":"","meta":{"inline_featured_image":false,"_uag_custom_page_level_css":"","site-sidebar-layout":"default","site-content-layout":"","ast-site-content-layout":"default","site-content-style":"default","site-sidebar-style":"default","ast-global-header-display":"","ast-banner-title-visibility":"","ast-main-header-display":"","ast-hfb-above-header-display":"","ast-hfb-below-header-display":"","ast-hfb-mobile-header-display":"","site-post-title":"","ast-breadcrumbs-content":"","ast-featured-img":"","footer-sml-layout":"","theme-transparent-header-meta":"default","adv-header-id-meta":"","stick-header-meta":"","header-above-stick-meta":"","header-main-stick-meta":"","header-below-stick-meta":"","astra-migrate-meta-layouts":"default","ast-page-background-enabled":"default","ast-page-background-meta":{"desktop":{"background-color":"","background-image":"","background-repeat":"repeat","background-position":"center center","background-size":"auto","background-attachment":"scroll","background-type":"","background-media":"","overlay-type":"","overlay-color":"","overlay-opacity":"","overlay-gradient":""},"tablet":{"background-color":"","background-image":"","background-repeat":"repeat","background-position":"center center","background-size":"auto","background-attachment":"scroll","background-type":"","background-media":"","overlay-type":"","overlay-color":"","overlay-opacity":"","overlay-gradient":""},"mobile":{"background-color":"","background-image":"","background-repeat":"repeat","background-position":"center center","background-size":"auto","background-attachment":"scroll","background-type":"","background-media":"","overlay-type":"","overlay-color":"","overlay-opacity":"","overlay-gradient":""}},"ast-content-background-meta":{"desktop":{"background-color":"var(--ast-global-color-5)","background-image":"","background-repeat":"repeat","background-position":"center center","background-size":"auto","background-attachment":"scroll","background-type":"","background-media":"","overlay-type":"","overlay-color":"","overlay-opacity":"","overlay-gradient":""},"tablet":{"background-color":"var(--ast-global-color-5)","background-image":"","background-repeat":"repeat","background-position":"center center","background-size":"auto","background-attachment":"scroll","background-type":"","background-media":"","overlay-type":"","overlay-color":"","overlay-opacity":"","overlay-gradient":""},"mobile":{"background-color":"var(--ast-global-color-5)","background-image":"","background-repeat":"repeat","background-position":"center center","background-size":"auto","background-attachment":"scroll","background-type":"","background-media":"","overlay-type":"","overlay-color":"","overlay-opacity":"","overlay-gradient":""}}},"product_brand":[4288],"product_cat":[3295,3296],"product_tag":[3297],"class_list":{"0":"post-5638","1":"product","2":"type-product","3":"status-publish","4":"has-post-thumbnail","6":"product_brand-povnomad-esim","7":"product_cat-esim","8":"product_cat-individual","9":"product_tag-esim","10":"desktop-align-left","11":"tablet-align-left","12":"mobile-align-left","14":"first","15":"instock","16":"sale","17":"sold-individually","18":"purchasable","19":"product-type-variable"},"yoast_head":"<!-- This site is optimized with the Yoast SEO plugin v27.4 - https:\/\/yoast.com\/product\/yoast-seo-wordpress\/ -->\n<title>Recarga de eSIM (recarga) [pa\u00edses seleccionados]. - POVNOMAD eSIM - for travellers and nomad\u00b4s life<\/title>\n<meta name=\"description\" content=\"Recarga Povnomad eSIM - 1GB, 3GB o 5GB LTE y 5G hasta 30 d\u00edas. Sin roaming. Compatible con iOS y Android. Asistencia en alem\u00e1n para viajar sin preocupaciones.\" \/>\n<meta name=\"robots\" content=\"index, follow, max-snippet:-1, max-image-preview:large, max-video-preview:-1\" \/>\n<link rel=\"canonical\" href=\"https:\/\/povnomad.com\/es\/producto\/recarga-de-esim-recarga-paises-seleccionados\/\" \/>\n<meta property=\"og:locale\" content=\"es_ES\" \/>\n<meta property=\"og:type\" content=\"article\" \/>\n<meta property=\"og:title\" content=\"Recarga de eSIM (recarga) [pa\u00edses seleccionados]. - POVNOMAD eSIM - for travellers and nomad\u00b4s life\" \/>\n<meta property=\"og:description\" content=\"Recarga Povnomad eSIM - 1GB, 3GB o 5GB LTE y 5G hasta 30 d\u00edas. Sin roaming. Compatible con iOS y Android. Asistencia en alem\u00e1n para viajar sin preocupaciones.\" \/>\n<meta property=\"og:url\" content=\"https:\/\/povnomad.com\/es\/producto\/recarga-de-esim-recarga-paises-seleccionados\/\" \/>\n<meta property=\"og:site_name\" content=\"POVNOMAD eSIM - for travellers and nomad\u00b4s life\" \/>\n<meta property=\"og:image\" content=\"https:\/\/povnomad.com\/wp-content\/uploads\/2025\/03\/Slide-3.png\" \/>\n\t<meta property=\"og:image:width\" content=\"1024\" \/>\n\t<meta property=\"og:image:height\" content=\"1024\" \/>\n\t<meta property=\"og:image:type\" content=\"image\/png\" \/>\n<meta name=\"twitter:card\" content=\"summary_large_image\" \/>\n<meta name=\"twitter:label1\" content=\"Tiempo de lectura\" \/>\n\t<meta name=\"twitter:data1\" content=\"1 minuto\" \/>\n<script type=\"application\/ld+json\" class=\"yoast-schema-graph\">{\"@context\":\"https:\\\/\\\/schema.org\",\"@graph\":[{\"@type\":\"WebPage\",\"@id\":\"https:\\\/\\\/povnomad.com\\\/es\\\/producto\\\/recarga-de-esim-recarga-paises-seleccionados\\\/\",\"url\":\"https:\\\/\\\/povnomad.com\\\/es\\\/producto\\\/recarga-de-esim-recarga-paises-seleccionados\\\/\",\"name\":\"Recarga de eSIM (recarga) [pa\u00edses seleccionados]. - POVNOMAD eSIM - for travellers and nomad\u00b4s life\",\"isPartOf\":{\"@id\":\"https:\\\/\\\/povnomad.com\\\/es\\\/#website\"},\"primaryImageOfPage\":{\"@id\":\"https:\\\/\\\/povnomad.com\\\/es\\\/producto\\\/recarga-de-esim-recarga-paises-seleccionados\\\/#primaryimage\"},\"image\":{\"@id\":\"https:\\\/\\\/povnomad.com\\\/es\\\/producto\\\/recarga-de-esim-recarga-paises-seleccionados\\\/#primaryimage\"},\"thumbnailUrl\":\"https:\\\/\\\/povnomad.com\\\/wp-content\\\/uploads\\\/2025\\\/03\\\/Slide-3.png\",\"datePublished\":\"2025-08-18T15:05:58+00:00\",\"description\":\"Recarga Povnomad eSIM - 1GB, 3GB o 5GB LTE y 5G hasta 30 d\u00edas. Sin roaming. Compatible con iOS y Android. Asistencia en alem\u00e1n para viajar sin preocupaciones.\",\"breadcrumb\":{\"@id\":\"https:\\\/\\\/povnomad.com\\\/es\\\/producto\\\/recarga-de-esim-recarga-paises-seleccionados\\\/#breadcrumb\"},\"inLanguage\":\"es\",\"potentialAction\":[{\"@type\":\"ReadAction\",\"target\":[\"https:\\\/\\\/povnomad.com\\\/es\\\/producto\\\/recarga-de-esim-recarga-paises-seleccionados\\\/\"]}]},{\"@type\":\"ImageObject\",\"inLanguage\":\"es\",\"@id\":\"https:\\\/\\\/povnomad.com\\\/es\\\/producto\\\/recarga-de-esim-recarga-paises-seleccionados\\\/#primaryimage\",\"url\":\"https:\\\/\\\/povnomad.com\\\/wp-content\\\/uploads\\\/2025\\\/03\\\/Slide-3.png\",\"contentUrl\":\"https:\\\/\\\/povnomad.com\\\/wp-content\\\/uploads\\\/2025\\\/03\\\/Slide-3.png\",\"width\":1024,\"height\":1024},{\"@type\":\"BreadcrumbList\",\"@id\":\"https:\\\/\\\/povnomad.com\\\/es\\\/producto\\\/recarga-de-esim-recarga-paises-seleccionados\\\/#breadcrumb\",\"itemListElement\":[{\"@type\":\"ListItem\",\"position\":1,\"name\":\"P\u00e1gina de inicio\",\"item\":\"https:\\\/\\\/povnomad.com\\\/es\\\/\"},{\"@type\":\"ListItem\",\"position\":2,\"name\":\"Productos\",\"item\":\"https:\\\/\\\/povnomad.com\\\/es\\\/shop\\\/\"},{\"@type\":\"ListItem\",\"position\":3,\"name\":\"Recarga de eSIM (recarga) [pa\u00edses seleccionados].\"}]},{\"@type\":\"WebSite\",\"@id\":\"https:\\\/\\\/povnomad.com\\\/es\\\/#website\",\"url\":\"https:\\\/\\\/povnomad.com\\\/es\\\/\",\"name\":\"povnomad eSIM - for travellers and nomad\u00b4s life\",\"description\":\"eSIMs with \u2764\ufe0f  in Germany \ud83c\udde9\ud83c\uddea\",\"publisher\":{\"@id\":\"https:\\\/\\\/povnomad.com\\\/es\\\/#organization\"},\"potentialAction\":[{\"@type\":\"SearchAction\",\"target\":{\"@type\":\"EntryPoint\",\"urlTemplate\":\"https:\\\/\\\/povnomad.com\\\/es\\\/?s={search_term_string}\"},\"query-input\":{\"@type\":\"PropertyValueSpecification\",\"valueRequired\":true,\"valueName\":\"search_term_string\"}}],\"inLanguage\":\"es\"},{\"@type\":\"Organization\",\"@id\":\"https:\\\/\\\/povnomad.com\\\/es\\\/#organization\",\"name\":\"povnomad eSIM - for travellers and nomad\u00b4s life\",\"url\":\"https:\\\/\\\/povnomad.com\\\/es\\\/\",\"logo\":{\"@type\":\"ImageObject\",\"inLanguage\":\"es\",\"@id\":\"https:\\\/\\\/povnomad.com\\\/es\\\/#\\\/schema\\\/logo\\\/image\\\/\",\"url\":\"https:\\\/\\\/povnomad.com\\\/wp-content\\\/uploads\\\/2026\\\/03\\\/cropped-POVNOMAD-LOGO-HQ-ohne-BG-mobile-webp.webp\",\"contentUrl\":\"https:\\\/\\\/povnomad.com\\\/wp-content\\\/uploads\\\/2026\\\/03\\\/cropped-POVNOMAD-LOGO-HQ-ohne-BG-mobile-webp.webp\",\"width\":1291,\"height\":322,\"caption\":\"povnomad eSIM - for travellers and nomad\u00b4s life\"},\"image\":{\"@id\":\"https:\\\/\\\/povnomad.com\\\/es\\\/#\\\/schema\\\/logo\\\/image\\\/\"},\"sameAs\":[\"https:\\\/\\\/www.instagram.com\\\/povnomad_\",\"https:\\\/\\\/tiktok.com\\\/@povnomad_\"]}]}<\/script>\n<!-- \/ Yoast SEO plugin. -->","yoast_head_json":{"title":"Recarga de eSIM (recarga) [pa\u00edses seleccionados]. - POVNOMAD eSIM - for travellers and nomad\u00b4s life","description":"Recarga Povnomad eSIM - 1GB, 3GB o 5GB LTE y 5G hasta 30 d\u00edas. Sin roaming. Compatible con iOS y Android. Asistencia en alem\u00e1n para viajar sin preocupaciones.","robots":{"index":"index","follow":"follow","max-snippet":"max-snippet:-1","max-image-preview":"max-image-preview:large","max-video-preview":"max-video-preview:-1"},"canonical":"https:\/\/povnomad.com\/es\/producto\/recarga-de-esim-recarga-paises-seleccionados\/","og_locale":"es_ES","og_type":"article","og_title":"Recarga de eSIM (recarga) [pa\u00edses seleccionados]. - POVNOMAD eSIM - for travellers and nomad\u00b4s life","og_description":"Recarga Povnomad eSIM - 1GB, 3GB o 5GB LTE y 5G hasta 30 d\u00edas. Sin roaming. Compatible con iOS y Android. Asistencia en alem\u00e1n para viajar sin preocupaciones.","og_url":"https:\/\/povnomad.com\/es\/producto\/recarga-de-esim-recarga-paises-seleccionados\/","og_site_name":"POVNOMAD eSIM - for travellers and nomad\u00b4s life","og_image":[{"width":1024,"height":1024,"url":"https:\/\/povnomad.com\/wp-content\/uploads\/2025\/03\/Slide-3.png","type":"image\/png"}],"twitter_card":"summary_large_image","twitter_misc":{"Tiempo de lectura":"1 minuto"},"schema":{"@context":"https:\/\/schema.org","@graph":[{"@type":"WebPage","@id":"https:\/\/povnomad.com\/es\/producto\/recarga-de-esim-recarga-paises-seleccionados\/","url":"https:\/\/povnomad.com\/es\/producto\/recarga-de-esim-recarga-paises-seleccionados\/","name":"Recarga de eSIM (recarga) [pa\u00edses seleccionados]. - POVNOMAD eSIM - for travellers and nomad\u00b4s life","isPartOf":{"@id":"https:\/\/povnomad.com\/es\/#website"},"primaryImageOfPage":{"@id":"https:\/\/povnomad.com\/es\/producto\/recarga-de-esim-recarga-paises-seleccionados\/#primaryimage"},"image":{"@id":"https:\/\/povnomad.com\/es\/producto\/recarga-de-esim-recarga-paises-seleccionados\/#primaryimage"},"thumbnailUrl":"https:\/\/povnomad.com\/wp-content\/uploads\/2025\/03\/Slide-3.png","datePublished":"2025-08-18T15:05:58+00:00","description":"Recarga Povnomad eSIM - 1GB, 3GB o 5GB LTE y 5G hasta 30 d\u00edas. Sin roaming. Compatible con iOS y Android. Asistencia en alem\u00e1n para viajar sin preocupaciones.","breadcrumb":{"@id":"https:\/\/povnomad.com\/es\/producto\/recarga-de-esim-recarga-paises-seleccionados\/#breadcrumb"},"inLanguage":"es","potentialAction":[{"@type":"ReadAction","target":["https:\/\/povnomad.com\/es\/producto\/recarga-de-esim-recarga-paises-seleccionados\/"]}]},{"@type":"ImageObject","inLanguage":"es","@id":"https:\/\/povnomad.com\/es\/producto\/recarga-de-esim-recarga-paises-seleccionados\/#primaryimage","url":"https:\/\/povnomad.com\/wp-content\/uploads\/2025\/03\/Slide-3.png","contentUrl":"https:\/\/povnomad.com\/wp-content\/uploads\/2025\/03\/Slide-3.png","width":1024,"height":1024},{"@type":"BreadcrumbList","@id":"https:\/\/povnomad.com\/es\/producto\/recarga-de-esim-recarga-paises-seleccionados\/#breadcrumb","itemListElement":[{"@type":"ListItem","position":1,"name":"P\u00e1gina de inicio","item":"https:\/\/povnomad.com\/es\/"},{"@type":"ListItem","position":2,"name":"Productos","item":"https:\/\/povnomad.com\/es\/shop\/"},{"@type":"ListItem","position":3,"name":"Recarga de eSIM (recarga) [pa\u00edses seleccionados]."}]},{"@type":"WebSite","@id":"https:\/\/povnomad.com\/es\/#website","url":"https:\/\/povnomad.com\/es\/","name":"povnomad eSIM - for travellers and nomad\u00b4s life","description":"eSIMs with \u2764\ufe0f  in Germany \ud83c\udde9\ud83c\uddea","publisher":{"@id":"https:\/\/povnomad.com\/es\/#organization"},"potentialAction":[{"@type":"SearchAction","target":{"@type":"EntryPoint","urlTemplate":"https:\/\/povnomad.com\/es\/?s={search_term_string}"},"query-input":{"@type":"PropertyValueSpecification","valueRequired":true,"valueName":"search_term_string"}}],"inLanguage":"es"},{"@type":"Organization","@id":"https:\/\/povnomad.com\/es\/#organization","name":"povnomad eSIM - for travellers and nomad\u00b4s life","url":"https:\/\/povnomad.com\/es\/","logo":{"@type":"ImageObject","inLanguage":"es","@id":"https:\/\/povnomad.com\/es\/#\/schema\/logo\/image\/","url":"https:\/\/povnomad.com\/wp-content\/uploads\/2026\/03\/cropped-POVNOMAD-LOGO-HQ-ohne-BG-mobile-webp.webp","contentUrl":"https:\/\/povnomad.com\/wp-content\/uploads\/2026\/03\/cropped-POVNOMAD-LOGO-HQ-ohne-BG-mobile-webp.webp","width":1291,"height":322,"caption":"povnomad eSIM - for travellers and nomad\u00b4s life"},"image":{"@id":"https:\/\/povnomad.com\/es\/#\/schema\/logo\/image\/"},"sameAs":["https:\/\/www.instagram.com\/povnomad_","https:\/\/tiktok.com\/@povnomad_"]}]}},"uagb_featured_image_src":{"full":["https:\/\/povnomad.com\/wp-content\/uploads\/2025\/03\/Slide-3.png",1024,1024,false],"thumbnail":["https:\/\/povnomad.com\/wp-content\/uploads\/2025\/03\/Slide-3-150x150.png",150,150,true],"medium":["https:\/\/povnomad.com\/wp-content\/uploads\/2025\/03\/Slide-3-300x300.png",300,300,true],"medium_large":["https:\/\/povnomad.com\/wp-content\/uploads\/2025\/03\/Slide-3-768x768.png",768,768,true],"large":["https:\/\/povnomad.com\/wp-content\/uploads\/2025\/03\/Slide-3.png",1024,1024,false],"1536x1536":["https:\/\/povnomad.com\/wp-content\/uploads\/2025\/03\/Slide-3.png",1024,1024,false],"2048x2048":["https:\/\/povnomad.com\/wp-content\/uploads\/2025\/03\/Slide-3.png",1024,1024,false],"woocommerce_thumbnail":["https:\/\/povnomad.com\/wp-content\/uploads\/2025\/03\/Slide-3-300x300.png",300,300,true],"woocommerce_single":["https:\/\/povnomad.com\/wp-content\/uploads\/2025\/03\/Slide-3-300x300.png",300,300,true],"woocommerce_gallery_thumbnail":["https:\/\/povnomad.com\/wp-content\/uploads\/2025\/03\/Slide-3-100x100.png",100,100,true],"variation_swatches_image_size":["https:\/\/povnomad.com\/wp-content\/uploads\/2025\/03\/Slide-3-50x50.png",50,50,true],"variation_swatches_tooltip_size":["https:\/\/povnomad.com\/wp-content\/uploads\/2025\/03\/Slide-3-100x100.png",100,100,true],"dgwt-wcas-product-suggestion":["https:\/\/povnomad.com\/wp-content\/uploads\/2025\/03\/Slide-3-64x64.png",64,64,true]},"uagb_author_info":{"display_name":"Daniel","author_link":"https:\/\/povnomad.com\/es\/author\/"},"uagb_comment_info":0,"uagb_excerpt":"Recarga eSIM A\u00f1ade el n\u00famero de pedido anterior, el enlace de instalaci\u00f3n o el ICCID en el campo de comentarios al pagar Carga en pocas horas Punto caliente divisible Velocidad completa LTE\/5G - sin ralentizaci\u00f3n","_links":{"self":[{"href":"https:\/\/povnomad.com\/es\/wp-json\/wp\/v2\/product\/5638","targetHints":{"allow":["GET"]}}],"collection":[{"href":"https:\/\/povnomad.com\/es\/wp-json\/wp\/v2\/product"}],"about":[{"href":"https:\/\/povnomad.com\/es\/wp-json\/wp\/v2\/types\/product"}],"replies":[{"embeddable":true,"href":"https:\/\/povnomad.com\/es\/wp-json\/wp\/v2\/comments?post=5638"}],"wp:featuredmedia":[{"embeddable":true,"href":"https:\/\/povnomad.com\/es\/wp-json\/wp\/v2\/media\/5644"}],"wp:attachment":[{"href":"https:\/\/povnomad.com\/es\/wp-json\/wp\/v2\/media?parent=5638"}],"wp:term":[{"taxonomy":"product_brand","embeddable":true,"href":"https:\/\/povnomad.com\/es\/wp-json\/wp\/v2\/product_brand?post=5638"},{"taxonomy":"product_cat","embeddable":true,"href":"https:\/\/povnomad.com\/es\/wp-json\/wp\/v2\/product_cat?post=5638"},{"taxonomy":"product_tag","embeddable":true,"href":"https:\/\/povnomad.com\/es\/wp-json\/wp\/v2\/product_tag?post=5638"}],"curies":[{"name":"wp","href":"https:\/\/api.w.org\/{rel}","templated":true}]}}