{"id":2966,"date":"2025-03-30T23:45:34","date_gmt":"2025-03-30T21:45:34","guid":{"rendered":"https:\/\/povnomad.com\/?post_type=product&#038;p=2966"},"modified":"2026-02-02T08:50:26","modified_gmt":"2026-02-02T06:50:26","slug":"schweden-esim","status":"publish","type":"product","link":"https:\/\/povnomad.com\/es\/producto\/schweden-esim\/","title":{"rendered":"Schweden eSIM"},"content":{"rendered":"<h3>\ud83c\udf0d eSIM Schweden \u2013 sofort online ohne Roamingkosten<\/h3>\n<p>Mit der <strong>POVNOMAD eSIM Schweden<\/strong> bist du in Stockholm, G\u00f6teborg, Malm\u00f6 oder unterwegs in der Natur direkt verbunden \u2013 ohne lokale SIM-Karte kaufen zu m\u00fcssen und ohne versteckte Geb\u00fchren. Erhalte mit POVNOMAD eSIM die beste eSIM f\u00fcr Schweden mit stabilen 3 in 1 Netz mit unseren Partnern: 3 (Tre), Tele2 &amp; Telia<\/p>\n<h4>\ud83d\ude80 Vorteile<\/h4>\n<ul>\n<li>Sofortige Aktivierung per QR-Code<\/li>\n<li>Highspeed 5G \u2013 ideal f\u00fcr Navigation, Social Media &amp; Streaming<\/li>\n<li>Hotspot nutzbar \u2013 perfekt f\u00fcr Laptop und Tablet<\/li>\n<li>Keine Roamingkosten, keine Vertragsbindung<\/li>\n<li>Bis zu 100 Tage vor Reisebeginn aktivierbar<\/li>\n<\/ul>\n<p><strong>\ud83d\udcac Fragen oder Unsicherheit? <a href=\"https:\/\/wa.me\/491605741177?text=Hallo%20POVNOMAD%2C%20ich%20habe%20eine%20Frage%20zur%20Schweden%20eSIM\" target=\"_blank\" rel=\"noopener noreferrer\">WhatsApp Support \u00f6ffnen<\/a><\/strong><\/p>\n<hr \/>\n<h4>\ud83e\udde9 Funktionen<\/h4>\n<p><strong>Verwendung in:<\/strong> \ud83c\uddf8\ud83c\uddea Schweden<br \/>\n<strong>Nur Daten:<\/strong> Ja<br \/>\n<strong>SMS:<\/strong> Nein<br \/>\n<strong>Anrufe:<\/strong> Nein (nur VOIP \u00fcber WhatsApp\/Telegram\/FaceTime)<\/p>\n<h4>\ud83d\udcf1Kompatibilit\u00e4t pr\u00fcfen<\/h4>\n<p><a href=\"https:\/\/www.gsmarena.com\/results.php3?sSIMTypes=4\" target=\"_blank\" rel=\"noopener noreferrer\">Vorab Kompatibilit\u00e4t online pr\u00fcfen (externe Website) oder per Codeeingabe ins Telefonfeld *#06# - Wird eine EID angezeigt? Dann ist das Smartphone eSIM f\u00e4hig.<\/a><\/p>\n<h4>\u2699\ufe0f Technische Daten<\/h4>\n<p><strong>Voraktivierungstage:<\/strong> 100 Tage<br \/>\n<strong>Datenexit-Land:<\/strong> UK\/NO<br \/>\n<strong>Hotspot:<\/strong> Ja<br \/>\n<strong>Geschwindigkeitsreduzierung:<\/strong> Nein<br \/>\n<strong>Abdeckung:<\/strong> SE<br \/>\n<strong>Netzwerke:<\/strong> 3 (Tre) 5G, Tele2 5G, Telia 5G \u2013<a href=\"https:\/\/www.nperf.com\/de\/map\/SE\/-\/-\/signal?zoom=5\" target=\"_blank\" rel=\"noopener noreferrer\">Hier Netzabdeckung pr\u00fcfen<\/a><br \/>\n<strong>Unterst\u00fctzte L\u00e4nder:<\/strong> Schweden<\/p>\n","protected":false},"excerpt":{"rendered":"<ul>\n<li><strong>eSIM Schweden<\/strong> \u2013 sofort aktivierbar &amp; ohne Roamingkosten<\/li>\n<li>QR-Code wird in Sekunden per E-Mail geliefert<\/li>\n<li>Kompatibel mit allen eSIM-f\u00e4higen Ger\u00e4ten<\/li>\n<li>Highspeed 5G \u2022 Hotspot nutzbar<\/li>\n<\/ul>\n","protected":false},"featured_media":8781,"comment_status":"open","ping_status":"closed","template":"","meta":{"inline_featured_image":false,"_uag_custom_page_level_css":"","site-sidebar-layout":"default","site-content-layout":"","ast-site-content-layout":"default","site-content-style":"default","site-sidebar-style":"default","ast-global-header-display":"","ast-banner-title-visibility":"","ast-main-header-display":"","ast-hfb-above-header-display":"","ast-hfb-below-header-display":"","ast-hfb-mobile-header-display":"","site-post-title":"","ast-breadcrumbs-content":"","ast-featured-img":"","footer-sml-layout":"","theme-transparent-header-meta":"default","adv-header-id-meta":"","stick-header-meta":"","header-above-stick-meta":"","header-main-stick-meta":"","header-below-stick-meta":"","astra-migrate-meta-layouts":"set","ast-page-background-enabled":"default","ast-page-background-meta":{"desktop":{"background-color":"","background-image":"","background-repeat":"repeat","background-position":"center center","background-size":"auto","background-attachment":"scroll","background-type":"","background-media":"","overlay-type":"","overlay-color":"","overlay-opacity":"","overlay-gradient":""},"tablet":{"background-color":"","background-image":"","background-repeat":"repeat","background-position":"center center","background-size":"auto","background-attachment":"scroll","background-type":"","background-media":"","overlay-type":"","overlay-color":"","overlay-opacity":"","overlay-gradient":""},"mobile":{"background-color":"","background-image":"","background-repeat":"repeat","background-position":"center center","background-size":"auto","background-attachment":"scroll","background-type":"","background-media":"","overlay-type":"","overlay-color":"","overlay-opacity":"","overlay-gradient":""}},"ast-content-background-meta":{"desktop":{"background-color":"var(--ast-global-color-5)","background-image":"","background-repeat":"repeat","background-position":"center center","background-size":"auto","background-attachment":"scroll","background-type":"","background-media":"","overlay-type":"","overlay-color":"","overlay-opacity":"","overlay-gradient":""},"tablet":{"background-color":"var(--ast-global-color-5)","background-image":"","background-repeat":"repeat","background-position":"center center","background-size":"auto","background-attachment":"scroll","background-type":"","background-media":"","overlay-type":"","overlay-color":"","overlay-opacity":"","overlay-gradient":""},"mobile":{"background-color":"var(--ast-global-color-5)","background-image":"","background-repeat":"repeat","background-position":"center center","background-size":"auto","background-attachment":"scroll","background-type":"","background-media":"","overlay-type":"","overlay-color":"","overlay-opacity":"","overlay-gradient":""}}},"product_brand":[4280],"product_cat":[22,1472,25],"product_tag":[1847,1478,1479,1593,1620],"class_list":{"0":"post-2966","1":"product","2":"type-product","3":"status-publish","4":"has-post-thumbnail","6":"product_brand-povnomad-esim","7":"product_cat-esim","8":"product_cat-europa","9":"product_cat-single","10":"product_tag-esim","11":"product_tag-europa","12":"product_tag-europe","13":"product_tag-schweden","14":"product_tag-sweden","15":"desktop-align-left","16":"tablet-align-left","17":"mobile-align-left","19":"first","20":"instock","21":"taxable","22":"shipping-taxable","23":"purchasable","24":"product-type-variable","25":"has-default-attributes"},"yoast_head":"<!-- This site is optimized with the Yoast SEO plugin v27.4 - https:\/\/yoast.com\/product\/yoast-seo-wordpress\/ -->\n<title>Schweden eSIM - POVNOMAD eSIM - for travellers and nomad\u00b4s life<\/title>\n<meta name=\"description\" content=\"POVNOMAD eSIM Schweden \u2013 sofort online &amp; ohne Roamingkosten. Highspeed 5G in ganz Schweden. QR-Code in Sekunden per E-Mail. Hotspot nutzbar.\" \/>\n<meta name=\"robots\" content=\"index, follow, max-snippet:-1, max-image-preview:large, max-video-preview:-1\" \/>\n<link rel=\"canonical\" href=\"https:\/\/povnomad.com\/es\/producto\/schweden-esim\/\" \/>\n<meta property=\"og:locale\" content=\"es_ES\" \/>\n<meta property=\"og:type\" content=\"article\" \/>\n<meta property=\"og:title\" content=\"Schweden eSIM - POVNOMAD eSIM - for travellers and nomad\u00b4s life\" \/>\n<meta property=\"og:description\" content=\"POVNOMAD eSIM Schweden \u2013 sofort online &amp; ohne Roamingkosten. Highspeed 5G in ganz Schweden. QR-Code in Sekunden per E-Mail. Hotspot nutzbar.\" \/>\n<meta property=\"og:url\" content=\"https:\/\/povnomad.com\/es\/producto\/schweden-esim\/\" \/>\n<meta property=\"og:site_name\" content=\"POVNOMAD eSIM - for travellers and nomad\u00b4s life\" \/>\n<meta property=\"article:modified_time\" content=\"2026-02-02T06:50:26+00:00\" \/>\n<meta property=\"og:image\" content=\"https:\/\/povnomad.com\/wp-content\/uploads\/2026\/01\/Schweden-eSIM.webp\" \/>\n\t<meta property=\"og:image:width\" content=\"1200\" \/>\n\t<meta property=\"og:image:height\" content=\"1200\" \/>\n\t<meta property=\"og:image:type\" content=\"image\/webp\" \/>\n<meta name=\"twitter:card\" content=\"summary_large_image\" \/>\n<meta name=\"twitter:label1\" content=\"Tiempo de lectura\" \/>\n\t<meta name=\"twitter:data1\" content=\"2 minutos\" \/>\n<script type=\"application\/ld+json\" class=\"yoast-schema-graph\">{\"@context\":\"https:\\\/\\\/schema.org\",\"@graph\":[{\"@type\":\"WebPage\",\"@id\":\"https:\\\/\\\/povnomad.com\\\/es\\\/producto\\\/schweden-esim\\\/\",\"url\":\"https:\\\/\\\/povnomad.com\\\/es\\\/producto\\\/schweden-esim\\\/\",\"name\":\"Schweden eSIM - POVNOMAD eSIM - for travellers and nomad\u00b4s life\",\"isPartOf\":{\"@id\":\"https:\\\/\\\/povnomad.com\\\/es\\\/#website\"},\"primaryImageOfPage\":{\"@id\":\"https:\\\/\\\/povnomad.com\\\/es\\\/producto\\\/schweden-esim\\\/#primaryimage\"},\"image\":{\"@id\":\"https:\\\/\\\/povnomad.com\\\/es\\\/producto\\\/schweden-esim\\\/#primaryimage\"},\"thumbnailUrl\":\"https:\\\/\\\/povnomad.com\\\/wp-content\\\/uploads\\\/2026\\\/01\\\/Schweden-eSIM.webp\",\"datePublished\":\"2025-03-30T21:45:34+00:00\",\"dateModified\":\"2026-02-02T06:50:26+00:00\",\"description\":\"POVNOMAD eSIM Schweden \u2013 sofort online & ohne Roamingkosten. Highspeed 5G in ganz Schweden. QR-Code in Sekunden per E-Mail. Hotspot nutzbar.\",\"breadcrumb\":{\"@id\":\"https:\\\/\\\/povnomad.com\\\/es\\\/producto\\\/schweden-esim\\\/#breadcrumb\"},\"inLanguage\":\"es\",\"potentialAction\":[{\"@type\":\"ReadAction\",\"target\":[\"https:\\\/\\\/povnomad.com\\\/es\\\/producto\\\/schweden-esim\\\/\"]}]},{\"@type\":\"ImageObject\",\"inLanguage\":\"es\",\"@id\":\"https:\\\/\\\/povnomad.com\\\/es\\\/producto\\\/schweden-esim\\\/#primaryimage\",\"url\":\"https:\\\/\\\/povnomad.com\\\/wp-content\\\/uploads\\\/2026\\\/01\\\/Schweden-eSIM.webp\",\"contentUrl\":\"https:\\\/\\\/povnomad.com\\\/wp-content\\\/uploads\\\/2026\\\/01\\\/Schweden-eSIM.webp\",\"width\":1200,\"height\":1200},{\"@type\":\"BreadcrumbList\",\"@id\":\"https:\\\/\\\/povnomad.com\\\/es\\\/producto\\\/schweden-esim\\\/#breadcrumb\",\"itemListElement\":[{\"@type\":\"ListItem\",\"position\":1,\"name\":\"P\u00e1gina de inicio\",\"item\":\"https:\\\/\\\/povnomad.com\\\/es\\\/\"},{\"@type\":\"ListItem\",\"position\":2,\"name\":\"Productos\",\"item\":\"https:\\\/\\\/povnomad.com\\\/es\\\/shop\\\/\"},{\"@type\":\"ListItem\",\"position\":3,\"name\":\"Schweden eSIM\"}]},{\"@type\":\"WebSite\",\"@id\":\"https:\\\/\\\/povnomad.com\\\/es\\\/#website\",\"url\":\"https:\\\/\\\/povnomad.com\\\/es\\\/\",\"name\":\"povnomad eSIM - for travellers and nomad\u00b4s life\",\"description\":\"eSIMs with \u2764\ufe0f  in Germany \ud83c\udde9\ud83c\uddea\",\"publisher\":{\"@id\":\"https:\\\/\\\/povnomad.com\\\/es\\\/#organization\"},\"potentialAction\":[{\"@type\":\"SearchAction\",\"target\":{\"@type\":\"EntryPoint\",\"urlTemplate\":\"https:\\\/\\\/povnomad.com\\\/es\\\/?s={search_term_string}\"},\"query-input\":{\"@type\":\"PropertyValueSpecification\",\"valueRequired\":true,\"valueName\":\"search_term_string\"}}],\"inLanguage\":\"es\"},{\"@type\":\"Organization\",\"@id\":\"https:\\\/\\\/povnomad.com\\\/es\\\/#organization\",\"name\":\"povnomad eSIM - for travellers and nomad\u00b4s life\",\"url\":\"https:\\\/\\\/povnomad.com\\\/es\\\/\",\"logo\":{\"@type\":\"ImageObject\",\"inLanguage\":\"es\",\"@id\":\"https:\\\/\\\/povnomad.com\\\/es\\\/#\\\/schema\\\/logo\\\/image\\\/\",\"url\":\"https:\\\/\\\/povnomad.com\\\/wp-content\\\/uploads\\\/2026\\\/03\\\/cropped-POVNOMAD-LOGO-HQ-ohne-BG-mobile-webp.webp\",\"contentUrl\":\"https:\\\/\\\/povnomad.com\\\/wp-content\\\/uploads\\\/2026\\\/03\\\/cropped-POVNOMAD-LOGO-HQ-ohne-BG-mobile-webp.webp\",\"width\":1291,\"height\":322,\"caption\":\"povnomad eSIM - for travellers and nomad\u00b4s life\"},\"image\":{\"@id\":\"https:\\\/\\\/povnomad.com\\\/es\\\/#\\\/schema\\\/logo\\\/image\\\/\"},\"sameAs\":[\"https:\\\/\\\/www.instagram.com\\\/povnomad_\",\"https:\\\/\\\/tiktok.com\\\/@povnomad_\"]}]}<\/script>\n<!-- \/ Yoast SEO plugin. -->","yoast_head_json":{"title":"Schweden eSIM - POVNOMAD eSIM - for travellers and nomad\u00b4s life","description":"POVNOMAD eSIM Schweden \u2013 sofort online & ohne Roamingkosten. Highspeed 5G in ganz Schweden. QR-Code in Sekunden per E-Mail. Hotspot nutzbar.","robots":{"index":"index","follow":"follow","max-snippet":"max-snippet:-1","max-image-preview":"max-image-preview:large","max-video-preview":"max-video-preview:-1"},"canonical":"https:\/\/povnomad.com\/es\/producto\/schweden-esim\/","og_locale":"es_ES","og_type":"article","og_title":"Schweden eSIM - POVNOMAD eSIM - for travellers and nomad\u00b4s life","og_description":"POVNOMAD eSIM Schweden \u2013 sofort online & ohne Roamingkosten. Highspeed 5G in ganz Schweden. QR-Code in Sekunden per E-Mail. Hotspot nutzbar.","og_url":"https:\/\/povnomad.com\/es\/producto\/schweden-esim\/","og_site_name":"POVNOMAD eSIM - for travellers and nomad\u00b4s life","article_modified_time":"2026-02-02T06:50:26+00:00","og_image":[{"width":1200,"height":1200,"url":"https:\/\/povnomad.com\/wp-content\/uploads\/2026\/01\/Schweden-eSIM.webp","type":"image\/webp"}],"twitter_card":"summary_large_image","twitter_misc":{"Tiempo de lectura":"2 minutos"},"schema":{"@context":"https:\/\/schema.org","@graph":[{"@type":"WebPage","@id":"https:\/\/povnomad.com\/es\/producto\/schweden-esim\/","url":"https:\/\/povnomad.com\/es\/producto\/schweden-esim\/","name":"Schweden eSIM - POVNOMAD eSIM - for travellers and nomad\u00b4s life","isPartOf":{"@id":"https:\/\/povnomad.com\/es\/#website"},"primaryImageOfPage":{"@id":"https:\/\/povnomad.com\/es\/producto\/schweden-esim\/#primaryimage"},"image":{"@id":"https:\/\/povnomad.com\/es\/producto\/schweden-esim\/#primaryimage"},"thumbnailUrl":"https:\/\/povnomad.com\/wp-content\/uploads\/2026\/01\/Schweden-eSIM.webp","datePublished":"2025-03-30T21:45:34+00:00","dateModified":"2026-02-02T06:50:26+00:00","description":"POVNOMAD eSIM Schweden \u2013 sofort online & ohne Roamingkosten. Highspeed 5G in ganz Schweden. QR-Code in Sekunden per E-Mail. Hotspot nutzbar.","breadcrumb":{"@id":"https:\/\/povnomad.com\/es\/producto\/schweden-esim\/#breadcrumb"},"inLanguage":"es","potentialAction":[{"@type":"ReadAction","target":["https:\/\/povnomad.com\/es\/producto\/schweden-esim\/"]}]},{"@type":"ImageObject","inLanguage":"es","@id":"https:\/\/povnomad.com\/es\/producto\/schweden-esim\/#primaryimage","url":"https:\/\/povnomad.com\/wp-content\/uploads\/2026\/01\/Schweden-eSIM.webp","contentUrl":"https:\/\/povnomad.com\/wp-content\/uploads\/2026\/01\/Schweden-eSIM.webp","width":1200,"height":1200},{"@type":"BreadcrumbList","@id":"https:\/\/povnomad.com\/es\/producto\/schweden-esim\/#breadcrumb","itemListElement":[{"@type":"ListItem","position":1,"name":"P\u00e1gina de inicio","item":"https:\/\/povnomad.com\/es\/"},{"@type":"ListItem","position":2,"name":"Productos","item":"https:\/\/povnomad.com\/es\/shop\/"},{"@type":"ListItem","position":3,"name":"Schweden eSIM"}]},{"@type":"WebSite","@id":"https:\/\/povnomad.com\/es\/#website","url":"https:\/\/povnomad.com\/es\/","name":"povnomad eSIM - for travellers and nomad\u00b4s life","description":"eSIMs with \u2764\ufe0f  in Germany \ud83c\udde9\ud83c\uddea","publisher":{"@id":"https:\/\/povnomad.com\/es\/#organization"},"potentialAction":[{"@type":"SearchAction","target":{"@type":"EntryPoint","urlTemplate":"https:\/\/povnomad.com\/es\/?s={search_term_string}"},"query-input":{"@type":"PropertyValueSpecification","valueRequired":true,"valueName":"search_term_string"}}],"inLanguage":"es"},{"@type":"Organization","@id":"https:\/\/povnomad.com\/es\/#organization","name":"povnomad eSIM - for travellers and nomad\u00b4s life","url":"https:\/\/povnomad.com\/es\/","logo":{"@type":"ImageObject","inLanguage":"es","@id":"https:\/\/povnomad.com\/es\/#\/schema\/logo\/image\/","url":"https:\/\/povnomad.com\/wp-content\/uploads\/2026\/03\/cropped-POVNOMAD-LOGO-HQ-ohne-BG-mobile-webp.webp","contentUrl":"https:\/\/povnomad.com\/wp-content\/uploads\/2026\/03\/cropped-POVNOMAD-LOGO-HQ-ohne-BG-mobile-webp.webp","width":1291,"height":322,"caption":"povnomad eSIM - for travellers and nomad\u00b4s life"},"image":{"@id":"https:\/\/povnomad.com\/es\/#\/schema\/logo\/image\/"},"sameAs":["https:\/\/www.instagram.com\/povnomad_","https:\/\/tiktok.com\/@povnomad_"]}]}},"uagb_featured_image_src":{"full":["https:\/\/povnomad.com\/wp-content\/uploads\/2026\/01\/Schweden-eSIM.webp",1200,1200,false],"thumbnail":["https:\/\/povnomad.com\/wp-content\/uploads\/2026\/01\/Schweden-eSIM-150x150.webp",150,150,true],"medium":["https:\/\/povnomad.com\/wp-content\/uploads\/2026\/01\/Schweden-eSIM-300x300.webp",300,300,true],"medium_large":["https:\/\/povnomad.com\/wp-content\/uploads\/2026\/01\/Schweden-eSIM-768x768.webp",768,768,true],"large":["https:\/\/povnomad.com\/wp-content\/uploads\/2026\/01\/Schweden-eSIM-1024x1024.webp",1024,1024,true],"1536x1536":["https:\/\/povnomad.com\/wp-content\/uploads\/2026\/01\/Schweden-eSIM.webp",1200,1200,false],"2048x2048":["https:\/\/povnomad.com\/wp-content\/uploads\/2026\/01\/Schweden-eSIM.webp",1200,1200,false],"woocommerce_thumbnail":["https:\/\/povnomad.com\/wp-content\/uploads\/2026\/01\/Schweden-eSIM-300x300.webp",300,300,true],"woocommerce_single":["https:\/\/povnomad.com\/wp-content\/uploads\/2026\/01\/Schweden-eSIM-300x300.webp",300,300,true],"woocommerce_gallery_thumbnail":["https:\/\/povnomad.com\/wp-content\/uploads\/2026\/01\/Schweden-eSIM-100x100.webp",100,100,true],"variation_swatches_image_size":["https:\/\/povnomad.com\/wp-content\/uploads\/2026\/01\/Schweden-eSIM-50x50.webp",50,50,true],"variation_swatches_tooltip_size":["https:\/\/povnomad.com\/wp-content\/uploads\/2026\/01\/Schweden-eSIM-100x100.webp",100,100,true],"dgwt-wcas-product-suggestion":["https:\/\/povnomad.com\/wp-content\/uploads\/2026\/01\/Schweden-eSIM-64x64.webp",64,64,true]},"uagb_author_info":{"display_name":"Daniel","author_link":"https:\/\/povnomad.com\/es\/author\/"},"uagb_comment_info":0,"uagb_excerpt":"eSIM Schweden \u2013 sofort aktivierbar &amp; ohne Roamingkosten QR-Code wird in Sekunden per E-Mail geliefert Kompatibel mit allen eSIM-f\u00e4higen Ger\u00e4ten Highspeed 5G \u2022 Hotspot nutzbar","_links":{"self":[{"href":"https:\/\/povnomad.com\/es\/wp-json\/wp\/v2\/product\/2966","targetHints":{"allow":["GET"]}}],"collection":[{"href":"https:\/\/povnomad.com\/es\/wp-json\/wp\/v2\/product"}],"about":[{"href":"https:\/\/povnomad.com\/es\/wp-json\/wp\/v2\/types\/product"}],"replies":[{"embeddable":true,"href":"https:\/\/povnomad.com\/es\/wp-json\/wp\/v2\/comments?post=2966"}],"wp:featuredmedia":[{"embeddable":true,"href":"https:\/\/povnomad.com\/es\/wp-json\/wp\/v2\/media\/8781"}],"wp:attachment":[{"href":"https:\/\/povnomad.com\/es\/wp-json\/wp\/v2\/media?parent=2966"}],"wp:term":[{"taxonomy":"product_brand","embeddable":true,"href":"https:\/\/povnomad.com\/es\/wp-json\/wp\/v2\/product_brand?post=2966"},{"taxonomy":"product_cat","embeddable":true,"href":"https:\/\/povnomad.com\/es\/wp-json\/wp\/v2\/product_cat?post=2966"},{"taxonomy":"product_tag","embeddable":true,"href":"https:\/\/povnomad.com\/es\/wp-json\/wp\/v2\/product_tag?post=2966"}],"curies":[{"name":"wp","href":"https:\/\/api.w.org\/{rel}","templated":true}]}}