{"id":2883,"date":"2025-03-30T23:45:21","date_gmt":"2025-03-30T21:45:21","guid":{"rendered":"https:\/\/povnomad.com\/?post_type=product&#038;p=2883"},"modified":"2026-02-02T07:37:50","modified_gmt":"2026-02-02T05:37:50","slug":"europa-esim-ueber-40-laender","status":"publish","type":"product","link":"https:\/\/povnomad.com\/es\/producto\/europa-esim-ueber-40-laender\/","title":{"rendered":"Europa eSIM (\u00fcber 40 L\u00e4nder)"},"content":{"rendered":"<div class=\"drei-box-layout\">\n<div class=\"box box-features\">\n<h2>Funktionen<\/h2>\n<ul>\n<li class=\"feature-item\" data-feature=\"use-in\"><strong>Verwendung in:<\/strong> \ud83c\uddee\ud83c\uddf8, \ud83c\uddee\ud83c\uddea, \ud83c\uddee\ud83c\uddf9, \ud83c\uddf1\ud83c\uddfb, \ud83c\uddf1\ud83c\uddf9, \ud83c\uddf1\ud83c\uddfa, \ud83c\uddf2\ud83c\uddf9, \ud83c\uddf3\ud83c\uddf1, \ud83c\uddf5\ud83c\uddf1, \ud83c\uddf5\ud83c\uddf9, \ud83c\uddf7\ud83c\uddf4, \ud83c\uddf8\ud83c\uddf0, \ud83c\uddf8\ud83c\uddee, \ud83c\uddea\ud83c\uddf8, \ud83c\uddf8\ud83c\uddea, \ud83c\udde8\ud83c\udded, \ud83c\uddfa\ud83c\udde6, \ud83c\uddec\ud83c\udde7, \ud83c\udde6\ud83c\uddfd, \ud83c\uddee\ud83c\uddf2, \ud83c\uddef\ud83c\uddea, \ud83c\uddec\ud83c\uddec, \ud83c\uddf1\ud83c\uddee, \ud83c\uddf2\ud83c\uddf0, \ud83c\uddf3\ud83c\uddf4, \ud83c\uddf7\ud83c\uddf8, \ud83c\uddec\ud83c\uddee, \ud83c\udde6\ud83c\uddf9, \ud83c\udde7\ud83c\uddea, \ud83c\udde7\ud83c\uddec, \ud83c\udded\ud83c\uddf7, \ud83c\udde8\ud83c\uddfe, \ud83c\udde8\ud83c\uddff, \ud83c\uddf9\ud83c\uddf7, \ud83c\udde9\ud83c\uddf0, \ud83c\uddea\ud83c\uddea, \ud83c\uddeb\ud83c\uddee, \ud83c\uddeb\ud83c\uddf7, \ud83c\udde9\ud83c\uddea, \ud83c\uddec\ud83c\uddf7, \ud83c\udded\ud83c\uddfa<\/li>\n<li class=\"feature-item\" data-feature=\"top-up\"><strong>Aufladung m\u00f6glich:<\/strong> Ja<\/li>\n<li class=\"feature-item\" data-feature=\"data-only\"><strong>Nur Daten:<\/strong> Ja<\/li>\n<li class=\"feature-item\" data-feature=\"sms\"><strong>SMS:<\/strong> Nein<\/li>\n<li class=\"feature-item\" data-feature=\"calls\"><strong>Anrufe:<\/strong> Nein, nur \u00fcber Apps (VOIP)<\/li>\n<\/ul>\n<h4>\ud83d\udcf1Kompatibilit\u00e4t pr\u00fcfen<\/h4>\n<p><a href=\"https:\/\/www.gsmarena.com\/results.php3?sSIMTypes=4\" target=\"_blank\" rel=\"noopener noreferrer\">Vorab Kompatibilit\u00e4t online pr\u00fcfen (externe Website) oder per Codeeingabe ins Telefonfeld *#06# - Wird eine EID angezeigt? Dann ist das Smartphone eSIM f\u00e4hig.<\/a><\/p>\n<\/div>\n<div class=\"box box-description\">\n<h2>Beschreibung<\/h2>\n<p>Erhalten Sie mit diesem eSIM-Plan die h\u00f6chsten Geschwindigkeiten in Europa (\u00fcber 40 Gebiete). Starten Sie Ihre eSIM sofort nach Ihrer Ankunft in Europa und genie\u00dfen Sie Hochgeschwindigkeitsdaten ohne versteckte Roaming-Geb\u00fchren.<\/p>\n<p class=\"more-description\">Dies ist ein Datentarif mit voller Geschwindigkeit.<\/p>\n<\/div>\n<div class=\"box box-technical-specs\">\n<h2>Technische Daten<\/h2>\n<ul>\n<li class=\"spec-item\" data-spec=\"pre-activation\"><strong>Voraktivierungstage:<\/strong> 100 Tage<\/li>\n<li class=\"spec-item\" data-spec=\"data-exit\"><strong>Datenexit-Land:<\/strong> Unbekannt<\/li>\n<li class=\"spec-item\" data-spec=\"hotspot\"><strong>Hotspot:<\/strong> Ja<\/li>\n<li class=\"spec-item\" data-spec=\"speed-reduction\"><strong>Geschwindigkeitsreduzierung:<\/strong> Nein<\/li>\n<li class=\"spec-item\" data-spec=\"coverage\"><strong>Abdeckung:<\/strong> IS, IE, IT, LV, LT, LU, MT, NL, PL, PT, RO, SK, SI, ES, SE, CH, UA, GB, AX, IM, JE, GG, LI, MK, NO, RS, GI, AT, BE, BG, HR, CY, CZ, TR, DK, EE, FI, FR, DE, GR, HU<\/li>\n<li class=\"spec-item\" data-spec=\"networks\"><strong>Netzwerke:<\/strong> IS \u2013 Nova 5G, S\u00edminn 5G; IE \u2013 Vodafone 5G, 3 5G, Eir 5G; IT \u2013 Iliad 5G, Vodafone 5G, Wind 5G; LV \u2013 Tele2 5G, LMT 5G, Bite 4G; LT \u2013 Tele2 4G, BIT\u0116 4G, Telia 5G; LU \u2013 POST 5G, Tango 5G, Orange 5G; MT \u2013 GO 5G, Vodafone 5G, Melita 5G; NL \u2013 Vodafone 5G, KPN 5G; PL \u2013 Orange 5G, Play 5G; PT \u2013 NOS 5G, Vodafone 5G, MEO 5G; RO \u2013 Vodafone 5G, Orange 5G, Digi.Mobil 5G; SK \u2013 Orange 5G, O2 5G; SI \u2013 Mobitel 5G, A1 4G, Telemach 5G; ES \u2013 Vodafone 5G, Orange 5G, Movistar 5G, Yoigo 4G; SE \u2013 3 5G, Tele2 5G, Telia 5G; CH \u2013 Sunrise 5G, Salt 5G; UA \u2013 Lifecell 4G, Kyivstar 4G; GB \u2013 T-Mobile 4G, Vodafone 5G, O2 5G, 3 5G; AX \u2013 AMT 5G; IM \u2013 Pronto GSM 4G; JE - JT 5G; GG - JT 4G; LI - FL1 5G, 7acht 5G; MK - VIP 4G; NEIN \u2013 Telia 5G; RS \u2013 VIP 4G, Telenor 4G, MTS 3G; GI \u2013 GibTel 5G; AT \u2013 3 5G, Hutchison 5G; BE \u2013 Base 5G, Orange 5G, Proximus 5G; BG \u2013 A1 4G, Telenor 4G, Vivacom 5G; HR \u2013 Tele2 5G, A1 5G; CY \u2013 Vodafone 5G, PrimeTel 4G, Epic 5G; CZ \u2013 Vodafone 5G, O2 5G; TR \u2013 Avea 5G, Turkcell 5G; DK \u2013 3 5G, Telia 5G, TDC 5G; EE \u2013 Telia 5G, Tele2 4G, Elisa 5G; FI \u2013 Elisa 5G, Telia 5G, Telia\/DNA 5G; FR \u2013 Orange 5G, SFR 5G, Bouygues 5G, Free Mobile 5G; DE \u2013 Vodafone 5G, O2 5G; GR \u2013 Vodafone 5G, Wind 5G; HU \u2013 Telenor Ungarn 5G, Vodafone 4G<\/li>\n<li class=\"spec-item\" data-spec=\"country-list\"><strong>Unterst\u00fctzte L\u00e4nder:<\/strong> Island, Irland, Italien, Lettland, Litauen, Luxemburg, Malta, Niederlande, Polen, Portugal, Rum\u00e4nien, Slowakei, Slowenien, Spanien, Schweden, Schweiz, Ukraine, Vereinigtes K\u00f6nigreich, Aaland-Inseln, Isle of Man, Jersey, Guernsey, Liechtenstein, Nordmazedonien, Norwegen, Serbien, Gibraltar, \u00d6sterreich, Belgien, Bulgarien, Kroatien, Zypern, Tschechische Republik, T\u00fcrkei, D\u00e4nemark, Estland, Finnland, Frankreich, Deutschland, Griechenland, Ungarn<\/li>\n<\/ul>\n<\/div>\n<\/div>\n","protected":false},"excerpt":{"rendered":"<ul>\n<li>eSIM f\u00fcr Europa (40+ Gebiete)<\/li>\n<li>Funktioniert auf allen entsperrten eSIM-unterst\u00fctzenden Ger\u00e4ten<\/li>\n<li>Sofortige Lieferung des QR-Codes<\/li>\n<li>Teilbarer Hotspot<\/li>\n<li>Volle LTE-\/5G-Geschwindigkeit \u2013 keine Drosselung<\/li>\n<\/ul>\n","protected":false},"featured_media":8637,"comment_status":"open","ping_status":"closed","template":"","meta":{"inline_featured_image":false,"_uag_custom_page_level_css":"","site-sidebar-layout":"default","site-content-layout":"","ast-site-content-layout":"default","site-content-style":"default","site-sidebar-style":"default","ast-global-header-display":"","ast-banner-title-visibility":"","ast-main-header-display":"","ast-hfb-above-header-display":"","ast-hfb-below-header-display":"","ast-hfb-mobile-header-display":"","site-post-title":"","ast-breadcrumbs-content":"","ast-featured-img":"","footer-sml-layout":"","theme-transparent-header-meta":"default","adv-header-id-meta":"","stick-header-meta":"","header-above-stick-meta":"","header-main-stick-meta":"","header-below-stick-meta":"","astra-migrate-meta-layouts":"set","ast-page-background-enabled":"default","ast-page-background-meta":{"desktop":{"background-color":"","background-image":"","background-repeat":"repeat","background-position":"center center","background-size":"auto","background-attachment":"scroll","background-type":"","background-media":"","overlay-type":"","overlay-color":"","overlay-opacity":"","overlay-gradient":""},"tablet":{"background-color":"","background-image":"","background-repeat":"repeat","background-position":"center center","background-size":"auto","background-attachment":"scroll","background-type":"","background-media":"","overlay-type":"","overlay-color":"","overlay-opacity":"","overlay-gradient":""},"mobile":{"background-color":"","background-image":"","background-repeat":"repeat","background-position":"center center","background-size":"auto","background-attachment":"scroll","background-type":"","background-media":"","overlay-type":"","overlay-color":"","overlay-opacity":"","overlay-gradient":""}},"ast-content-background-meta":{"desktop":{"background-color":"var(--ast-global-color-5)","background-image":"","background-repeat":"repeat","background-position":"center center","background-size":"auto","background-attachment":"scroll","background-type":"","background-media":"","overlay-type":"","overlay-color":"","overlay-opacity":"","overlay-gradient":""},"tablet":{"background-color":"var(--ast-global-color-5)","background-image":"","background-repeat":"repeat","background-position":"center center","background-size":"auto","background-attachment":"scroll","background-type":"","background-media":"","overlay-type":"","overlay-color":"","overlay-opacity":"","overlay-gradient":""},"mobile":{"background-color":"var(--ast-global-color-5)","background-image":"","background-repeat":"repeat","background-position":"center center","background-size":"auto","background-attachment":"scroll","background-type":"","background-media":"","overlay-type":"","overlay-color":"","overlay-opacity":"","overlay-gradient":""}}},"product_brand":[4280],"product_cat":[22,1472,23],"product_tag":[1642,1624,1527,1542,1625,1560,1563,1578,1604,1605,1641,1606,1638,1580,1579,1635,1581,1636,1600,1582,1597,1583,1584,1585,24,1586,1644,1598,1599,1587,1588,1589,1593,1594,1645,1590,1591,1592,1646,1603,1595,1607,1596,1601],"class_list":{"0":"post-2883","1":"product","2":"type-product","3":"status-publish","4":"has-post-thumbnail","6":"product_brand-povnomad-esim","7":"product_cat-esim","8":"product_cat-europa","9":"product_cat-eegional","10":"product_tag-aaland-inseln","11":"product_tag-austria","12":"product_tag-belgien","13":"product_tag-bulgarien","14":"product_tag-croatia","15":"product_tag-daenemark","16":"product_tag-deutschland","17":"product_tag-estland","18":"product_tag-finnland","19":"product_tag-frankreich","20":"product_tag-gibraltar","21":"product_tag-griechenland","22":"product_tag-guernsey","23":"product_tag-irland","24":"product_tag-island","25":"product_tag-isle-of-man","26":"product_tag-italien","27":"product_tag-jersey","28":"product_tag-kroatien","29":"product_tag-lettland","30":"product_tag-liechtenstein","31":"product_tag-litauen","32":"product_tag-luxemburg","33":"product_tag-malta","34":"product_tag-multicountry","35":"product_tag-niederlande","36":"product_tag-nordmazedonien","37":"product_tag-norwegen","38":"product_tag-oesterreich","39":"product_tag-polen","40":"product_tag-portugal","41":"product_tag-rumaenien","42":"product_tag-schweden","43":"product_tag-schweiz","44":"product_tag-serbien","45":"product_tag-slowakei","46":"product_tag-slowenien","47":"product_tag-spanien","48":"product_tag-tschechische-republik","49":"product_tag-tuerkei","50":"product_tag-ukraine","51":"product_tag-ungarn","52":"product_tag-vereinigtes-koenigreich","53":"product_tag-zypern","54":"desktop-align-left","55":"tablet-align-left","56":"mobile-align-left","58":"first","59":"instock","60":"taxable","61":"shipping-taxable","62":"purchasable","63":"product-type-variable"},"yoast_head":"<!-- This site is optimized with the Yoast SEO plugin v27.4 - https:\/\/yoast.com\/product\/yoast-seo-wordpress\/ -->\n<title>Europa eSIM (\u00fcber 40 L\u00e4nder) - POVNOMAD eSIM - for travellers and nomad\u00b4s life<\/title>\n<meta name=\"robots\" content=\"index, follow, max-snippet:-1, max-image-preview:large, max-video-preview:-1\" \/>\n<link rel=\"canonical\" href=\"https:\/\/povnomad.com\/es\/producto\/europa-esim-ueber-40-laender\/\" \/>\n<meta property=\"og:locale\" content=\"es_ES\" \/>\n<meta property=\"og:type\" content=\"article\" \/>\n<meta property=\"og:title\" content=\"Europa eSIM (\u00fcber 40 L\u00e4nder) - POVNOMAD eSIM - for travellers and nomad\u00b4s life\" \/>\n<meta property=\"og:description\" content=\"eSIM f\u00fcr Europa (40+ Gebiete)  Funktioniert auf allen entsperrten eSIM-unterst\u00fctzenden Ger\u00e4ten  Sofortige Lieferung des QR-Codes  Teilbarer Hotspot  Volle LTE-\/5G-Geschwindigkeit \u2013 keine Drosselung\" \/>\n<meta property=\"og:url\" content=\"https:\/\/povnomad.com\/es\/producto\/europa-esim-ueber-40-laender\/\" \/>\n<meta property=\"og:site_name\" content=\"POVNOMAD eSIM - for travellers and nomad\u00b4s life\" \/>\n<meta property=\"article:modified_time\" content=\"2026-02-02T05:37:50+00:00\" \/>\n<meta property=\"og:image\" content=\"https:\/\/povnomad.com\/wp-content\/uploads\/2026\/01\/Europa-40-eSIM.webp\" \/>\n\t<meta property=\"og:image:width\" content=\"1200\" \/>\n\t<meta property=\"og:image:height\" content=\"1200\" \/>\n\t<meta property=\"og:image:type\" content=\"image\/webp\" \/>\n<meta name=\"twitter:card\" content=\"summary_large_image\" \/>\n<meta name=\"twitter:label1\" content=\"Tiempo de lectura\" \/>\n\t<meta name=\"twitter:data1\" content=\"3 minutos\" \/>\n<script type=\"application\/ld+json\" class=\"yoast-schema-graph\">{\"@context\":\"https:\\\/\\\/schema.org\",\"@graph\":[{\"@type\":\"WebPage\",\"@id\":\"https:\\\/\\\/povnomad.com\\\/es\\\/producto\\\/europa-esim-ueber-40-laender\\\/\",\"url\":\"https:\\\/\\\/povnomad.com\\\/es\\\/producto\\\/europa-esim-ueber-40-laender\\\/\",\"name\":\"Europa eSIM (\u00fcber 40 L\u00e4nder) - POVNOMAD eSIM - for travellers and nomad\u00b4s life\",\"isPartOf\":{\"@id\":\"https:\\\/\\\/povnomad.com\\\/es\\\/#website\"},\"primaryImageOfPage\":{\"@id\":\"https:\\\/\\\/povnomad.com\\\/es\\\/producto\\\/europa-esim-ueber-40-laender\\\/#primaryimage\"},\"image\":{\"@id\":\"https:\\\/\\\/povnomad.com\\\/es\\\/producto\\\/europa-esim-ueber-40-laender\\\/#primaryimage\"},\"thumbnailUrl\":\"https:\\\/\\\/povnomad.com\\\/wp-content\\\/uploads\\\/2026\\\/01\\\/Europa-40-eSIM.webp\",\"datePublished\":\"2025-03-30T21:45:21+00:00\",\"dateModified\":\"2026-02-02T05:37:50+00:00\",\"breadcrumb\":{\"@id\":\"https:\\\/\\\/povnomad.com\\\/es\\\/producto\\\/europa-esim-ueber-40-laender\\\/#breadcrumb\"},\"inLanguage\":\"es\",\"potentialAction\":[{\"@type\":\"ReadAction\",\"target\":[\"https:\\\/\\\/povnomad.com\\\/es\\\/producto\\\/europa-esim-ueber-40-laender\\\/\"]}]},{\"@type\":\"ImageObject\",\"inLanguage\":\"es\",\"@id\":\"https:\\\/\\\/povnomad.com\\\/es\\\/producto\\\/europa-esim-ueber-40-laender\\\/#primaryimage\",\"url\":\"https:\\\/\\\/povnomad.com\\\/wp-content\\\/uploads\\\/2026\\\/01\\\/Europa-40-eSIM.webp\",\"contentUrl\":\"https:\\\/\\\/povnomad.com\\\/wp-content\\\/uploads\\\/2026\\\/01\\\/Europa-40-eSIM.webp\",\"width\":1200,\"height\":1200},{\"@type\":\"BreadcrumbList\",\"@id\":\"https:\\\/\\\/povnomad.com\\\/es\\\/producto\\\/europa-esim-ueber-40-laender\\\/#breadcrumb\",\"itemListElement\":[{\"@type\":\"ListItem\",\"position\":1,\"name\":\"P\u00e1gina de inicio\",\"item\":\"https:\\\/\\\/povnomad.com\\\/es\\\/\"},{\"@type\":\"ListItem\",\"position\":2,\"name\":\"Productos\",\"item\":\"https:\\\/\\\/povnomad.com\\\/es\\\/shop\\\/\"},{\"@type\":\"ListItem\",\"position\":3,\"name\":\"Europa eSIM (\u00fcber 40 L\u00e4nder)\"}]},{\"@type\":\"WebSite\",\"@id\":\"https:\\\/\\\/povnomad.com\\\/es\\\/#website\",\"url\":\"https:\\\/\\\/povnomad.com\\\/es\\\/\",\"name\":\"povnomad eSIM - for travellers and nomad\u00b4s life\",\"description\":\"eSIMs with \u2764\ufe0f  in Germany \ud83c\udde9\ud83c\uddea\",\"publisher\":{\"@id\":\"https:\\\/\\\/povnomad.com\\\/es\\\/#organization\"},\"potentialAction\":[{\"@type\":\"SearchAction\",\"target\":{\"@type\":\"EntryPoint\",\"urlTemplate\":\"https:\\\/\\\/povnomad.com\\\/es\\\/?s={search_term_string}\"},\"query-input\":{\"@type\":\"PropertyValueSpecification\",\"valueRequired\":true,\"valueName\":\"search_term_string\"}}],\"inLanguage\":\"es\"},{\"@type\":\"Organization\",\"@id\":\"https:\\\/\\\/povnomad.com\\\/es\\\/#organization\",\"name\":\"povnomad eSIM - for travellers and nomad\u00b4s life\",\"url\":\"https:\\\/\\\/povnomad.com\\\/es\\\/\",\"logo\":{\"@type\":\"ImageObject\",\"inLanguage\":\"es\",\"@id\":\"https:\\\/\\\/povnomad.com\\\/es\\\/#\\\/schema\\\/logo\\\/image\\\/\",\"url\":\"https:\\\/\\\/povnomad.com\\\/wp-content\\\/uploads\\\/2026\\\/03\\\/cropped-POVNOMAD-LOGO-HQ-ohne-BG-mobile-webp.webp\",\"contentUrl\":\"https:\\\/\\\/povnomad.com\\\/wp-content\\\/uploads\\\/2026\\\/03\\\/cropped-POVNOMAD-LOGO-HQ-ohne-BG-mobile-webp.webp\",\"width\":1291,\"height\":322,\"caption\":\"povnomad eSIM - for travellers and nomad\u00b4s life\"},\"image\":{\"@id\":\"https:\\\/\\\/povnomad.com\\\/es\\\/#\\\/schema\\\/logo\\\/image\\\/\"},\"sameAs\":[\"https:\\\/\\\/www.instagram.com\\\/povnomad_\",\"https:\\\/\\\/tiktok.com\\\/@povnomad_\"]}]}<\/script>\n<!-- \/ Yoast SEO plugin. -->","yoast_head_json":{"title":"Europa eSIM (\u00fcber 40 L\u00e4nder) - POVNOMAD eSIM - for travellers and nomad\u00b4s life","robots":{"index":"index","follow":"follow","max-snippet":"max-snippet:-1","max-image-preview":"max-image-preview:large","max-video-preview":"max-video-preview:-1"},"canonical":"https:\/\/povnomad.com\/es\/producto\/europa-esim-ueber-40-laender\/","og_locale":"es_ES","og_type":"article","og_title":"Europa eSIM (\u00fcber 40 L\u00e4nder) - POVNOMAD eSIM - for travellers and nomad\u00b4s life","og_description":"eSIM f\u00fcr Europa (40+ Gebiete)  Funktioniert auf allen entsperrten eSIM-unterst\u00fctzenden Ger\u00e4ten  Sofortige Lieferung des QR-Codes  Teilbarer Hotspot  Volle LTE-\/5G-Geschwindigkeit \u2013 keine Drosselung","og_url":"https:\/\/povnomad.com\/es\/producto\/europa-esim-ueber-40-laender\/","og_site_name":"POVNOMAD eSIM - for travellers and nomad\u00b4s life","article_modified_time":"2026-02-02T05:37:50+00:00","og_image":[{"width":1200,"height":1200,"url":"https:\/\/povnomad.com\/wp-content\/uploads\/2026\/01\/Europa-40-eSIM.webp","type":"image\/webp"}],"twitter_card":"summary_large_image","twitter_misc":{"Tiempo de lectura":"3 minutos"},"schema":{"@context":"https:\/\/schema.org","@graph":[{"@type":"WebPage","@id":"https:\/\/povnomad.com\/es\/producto\/europa-esim-ueber-40-laender\/","url":"https:\/\/povnomad.com\/es\/producto\/europa-esim-ueber-40-laender\/","name":"Europa eSIM (\u00fcber 40 L\u00e4nder) - POVNOMAD eSIM - for travellers and nomad\u00b4s life","isPartOf":{"@id":"https:\/\/povnomad.com\/es\/#website"},"primaryImageOfPage":{"@id":"https:\/\/povnomad.com\/es\/producto\/europa-esim-ueber-40-laender\/#primaryimage"},"image":{"@id":"https:\/\/povnomad.com\/es\/producto\/europa-esim-ueber-40-laender\/#primaryimage"},"thumbnailUrl":"https:\/\/povnomad.com\/wp-content\/uploads\/2026\/01\/Europa-40-eSIM.webp","datePublished":"2025-03-30T21:45:21+00:00","dateModified":"2026-02-02T05:37:50+00:00","breadcrumb":{"@id":"https:\/\/povnomad.com\/es\/producto\/europa-esim-ueber-40-laender\/#breadcrumb"},"inLanguage":"es","potentialAction":[{"@type":"ReadAction","target":["https:\/\/povnomad.com\/es\/producto\/europa-esim-ueber-40-laender\/"]}]},{"@type":"ImageObject","inLanguage":"es","@id":"https:\/\/povnomad.com\/es\/producto\/europa-esim-ueber-40-laender\/#primaryimage","url":"https:\/\/povnomad.com\/wp-content\/uploads\/2026\/01\/Europa-40-eSIM.webp","contentUrl":"https:\/\/povnomad.com\/wp-content\/uploads\/2026\/01\/Europa-40-eSIM.webp","width":1200,"height":1200},{"@type":"BreadcrumbList","@id":"https:\/\/povnomad.com\/es\/producto\/europa-esim-ueber-40-laender\/#breadcrumb","itemListElement":[{"@type":"ListItem","position":1,"name":"P\u00e1gina de inicio","item":"https:\/\/povnomad.com\/es\/"},{"@type":"ListItem","position":2,"name":"Productos","item":"https:\/\/povnomad.com\/es\/shop\/"},{"@type":"ListItem","position":3,"name":"Europa eSIM (\u00fcber 40 L\u00e4nder)"}]},{"@type":"WebSite","@id":"https:\/\/povnomad.com\/es\/#website","url":"https:\/\/povnomad.com\/es\/","name":"povnomad eSIM - for travellers and nomad\u00b4s life","description":"eSIMs with \u2764\ufe0f  in Germany \ud83c\udde9\ud83c\uddea","publisher":{"@id":"https:\/\/povnomad.com\/es\/#organization"},"potentialAction":[{"@type":"SearchAction","target":{"@type":"EntryPoint","urlTemplate":"https:\/\/povnomad.com\/es\/?s={search_term_string}"},"query-input":{"@type":"PropertyValueSpecification","valueRequired":true,"valueName":"search_term_string"}}],"inLanguage":"es"},{"@type":"Organization","@id":"https:\/\/povnomad.com\/es\/#organization","name":"povnomad eSIM - for travellers and nomad\u00b4s life","url":"https:\/\/povnomad.com\/es\/","logo":{"@type":"ImageObject","inLanguage":"es","@id":"https:\/\/povnomad.com\/es\/#\/schema\/logo\/image\/","url":"https:\/\/povnomad.com\/wp-content\/uploads\/2026\/03\/cropped-POVNOMAD-LOGO-HQ-ohne-BG-mobile-webp.webp","contentUrl":"https:\/\/povnomad.com\/wp-content\/uploads\/2026\/03\/cropped-POVNOMAD-LOGO-HQ-ohne-BG-mobile-webp.webp","width":1291,"height":322,"caption":"povnomad eSIM - for travellers and nomad\u00b4s life"},"image":{"@id":"https:\/\/povnomad.com\/es\/#\/schema\/logo\/image\/"},"sameAs":["https:\/\/www.instagram.com\/povnomad_","https:\/\/tiktok.com\/@povnomad_"]}]}},"uagb_featured_image_src":{"full":["https:\/\/povnomad.com\/wp-content\/uploads\/2026\/01\/Europa-40-eSIM.webp",1200,1200,false],"thumbnail":["https:\/\/povnomad.com\/wp-content\/uploads\/2026\/01\/Europa-40-eSIM-150x150.webp",150,150,true],"medium":["https:\/\/povnomad.com\/wp-content\/uploads\/2026\/01\/Europa-40-eSIM-300x300.webp",300,300,true],"medium_large":["https:\/\/povnomad.com\/wp-content\/uploads\/2026\/01\/Europa-40-eSIM-768x768.webp",768,768,true],"large":["https:\/\/povnomad.com\/wp-content\/uploads\/2026\/01\/Europa-40-eSIM-1024x1024.webp",1024,1024,true],"1536x1536":["https:\/\/povnomad.com\/wp-content\/uploads\/2026\/01\/Europa-40-eSIM.webp",1200,1200,false],"2048x2048":["https:\/\/povnomad.com\/wp-content\/uploads\/2026\/01\/Europa-40-eSIM.webp",1200,1200,false],"woocommerce_thumbnail":["https:\/\/povnomad.com\/wp-content\/uploads\/2026\/01\/Europa-40-eSIM-300x300.webp",300,300,true],"woocommerce_single":["https:\/\/povnomad.com\/wp-content\/uploads\/2026\/01\/Europa-40-eSIM-300x300.webp",300,300,true],"woocommerce_gallery_thumbnail":["https:\/\/povnomad.com\/wp-content\/uploads\/2026\/01\/Europa-40-eSIM-100x100.webp",100,100,true],"variation_swatches_image_size":["https:\/\/povnomad.com\/wp-content\/uploads\/2026\/01\/Europa-40-eSIM-50x50.webp",50,50,true],"variation_swatches_tooltip_size":["https:\/\/povnomad.com\/wp-content\/uploads\/2026\/01\/Europa-40-eSIM-100x100.webp",100,100,true],"dgwt-wcas-product-suggestion":["https:\/\/povnomad.com\/wp-content\/uploads\/2026\/01\/Europa-40-eSIM-64x64.webp",64,64,true]},"uagb_author_info":{"display_name":"Daniel","author_link":"https:\/\/povnomad.com\/es\/author\/"},"uagb_comment_info":0,"uagb_excerpt":"eSIM f\u00fcr Europa (40+ Gebiete) Funktioniert auf allen entsperrten eSIM-unterst\u00fctzenden Ger\u00e4ten Sofortige Lieferung des QR-Codes Teilbarer Hotspot Volle LTE-\/5G-Geschwindigkeit \u2013 keine Drosselung","_links":{"self":[{"href":"https:\/\/povnomad.com\/es\/wp-json\/wp\/v2\/product\/2883","targetHints":{"allow":["GET"]}}],"collection":[{"href":"https:\/\/povnomad.com\/es\/wp-json\/wp\/v2\/product"}],"about":[{"href":"https:\/\/povnomad.com\/es\/wp-json\/wp\/v2\/types\/product"}],"replies":[{"embeddable":true,"href":"https:\/\/povnomad.com\/es\/wp-json\/wp\/v2\/comments?post=2883"}],"wp:featuredmedia":[{"embeddable":true,"href":"https:\/\/povnomad.com\/es\/wp-json\/wp\/v2\/media\/8637"}],"wp:attachment":[{"href":"https:\/\/povnomad.com\/es\/wp-json\/wp\/v2\/media?parent=2883"}],"wp:term":[{"taxonomy":"product_brand","embeddable":true,"href":"https:\/\/povnomad.com\/es\/wp-json\/wp\/v2\/product_brand?post=2883"},{"taxonomy":"product_cat","embeddable":true,"href":"https:\/\/povnomad.com\/es\/wp-json\/wp\/v2\/product_cat?post=2883"},{"taxonomy":"product_tag","embeddable":true,"href":"https:\/\/povnomad.com\/es\/wp-json\/wp\/v2\/product_tag?post=2883"}],"curies":[{"name":"wp","href":"https:\/\/api.w.org\/{rel}","templated":true}]}}