{"id":2869,"date":"2025-03-30T23:45:20","date_gmt":"2025-03-30T21:45:20","guid":{"rendered":"https:\/\/povnomad.com\/?post_type=product&#038;p=2869"},"modified":"2026-04-17T16:38:50","modified_gmt":"2026-04-17T14:38:50","slug":"suedkorea-china-japan-esim-trio","status":"publish","type":"product","link":"https:\/\/povnomad.com\/es\/producto\/suedkorea-china-japan-esim-trio\/","title":{"rendered":"S\u00fcdkorea China Japan eSIM TRIO"},"content":{"rendered":"<div class=\"drei-box-layout\">\n<div class=\"box box-features\">\n<h3 data-path-to-node=\"2\">\ud83c\udf0d eSIM Asien Trio (China, S\u00fcdkorea, Japan): sofort aktivierbar &amp; ohne Roaminggeb\u00fchren<\/h3>\n<p data-path-to-node=\"3\">Bleib in China, S\u00fcdkorea und Japan jederzeit online, mit der digitalen POVNOMAD eSIM. Einfach QR-Code scannen, aktivieren und direkt nach der Landung in den rasanten 5G-Netzen surfen. Perfekt f\u00fcr Metropolen wie Tokio und Seoul, die Chinesische Mauer oder Business in ganz Ostasien.<\/p>\n<h3 data-path-to-node=\"4\">\ud83d\ude80 Vorteile<\/h3>\n<ul>\n<li data-path-to-node=\"5,0,0\">Sofort aktivierbar \u2013 keine physische SIM n\u00f6tig<\/li>\n<li data-path-to-node=\"5,1,0\">Keine Roaminggeb\u00fchren oder versteckten Kosten<\/li>\n<li data-path-to-node=\"5,2,0\">Stabile Highspeed-Verbindung (5G) in S\u00fcdkorea, China und Japan<\/li>\n<li data-path-to-node=\"5,3,0\">Hotspot nutzbar \u2013 ideal f\u00fcr Laptop &amp; Tablet<\/li>\n<li data-path-to-node=\"5,4,0\">Bis zu 100 Tage nach dem Kauf aktivierbar<\/li>\n<\/ul>\n<p data-path-to-node=\"6\">\u27a1\ufe0f Mehr Infos zur eSIM Asien Trio findest du unten oder stelle uns deine Fragen direkt \u00fcber <a href=\"https:\/\/wa.me\/491605741177?text=Hallo%20POVNOMAD%2C%20ich%20habe%20eine%20Frage%20zur%20Armenien%20eSIM\" target=\"_blank\" rel=\"noopener noreferrer\">\ud83d\udcac unseren WhatsApp-Kundenservice<\/a>.<\/p>\n<hr data-path-to-node=\"7\" \/>\n<h3 data-path-to-node=\"8\">\ud83e\udde9 Funktionen<\/h3>\n<ul>\n<li data-path-to-node=\"9,0,0\"><b data-path-to-node=\"9,0,0\" data-index-in-node=\"0\">Verwendung in:<\/b> \ud83c\uddf0\ud83c\uddf7, \ud83c\udde8\ud83c\uddf3, \ud83c\uddef\ud83c\uddf5<\/li>\n<li data-path-to-node=\"9,1,0\"><b data-path-to-node=\"9,1,0\" data-index-in-node=\"0\">Aufladung m\u00f6glich:<\/b> Ja<\/li>\n<li data-path-to-node=\"9,2,0\"><b data-path-to-node=\"9,2,0\" data-index-in-node=\"0\">Nur Daten:<\/b> Ja<\/li>\n<li data-path-to-node=\"9,3,0\"><b data-path-to-node=\"9,3,0\" data-index-in-node=\"0\">SMS:<\/b> Nein<\/li>\n<li data-path-to-node=\"9,4,0\"><b data-path-to-node=\"9,4,0\" data-index-in-node=\"0\">Anrufe:<\/b> Nein (nur \u00fcber Apps\/VOIP)<\/li>\n<\/ul>\n<h3 data-path-to-node=\"10\">\ud83d\udcf1 Kompatibilit\u00e4t pr\u00fcfen<\/h3>\n<p data-path-to-node=\"11\"><a href=\"https:\/\/www.gsmarena.com\/results.php3?sSIMTypes=4\" target=\"_blank\" rel=\"noopener noreferrer\">Vorab Kompatibilit\u00e4t online pr\u00fcfen (externe Website) oder per Codeeingabe ins Telefonfeld *#06# - Wird eine EID angezeigt? Dann ist das Smartphone eSIM f\u00e4hig.<\/a><\/p>\n<h3 data-path-to-node=\"12\">\u2699\ufe0f Technische Daten<\/h3>\n<ul>\n<li data-path-to-node=\"13,0,0\"><b data-path-to-node=\"13,0,0\" data-index-in-node=\"0\">Aktivierung m\u00f6glich bis:<\/b> 100 Tage nach Kauf<\/li>\n<li data-path-to-node=\"13,1,0\"><b data-path-to-node=\"13,1,0\" data-index-in-node=\"0\">Datenexit-Land:<\/b> Hongkong<\/li>\n<li data-path-to-node=\"13,2,0\"><b data-path-to-node=\"13,2,0\" data-index-in-node=\"0\">Hotspot:<\/b> Ja<\/li>\n<li data-path-to-node=\"13,3,0\"><b data-path-to-node=\"13,3,0\" data-index-in-node=\"0\">Geschwindigkeitsreduzierung:<\/b> Nein<\/li>\n<li data-path-to-node=\"13,4,0\"><b data-path-to-node=\"13,4,0\" data-index-in-node=\"0\">Abdeckung:<\/b> KR, CN, JP<\/li>\n<li data-path-to-node=\"13,5,0\"><b data-path-to-node=\"13,5,0\" data-index-in-node=\"0\">Netzwerke:<\/b> KR \u2013 SKTelecom 5G, LG U+ (5G); CN \u2013 China Unicom 5G; JP \u2013 KDDI 5G<\/li>\n<li data-path-to-node=\"13,6,0\"><b data-path-to-node=\"13,6,0\" data-index-in-node=\"0\">Unterst\u00fctzte L\u00e4nder:<\/b> S\u00fcdkorea, Festlandchina, Japan<\/li>\n<\/ul>\n<p><b style=\"font-style: inherit;\" data-path-to-node=\"14,0\" data-index-in-node=\"0\">Wichtiger Hinweis zu den Netzen:<\/b><span style=\"font-size: 16px;\"> Wir optimieren unsere Tarife fortlaufend f\u00fcr den besten Empfang. Die angegebenen Netzbetreiber \/ Datenexit L\u00e4nder sind daher beispielhaft aufgef\u00fchrt. Kurzfristige \u00c4nderungen der Partnernetze sind m\u00f6glich, um stets die stabilste Verbindung zu bieten. Mehr Infos zu aktuellen technischen Details \u00fcber unseren Kundenservice.<\/span><\/p>\n<\/div>\n<\/div>\n","protected":false},"excerpt":{"rendered":"<ul>\n<li><strong>eSIM TRIO: China, S\u00fcdkorea, Japan<\/strong>\u00a0\u2013 sofort aktivierbar &amp; ohne Roamingkosten<\/li>\n<li>Kompatibel mit allen entsperrten, eSIM-f\u00e4higen Ger\u00e4ten<\/li>\n<li>QR-Code per E-Mail \u2013 in Sekunden nutzbar<\/li>\n<li>Hotspot teilbar f\u00fcr Laptop &amp; Tablet<\/li>\n<li>Volle 5G-Geschwindigkeit<\/li>\n<\/ul>\n","protected":false},"featured_media":10733,"comment_status":"open","ping_status":"closed","template":"","meta":{"inline_featured_image":false,"_uag_custom_page_level_css":"","site-sidebar-layout":"default","site-content-layout":"","ast-site-content-layout":"default","site-content-style":"default","site-sidebar-style":"default","ast-global-header-display":"","ast-banner-title-visibility":"","ast-main-header-display":"","ast-hfb-above-header-display":"","ast-hfb-below-header-display":"","ast-hfb-mobile-header-display":"","site-post-title":"","ast-breadcrumbs-content":"","ast-featured-img":"","footer-sml-layout":"","theme-transparent-header-meta":"default","adv-header-id-meta":"","stick-header-meta":"","header-above-stick-meta":"","header-main-stick-meta":"","header-below-stick-meta":"","astra-migrate-meta-layouts":"set","ast-page-background-enabled":"default","ast-page-background-meta":{"desktop":{"background-color":"","background-image":"","background-repeat":"repeat","background-position":"center center","background-size":"auto","background-attachment":"scroll","background-type":"","background-media":"","overlay-type":"","overlay-color":"","overlay-opacity":"","overlay-gradient":""},"tablet":{"background-color":"","background-image":"","background-repeat":"repeat","background-position":"center center","background-size":"auto","background-attachment":"scroll","background-type":"","background-media":"","overlay-type":"","overlay-color":"","overlay-opacity":"","overlay-gradient":""},"mobile":{"background-color":"","background-image":"","background-repeat":"repeat","background-position":"center center","background-size":"auto","background-attachment":"scroll","background-type":"","background-media":"","overlay-type":"","overlay-color":"","overlay-opacity":"","overlay-gradient":""}},"ast-content-background-meta":{"desktop":{"background-color":"var(--ast-global-color-5)","background-image":"","background-repeat":"repeat","background-position":"center center","background-size":"auto","background-attachment":"scroll","background-type":"","background-media":"","overlay-type":"","overlay-color":"","overlay-opacity":"","overlay-gradient":""},"tablet":{"background-color":"var(--ast-global-color-5)","background-image":"","background-repeat":"repeat","background-position":"center center","background-size":"auto","background-attachment":"scroll","background-type":"","background-media":"","overlay-type":"","overlay-color":"","overlay-opacity":"","overlay-gradient":""},"mobile":{"background-color":"var(--ast-global-color-5)","background-image":"","background-repeat":"repeat","background-position":"center center","background-size":"auto","background-attachment":"scroll","background-type":"","background-media":"","overlay-type":"","overlay-color":"","overlay-opacity":"","overlay-gradient":""}}},"product_brand":[4280],"product_cat":[1498,22,1842,23],"product_tag":[1500,1499,1552,1847,1668,24,1663],"class_list":{"0":"post-2869","1":"product","2":"type-product","3":"status-publish","4":"has-post-thumbnail","6":"product_brand-povnomad-esim","7":"product_cat-asien","8":"product_cat-esim","9":"product_cat-fernost","10":"product_cat-eegional","11":"product_tag-asia","12":"product_tag-asien","13":"product_tag-china","14":"product_tag-esim","15":"product_tag-japan","16":"product_tag-multicountry","17":"product_tag-suedkorea","18":"desktop-align-left","19":"tablet-align-left","20":"mobile-align-left","22":"first","23":"instock","24":"sold-individually","25":"taxable","26":"shipping-taxable","27":"purchasable","28":"product-type-variable","29":"has-default-attributes"},"yoast_head":"<!-- This site is optimized with the Yoast SEO plugin v27.4 - https:\/\/yoast.com\/product\/yoast-seo-wordpress\/ -->\n<title>S\u00fcdkorea China Japan eSIM TRIO - POVNOMAD eSIM - for travellers and nomad\u00b4s life<\/title>\n<meta name=\"description\" content=\"eSIM TRIO: China, S\u00fcdkorea und Japan in einer eSIM. Buche dir jetzt deinen Datentarif und sei auf deiner Reise sofort online!\" \/>\n<meta name=\"robots\" content=\"index, follow, max-snippet:-1, max-image-preview:large, max-video-preview:-1\" \/>\n<link rel=\"canonical\" href=\"https:\/\/povnomad.com\/es\/producto\/suedkorea-china-japan-esim-trio\/\" \/>\n<meta property=\"og:locale\" content=\"es_ES\" \/>\n<meta property=\"og:type\" content=\"article\" \/>\n<meta property=\"og:title\" content=\"S\u00fcdkorea China Japan eSIM TRIO - POVNOMAD eSIM - for travellers and nomad\u00b4s life\" \/>\n<meta property=\"og:description\" content=\"eSIM TRIO: China, S\u00fcdkorea und Japan in einer eSIM. Buche dir jetzt deinen Datentarif und sei auf deiner Reise sofort online!\" \/>\n<meta property=\"og:url\" content=\"https:\/\/povnomad.com\/es\/producto\/suedkorea-china-japan-esim-trio\/\" \/>\n<meta property=\"og:site_name\" content=\"POVNOMAD eSIM - for travellers and nomad\u00b4s life\" \/>\n<meta property=\"article:modified_time\" content=\"2026-04-17T14:38:50+00:00\" \/>\n<meta property=\"og:image\" content=\"https:\/\/povnomad.com\/wp-content\/uploads\/2025\/03\/TRIO-CJK-eSIM.webp\" \/>\n\t<meta property=\"og:image:width\" content=\"1200\" \/>\n\t<meta property=\"og:image:height\" content=\"1200\" \/>\n\t<meta property=\"og:image:type\" content=\"image\/webp\" \/>\n<meta name=\"twitter:card\" content=\"summary_large_image\" \/>\n<meta name=\"twitter:label1\" content=\"Tiempo de lectura\" \/>\n\t<meta name=\"twitter:data1\" content=\"2 minutos\" \/>\n<script type=\"application\/ld+json\" class=\"yoast-schema-graph\">{\"@context\":\"https:\\\/\\\/schema.org\",\"@graph\":[{\"@type\":\"WebPage\",\"@id\":\"https:\\\/\\\/povnomad.com\\\/es\\\/producto\\\/suedkorea-china-japan-esim-trio\\\/\",\"url\":\"https:\\\/\\\/povnomad.com\\\/es\\\/producto\\\/suedkorea-china-japan-esim-trio\\\/\",\"name\":\"S\u00fcdkorea China Japan eSIM TRIO - POVNOMAD eSIM - for travellers and nomad\u00b4s life\",\"isPartOf\":{\"@id\":\"https:\\\/\\\/povnomad.com\\\/es\\\/#website\"},\"primaryImageOfPage\":{\"@id\":\"https:\\\/\\\/povnomad.com\\\/es\\\/producto\\\/suedkorea-china-japan-esim-trio\\\/#primaryimage\"},\"image\":{\"@id\":\"https:\\\/\\\/povnomad.com\\\/es\\\/producto\\\/suedkorea-china-japan-esim-trio\\\/#primaryimage\"},\"thumbnailUrl\":\"https:\\\/\\\/povnomad.com\\\/wp-content\\\/uploads\\\/2025\\\/03\\\/TRIO-CJK-eSIM.webp\",\"datePublished\":\"2025-03-30T21:45:20+00:00\",\"dateModified\":\"2026-04-17T14:38:50+00:00\",\"description\":\"eSIM TRIO: China, S\u00fcdkorea und Japan in einer eSIM. Buche dir jetzt deinen Datentarif und sei auf deiner Reise sofort online!\",\"breadcrumb\":{\"@id\":\"https:\\\/\\\/povnomad.com\\\/es\\\/producto\\\/suedkorea-china-japan-esim-trio\\\/#breadcrumb\"},\"inLanguage\":\"es\",\"potentialAction\":[{\"@type\":\"ReadAction\",\"target\":[\"https:\\\/\\\/povnomad.com\\\/es\\\/producto\\\/suedkorea-china-japan-esim-trio\\\/\"]}]},{\"@type\":\"ImageObject\",\"inLanguage\":\"es\",\"@id\":\"https:\\\/\\\/povnomad.com\\\/es\\\/producto\\\/suedkorea-china-japan-esim-trio\\\/#primaryimage\",\"url\":\"https:\\\/\\\/povnomad.com\\\/wp-content\\\/uploads\\\/2025\\\/03\\\/TRIO-CJK-eSIM.webp\",\"contentUrl\":\"https:\\\/\\\/povnomad.com\\\/wp-content\\\/uploads\\\/2025\\\/03\\\/TRIO-CJK-eSIM.webp\",\"width\":1200,\"height\":1200,\"caption\":\"China S\u00fcdkorea Japan eSIM TRIO Kombi POVNOMAD\"},{\"@type\":\"BreadcrumbList\",\"@id\":\"https:\\\/\\\/povnomad.com\\\/es\\\/producto\\\/suedkorea-china-japan-esim-trio\\\/#breadcrumb\",\"itemListElement\":[{\"@type\":\"ListItem\",\"position\":1,\"name\":\"P\u00e1gina de inicio\",\"item\":\"https:\\\/\\\/povnomad.com\\\/es\\\/\"},{\"@type\":\"ListItem\",\"position\":2,\"name\":\"Productos\",\"item\":\"https:\\\/\\\/povnomad.com\\\/es\\\/shop\\\/\"},{\"@type\":\"ListItem\",\"position\":3,\"name\":\"S\u00fcdkorea China Japan eSIM TRIO\"}]},{\"@type\":\"WebSite\",\"@id\":\"https:\\\/\\\/povnomad.com\\\/es\\\/#website\",\"url\":\"https:\\\/\\\/povnomad.com\\\/es\\\/\",\"name\":\"povnomad eSIM - for travellers and nomad\u00b4s life\",\"description\":\"eSIMs with \u2764\ufe0f  in Germany \ud83c\udde9\ud83c\uddea\",\"publisher\":{\"@id\":\"https:\\\/\\\/povnomad.com\\\/es\\\/#organization\"},\"potentialAction\":[{\"@type\":\"SearchAction\",\"target\":{\"@type\":\"EntryPoint\",\"urlTemplate\":\"https:\\\/\\\/povnomad.com\\\/es\\\/?s={search_term_string}\"},\"query-input\":{\"@type\":\"PropertyValueSpecification\",\"valueRequired\":true,\"valueName\":\"search_term_string\"}}],\"inLanguage\":\"es\"},{\"@type\":\"Organization\",\"@id\":\"https:\\\/\\\/povnomad.com\\\/es\\\/#organization\",\"name\":\"povnomad eSIM - for travellers and nomad\u00b4s life\",\"url\":\"https:\\\/\\\/povnomad.com\\\/es\\\/\",\"logo\":{\"@type\":\"ImageObject\",\"inLanguage\":\"es\",\"@id\":\"https:\\\/\\\/povnomad.com\\\/es\\\/#\\\/schema\\\/logo\\\/image\\\/\",\"url\":\"https:\\\/\\\/povnomad.com\\\/wp-content\\\/uploads\\\/2026\\\/03\\\/cropped-POVNOMAD-LOGO-HQ-ohne-BG-mobile-webp.webp\",\"contentUrl\":\"https:\\\/\\\/povnomad.com\\\/wp-content\\\/uploads\\\/2026\\\/03\\\/cropped-POVNOMAD-LOGO-HQ-ohne-BG-mobile-webp.webp\",\"width\":1291,\"height\":322,\"caption\":\"povnomad eSIM - for travellers and nomad\u00b4s life\"},\"image\":{\"@id\":\"https:\\\/\\\/povnomad.com\\\/es\\\/#\\\/schema\\\/logo\\\/image\\\/\"},\"sameAs\":[\"https:\\\/\\\/www.instagram.com\\\/povnomad_\",\"https:\\\/\\\/tiktok.com\\\/@povnomad_\"]}]}<\/script>\n<!-- \/ Yoast SEO plugin. -->","yoast_head_json":{"title":"S\u00fcdkorea China Japan eSIM TRIO - POVNOMAD eSIM - for travellers and nomad\u00b4s life","description":"eSIM TRIO: China, S\u00fcdkorea und Japan in einer eSIM. Buche dir jetzt deinen Datentarif und sei auf deiner Reise sofort online!","robots":{"index":"index","follow":"follow","max-snippet":"max-snippet:-1","max-image-preview":"max-image-preview:large","max-video-preview":"max-video-preview:-1"},"canonical":"https:\/\/povnomad.com\/es\/producto\/suedkorea-china-japan-esim-trio\/","og_locale":"es_ES","og_type":"article","og_title":"S\u00fcdkorea China Japan eSIM TRIO - POVNOMAD eSIM - for travellers and nomad\u00b4s life","og_description":"eSIM TRIO: China, S\u00fcdkorea und Japan in einer eSIM. Buche dir jetzt deinen Datentarif und sei auf deiner Reise sofort online!","og_url":"https:\/\/povnomad.com\/es\/producto\/suedkorea-china-japan-esim-trio\/","og_site_name":"POVNOMAD eSIM - for travellers and nomad\u00b4s life","article_modified_time":"2026-04-17T14:38:50+00:00","og_image":[{"width":1200,"height":1200,"url":"https:\/\/povnomad.com\/wp-content\/uploads\/2025\/03\/TRIO-CJK-eSIM.webp","type":"image\/webp"}],"twitter_card":"summary_large_image","twitter_misc":{"Tiempo de lectura":"2 minutos"},"schema":{"@context":"https:\/\/schema.org","@graph":[{"@type":"WebPage","@id":"https:\/\/povnomad.com\/es\/producto\/suedkorea-china-japan-esim-trio\/","url":"https:\/\/povnomad.com\/es\/producto\/suedkorea-china-japan-esim-trio\/","name":"S\u00fcdkorea China Japan eSIM TRIO - POVNOMAD eSIM - for travellers and nomad\u00b4s life","isPartOf":{"@id":"https:\/\/povnomad.com\/es\/#website"},"primaryImageOfPage":{"@id":"https:\/\/povnomad.com\/es\/producto\/suedkorea-china-japan-esim-trio\/#primaryimage"},"image":{"@id":"https:\/\/povnomad.com\/es\/producto\/suedkorea-china-japan-esim-trio\/#primaryimage"},"thumbnailUrl":"https:\/\/povnomad.com\/wp-content\/uploads\/2025\/03\/TRIO-CJK-eSIM.webp","datePublished":"2025-03-30T21:45:20+00:00","dateModified":"2026-04-17T14:38:50+00:00","description":"eSIM TRIO: China, S\u00fcdkorea und Japan in einer eSIM. Buche dir jetzt deinen Datentarif und sei auf deiner Reise sofort online!","breadcrumb":{"@id":"https:\/\/povnomad.com\/es\/producto\/suedkorea-china-japan-esim-trio\/#breadcrumb"},"inLanguage":"es","potentialAction":[{"@type":"ReadAction","target":["https:\/\/povnomad.com\/es\/producto\/suedkorea-china-japan-esim-trio\/"]}]},{"@type":"ImageObject","inLanguage":"es","@id":"https:\/\/povnomad.com\/es\/producto\/suedkorea-china-japan-esim-trio\/#primaryimage","url":"https:\/\/povnomad.com\/wp-content\/uploads\/2025\/03\/TRIO-CJK-eSIM.webp","contentUrl":"https:\/\/povnomad.com\/wp-content\/uploads\/2025\/03\/TRIO-CJK-eSIM.webp","width":1200,"height":1200,"caption":"China S\u00fcdkorea Japan eSIM TRIO Kombi POVNOMAD"},{"@type":"BreadcrumbList","@id":"https:\/\/povnomad.com\/es\/producto\/suedkorea-china-japan-esim-trio\/#breadcrumb","itemListElement":[{"@type":"ListItem","position":1,"name":"P\u00e1gina de inicio","item":"https:\/\/povnomad.com\/es\/"},{"@type":"ListItem","position":2,"name":"Productos","item":"https:\/\/povnomad.com\/es\/shop\/"},{"@type":"ListItem","position":3,"name":"S\u00fcdkorea China Japan eSIM TRIO"}]},{"@type":"WebSite","@id":"https:\/\/povnomad.com\/es\/#website","url":"https:\/\/povnomad.com\/es\/","name":"povnomad eSIM - for travellers and nomad\u00b4s life","description":"eSIMs with \u2764\ufe0f  in Germany \ud83c\udde9\ud83c\uddea","publisher":{"@id":"https:\/\/povnomad.com\/es\/#organization"},"potentialAction":[{"@type":"SearchAction","target":{"@type":"EntryPoint","urlTemplate":"https:\/\/povnomad.com\/es\/?s={search_term_string}"},"query-input":{"@type":"PropertyValueSpecification","valueRequired":true,"valueName":"search_term_string"}}],"inLanguage":"es"},{"@type":"Organization","@id":"https:\/\/povnomad.com\/es\/#organization","name":"povnomad eSIM - for travellers and nomad\u00b4s life","url":"https:\/\/povnomad.com\/es\/","logo":{"@type":"ImageObject","inLanguage":"es","@id":"https:\/\/povnomad.com\/es\/#\/schema\/logo\/image\/","url":"https:\/\/povnomad.com\/wp-content\/uploads\/2026\/03\/cropped-POVNOMAD-LOGO-HQ-ohne-BG-mobile-webp.webp","contentUrl":"https:\/\/povnomad.com\/wp-content\/uploads\/2026\/03\/cropped-POVNOMAD-LOGO-HQ-ohne-BG-mobile-webp.webp","width":1291,"height":322,"caption":"povnomad eSIM - for travellers and nomad\u00b4s life"},"image":{"@id":"https:\/\/povnomad.com\/es\/#\/schema\/logo\/image\/"},"sameAs":["https:\/\/www.instagram.com\/povnomad_","https:\/\/tiktok.com\/@povnomad_"]}]}},"uagb_featured_image_src":{"full":["https:\/\/povnomad.com\/wp-content\/uploads\/2025\/03\/TRIO-CJK-eSIM.webp",1200,1200,false],"thumbnail":["https:\/\/povnomad.com\/wp-content\/uploads\/2025\/03\/TRIO-CJK-eSIM-150x150.webp",150,150,true],"medium":["https:\/\/povnomad.com\/wp-content\/uploads\/2025\/03\/TRIO-CJK-eSIM-300x300.webp",300,300,true],"medium_large":["https:\/\/povnomad.com\/wp-content\/uploads\/2025\/03\/TRIO-CJK-eSIM-768x768.webp",768,768,true],"large":["https:\/\/povnomad.com\/wp-content\/uploads\/2025\/03\/TRIO-CJK-eSIM-1024x1024.webp",1024,1024,true],"1536x1536":["https:\/\/povnomad.com\/wp-content\/uploads\/2025\/03\/TRIO-CJK-eSIM.webp",1200,1200,false],"2048x2048":["https:\/\/povnomad.com\/wp-content\/uploads\/2025\/03\/TRIO-CJK-eSIM.webp",1200,1200,false],"woocommerce_thumbnail":["https:\/\/povnomad.com\/wp-content\/uploads\/2025\/03\/TRIO-CJK-eSIM-300x300.webp",300,300,true],"woocommerce_single":["https:\/\/povnomad.com\/wp-content\/uploads\/2025\/03\/TRIO-CJK-eSIM-300x300.webp",300,300,true],"woocommerce_gallery_thumbnail":["https:\/\/povnomad.com\/wp-content\/uploads\/2025\/03\/TRIO-CJK-eSIM-100x100.webp",100,100,true],"variation_swatches_image_size":["https:\/\/povnomad.com\/wp-content\/uploads\/2025\/03\/TRIO-CJK-eSIM-50x50.webp",50,50,true],"variation_swatches_tooltip_size":["https:\/\/povnomad.com\/wp-content\/uploads\/2025\/03\/TRIO-CJK-eSIM-100x100.webp",100,100,true],"dgwt-wcas-product-suggestion":["https:\/\/povnomad.com\/wp-content\/uploads\/2025\/03\/TRIO-CJK-eSIM-64x64.webp",64,64,true]},"uagb_author_info":{"display_name":"Daniel","author_link":"https:\/\/povnomad.com\/es\/author\/"},"uagb_comment_info":0,"uagb_excerpt":"eSIM TRIO: China, S\u00fcdkorea, Japan\u00a0\u2013 sofort aktivierbar &amp; ohne Roamingkosten Kompatibel mit allen entsperrten, eSIM-f\u00e4higen Ger\u00e4ten QR-Code per E-Mail \u2013 in Sekunden nutzbar Hotspot teilbar f\u00fcr Laptop &amp; Tablet Volle 5G-Geschwindigkeit","_links":{"self":[{"href":"https:\/\/povnomad.com\/es\/wp-json\/wp\/v2\/product\/2869","targetHints":{"allow":["GET"]}}],"collection":[{"href":"https:\/\/povnomad.com\/es\/wp-json\/wp\/v2\/product"}],"about":[{"href":"https:\/\/povnomad.com\/es\/wp-json\/wp\/v2\/types\/product"}],"replies":[{"embeddable":true,"href":"https:\/\/povnomad.com\/es\/wp-json\/wp\/v2\/comments?post=2869"}],"wp:featuredmedia":[{"embeddable":true,"href":"https:\/\/povnomad.com\/es\/wp-json\/wp\/v2\/media\/10733"}],"wp:attachment":[{"href":"https:\/\/povnomad.com\/es\/wp-json\/wp\/v2\/media?parent=2869"}],"wp:term":[{"taxonomy":"product_brand","embeddable":true,"href":"https:\/\/povnomad.com\/es\/wp-json\/wp\/v2\/product_brand?post=2869"},{"taxonomy":"product_cat","embeddable":true,"href":"https:\/\/povnomad.com\/es\/wp-json\/wp\/v2\/product_cat?post=2869"},{"taxonomy":"product_tag","embeddable":true,"href":"https:\/\/povnomad.com\/es\/wp-json\/wp\/v2\/product_tag?post=2869"}],"curies":[{"name":"wp","href":"https:\/\/api.w.org\/{rel}","templated":true}]}}