{"id":2860,"date":"2025-03-30T23:45:16","date_gmt":"2025-03-30T21:45:16","guid":{"rendered":"https:\/\/povnomad.com\/?post_type=product&#038;p=2860"},"modified":"2026-02-02T05:47:24","modified_gmt":"2026-02-02T03:47:24","slug":"karibik-esim-20-gebiete","status":"publish","type":"product","link":"https:\/\/povnomad.com\/es\/producto\/karibik-esim-20-gebiete\/","title":{"rendered":"Karibik eSIM (20+ Gebiete)"},"content":{"rendered":"<h3>\ud83c\udf0d eSIM S\u00fcdamerika &amp; Karibik: unbegrenztes Datenvolumen &amp; sofort aktivierbar<\/h3>\n<p>Bleib in <strong>S\u00fcdamerika und der Karibik<\/strong> in \u00fcber <strong>25 L\u00e4ndern &amp; Gebieten<\/strong> zuverl\u00e4ssig online \u2013 mit der digitalen <strong>POVNOMAD eSIM<\/strong>. Einfach QR-Code scannen, aktivieren und direkt nach der Ankunft im jeweiligen <strong>lokalen 4G- oder 5G-Netz<\/strong> surfen. Ideal f\u00fcr Rundreisen, Inselhopping, Kreuzfahrten oder l\u00e4ngere Trips durch Lateinamerika \u2013 ganz ohne SIM-Karten-Chaos.<\/p>\n<p><strong data-start=\"74\" data-end=\"98\">Unterst\u00fctzte L\u00e4nder:<\/strong><br data-start=\"98\" data-end=\"101\" \/>Anguilla, Antigua und Barbuda, Argentinien, Barbados, Bolivien, Brasilien, Britische Jungferninseln, Dominica, Dominikanische Republik, Franz\u00f6sisch-Guayana, Grenada, Guadeloupe, Jamaika, Kaimaninseln, Kolumbien, Montserrat, Niederl\u00e4ndische Antillen (Curacao, Bonaire, Saint Maarten, Saba, Sint Eustatius &amp; frz. St Martin &amp; St. Barthelemy -&gt; Netz von Chippie, aktuell <strong><em>kein Netz auf Aruba<\/em><\/strong>), Paraguay, Peru, Puerto Rico, St. Kitts und Nevis, St. Lucia, St. Vincent und die Grenadinen, Turks- und Caicosinseln, Uruguay<\/p>\n<h4>\ud83d\ude80 Vorteile<\/h4>\n<ul>\n<li>Sofort aktivierbar \u2013 keine physische SIM n\u00f6tig<\/li>\n<li>Keine Roaminggeb\u00fchren oder versteckten Kosten<\/li>\n<li>Automatische Netzauswahl je nach Land<\/li>\n<li>Hotspot nutzbar \u2013 perfekt f\u00fcr Laptop &amp; Tablet<\/li>\n<li>Bis zu 100 Tage nach dem Kauf aktivierbar<\/li>\n<\/ul>\n<p>\u27a1\ufe0f <strong>Alle Details zur eSIM f\u00fcr S\u00fcdamerika &amp; Karibik findest du unten <\/strong>oder schreib uns direkt \u00fcber <a href=\"https:\/\/wa.me\/491605741177?text=Hallo%20POVNOMAD%2C%20ich%20habe%20eine%20Frage%20zur%20S%C3%BCdamerika%20Karibik%20eSIM\" target=\"_blank\" rel=\"noopener noreferrer\">\ud83d\udcac unseren WhatsApp-Kundenservice<\/a>.<\/p>\n<hr \/>\n<h4>\ud83e\udde9 Funktionen<\/h4>\n<p><strong>Verwendung in:<\/strong> \ud83c\udde6\ud83c\uddf7 \ud83c\udde7\ud83c\uddf4 \ud83c\udde7\ud83c\uddf7 \ud83c\udde8\ud83c\uddf4 \ud83c\udde9\ud83c\uddf4 \ud83c\uddf5\ud83c\uddfe \ud83c\uddec\ud83c\uddf5 \ud83c\uddf5\ud83c\uddea \ud83c\uddf5\ud83c\uddf7 \ud83c\uddfa\ud83c\uddfe \ud83c\udde6\ud83c\uddee \ud83c\udde6\ud83c\uddec \ud83c\udde7\ud83c\udde7 \ud83c\uddec\ud83c\udde9 \ud83c\uddf2\ud83c\uddf8 \ud83c\uddf0\ud83c\uddf3 \ud83c\uddf1\ud83c\udde8 \ud83c\uddec\ud83c\uddeb \ud83c\uddfb\ud83c\udde8 \ud83c\udde9\ud83c\uddf2 \ud83c\uddf9\ud83c\udde8 \ud83c\uddfb\ud83c\uddec \ud83c\uddef\ud83c\uddf2 \ud83c\uddf0\ud83c\uddfe \ud83c\udde8\ud83c\uddfc<br \/>\n<strong>Aufladung m\u00f6glich:<\/strong> Nein<br \/>\n<strong>Nur Daten:<\/strong> Ja<br \/>\n<strong>SMS:<\/strong> Nein<br \/>\n<strong>Anrufe:<\/strong> Nein (nur \u00fcber Apps \/ VOIP)<\/p>\n<h4>\ud83d\udcf1Kompatibilit\u00e4t pr\u00fcfen<\/h4>\n<p><a href=\"https:\/\/www.gsmarena.com\/results.php3?sSIMTypes=4\" target=\"_blank\" rel=\"noopener noreferrer\">Vorab Kompatibilit\u00e4t online pr\u00fcfen (externe Website) oder per Codeeingabe ins Telefonfeld *#06# - Wird eine EID angezeigt? Dann ist das Smartphone eSIM f\u00e4hig.<\/a><\/p>\n<h4>\u2699\ufe0f Technische Daten<\/h4>\n<p><strong>Aktivierung m\u00f6glich bis:<\/strong> 100 Tage nach Kauf<br \/>\n<strong>Datenexit-Land:<\/strong> PL<br \/>\n<strong>Hotspot:<\/strong> Ja<br \/>\n<strong>Geschwindigkeitsreduzierung:<\/strong> Nein<br \/>\n<strong>Abdeckung:<\/strong> AR, BO, BR, CO, DO, PY, GP, PE, PR, UY, AI, AG, BB, GD, MS, KN, AN, LC, GF, VC, DM, TC, VG, JM, KY<br \/>\n<strong>Netzwerke:<\/strong> AR \u2013 Claro 4G \u00b7 BO \u2013 Tigo 4G \u00b7 BR \u2013 TIM 5G \u00b7 CO \u2013 Claro 4G \u00b7 DO \u2013 Altice 3G \u00b7 PY \u2013 Tigo 4G \u00b7 GP \u2013 Dauphin 4G \u00b7 PE \u2013 Claro 4G \/ Entel 5G \u00b7 PR \u2013 Claro 5G \u00b7 UY \u2013 Antel 4G \u00b7 Karibik \u2013 FLOW \/ Digicel 4G<br \/>\n<a href=\"https:\/\/www.nperf.com\/de\/map\/-\/-\/-\/signal\" target=\"_blank\" rel=\"noopener noreferrer\">Hier Netzabdeckung pr\u00fcfen<\/a><\/p>\n","protected":false},"excerpt":{"rendered":"<ul>\n<li>eSIM f\u00fcr die <strong>Karibik (20+ Gebiete)<\/strong><\/li>\n<li>Funktioniert auf allen entsperrten eSIM-unterst\u00fctzenden Ger\u00e4ten<\/li>\n<li>Sofortige Lieferung des QR-Codes<\/li>\n<li>Teilbarer Hotspot<\/li>\n<li>Volle LTE-\/5G-Geschwindigkeit \u2013 keine Drosselung<\/li>\n<\/ul>\n","protected":false},"featured_media":8689,"comment_status":"open","ping_status":"closed","template":"","meta":{"inline_featured_image":false,"_uag_custom_page_level_css":"","site-sidebar-layout":"default","site-content-layout":"","ast-site-content-layout":"default","site-content-style":"default","site-sidebar-style":"default","ast-global-header-display":"","ast-banner-title-visibility":"","ast-main-header-display":"","ast-hfb-above-header-display":"","ast-hfb-below-header-display":"","ast-hfb-mobile-header-display":"","site-post-title":"","ast-breadcrumbs-content":"","ast-featured-img":"","footer-sml-layout":"","theme-transparent-header-meta":"default","adv-header-id-meta":"","stick-header-meta":"","header-above-stick-meta":"","header-main-stick-meta":"","header-below-stick-meta":"","astra-migrate-meta-layouts":"set","ast-page-background-enabled":"default","ast-page-background-meta":{"desktop":{"background-color":"","background-image":"","background-repeat":"repeat","background-position":"center center","background-size":"auto","background-attachment":"scroll","background-type":"","background-media":"","overlay-type":"","overlay-color":"","overlay-opacity":"","overlay-gradient":""},"tablet":{"background-color":"","background-image":"","background-repeat":"repeat","background-position":"center center","background-size":"auto","background-attachment":"scroll","background-type":"","background-media":"","overlay-type":"","overlay-color":"","overlay-opacity":"","overlay-gradient":""},"mobile":{"background-color":"","background-image":"","background-repeat":"repeat","background-position":"center center","background-size":"auto","background-attachment":"scroll","background-type":"","background-media":"","overlay-type":"","overlay-color":"","overlay-opacity":"","overlay-gradient":""}},"ast-content-background-meta":{"desktop":{"background-color":"var(--ast-global-color-5)","background-image":"","background-repeat":"repeat","background-position":"center center","background-size":"auto","background-attachment":"scroll","background-type":"","background-media":"","overlay-type":"","overlay-color":"","overlay-opacity":"","overlay-gradient":""},"tablet":{"background-color":"var(--ast-global-color-5)","background-image":"","background-repeat":"repeat","background-position":"center center","background-size":"auto","background-attachment":"scroll","background-type":"","background-media":"","overlay-type":"","overlay-color":"","overlay-opacity":"","overlay-gradient":""},"mobile":{"background-color":"var(--ast-global-color-5)","background-image":"","background-repeat":"repeat","background-position":"center center","background-size":"auto","background-attachment":"scroll","background-type":"","background-media":"","overlay-type":"","overlay-color":"","overlay-opacity":"","overlay-gradient":""}}},"product_brand":[4280],"product_cat":[22,1467,23],"product_tag":[1851,1865,1852,1488,1487,1853,1531,1530,1518,1517,1800,1816,1874,1872,1734,1861,1571,1569,1847,1859,1868,1854,1822,1871,1863,1864,1873,1677,1855,24,1867,1857,1682,1683,1684,1866,1856,1858,1869,1860,1870,1862,1685],"class_list":{"0":"post-2860","1":"product","2":"type-product","3":"status-publish","4":"has-post-thumbnail","6":"product_brand-povnomad-esim","7":"product_cat-esim","8":"product_cat-global","9":"product_cat-eegional","10":"product_tag-anguilla","11":"product_tag-antigua-and-barbuda","12":"product_tag-antigua-und-barbuda","13":"product_tag-argentina","14":"product_tag-argentinien","15":"product_tag-barbados","16":"product_tag-bolivia","17":"product_tag-bolivien","18":"product_tag-brasilien","19":"product_tag-brazil","20":"product_tag-britische-jungferninseln","21":"product_tag-british-virgin-islands","22":"product_tag-caribean","23":"product_tag-cayman-islands","24":"product_tag-colombia","25":"product_tag-dominica","26":"product_tag-dominican-republic","27":"product_tag-dominikanische-republik","28":"product_tag-esim","29":"product_tag-franzoesisch-guayana","30":"product_tag-french-guiana","31":"product_tag-grenada","32":"product_tag-guadeloupe","33":"product_tag-jamaica","34":"product_tag-jamaika","35":"product_tag-kaimaninseln","36":"product_tag-karibik","37":"product_tag-kolumbien","38":"product_tag-montserrat","39":"product_tag-multicountry","40":"product_tag-netherlands-antilles","41":"product_tag-niederlaendische-antillen","42":"product_tag-paraguay","43":"product_tag-peru","44":"product_tag-puerto-rico","45":"product_tag-st-kitts-and-nevis","46":"product_tag-st-kitts-und-nevis","47":"product_tag-st-lucia","48":"product_tag-st-vincent-and-the-grenadines","49":"product_tag-st-vincent-und-die-grenadinen","50":"product_tag-turks-and-caicos-islands","51":"product_tag-turks-und-caicosinseln","52":"product_tag-uruguay","53":"desktop-align-left","54":"tablet-align-left","55":"mobile-align-left","57":"first","58":"instock","59":"taxable","60":"shipping-taxable","61":"purchasable","62":"product-type-variable","63":"has-default-attributes"},"yoast_head":"<!-- This site is optimized with the Yoast SEO plugin v27.4 - https:\/\/yoast.com\/product\/yoast-seo-wordpress\/ -->\n<title>Karibik eSIM (20+ Gebiete) - POVNOMAD eSIM - for travellers and nomad\u00b4s life<\/title>\n<meta name=\"description\" content=\"Unbegrenzte eSIM f\u00fcr S\u00fcdamerika &amp; Karibik in \u00fcber 25 L\u00e4ndern. Sofort aktivierbar, kein Roaming, lokale 4G\/5G-Netze, ideal f\u00fcr Rundreisen &amp; Inselhopping.\" \/>\n<meta name=\"robots\" content=\"index, follow, max-snippet:-1, max-image-preview:large, max-video-preview:-1\" \/>\n<link rel=\"canonical\" href=\"https:\/\/povnomad.com\/es\/producto\/karibik-esim-20-gebiete\/\" \/>\n<meta property=\"og:locale\" content=\"es_ES\" \/>\n<meta property=\"og:type\" content=\"article\" \/>\n<meta property=\"og:title\" content=\"Karibik eSIM (20+ Gebiete) - POVNOMAD eSIM - for travellers and nomad\u00b4s life\" \/>\n<meta property=\"og:description\" content=\"Unbegrenzte eSIM f\u00fcr S\u00fcdamerika &amp; Karibik in \u00fcber 25 L\u00e4ndern. Sofort aktivierbar, kein Roaming, lokale 4G\/5G-Netze, ideal f\u00fcr Rundreisen &amp; Inselhopping.\" \/>\n<meta property=\"og:url\" content=\"https:\/\/povnomad.com\/es\/producto\/karibik-esim-20-gebiete\/\" \/>\n<meta property=\"og:site_name\" content=\"POVNOMAD eSIM - for travellers and nomad\u00b4s life\" \/>\n<meta property=\"article:modified_time\" content=\"2026-02-02T03:47:24+00:00\" \/>\n<meta property=\"og:image\" content=\"https:\/\/povnomad.com\/wp-content\/uploads\/2026\/01\/Karibik-20-eSIM.webp\" \/>\n\t<meta property=\"og:image:width\" content=\"1200\" \/>\n\t<meta property=\"og:image:height\" content=\"1200\" \/>\n\t<meta property=\"og:image:type\" content=\"image\/webp\" \/>\n<meta name=\"twitter:card\" content=\"summary_large_image\" \/>\n<meta name=\"twitter:label1\" content=\"Tiempo de lectura\" \/>\n\t<meta name=\"twitter:data1\" content=\"3 minutos\" \/>\n<script type=\"application\/ld+json\" class=\"yoast-schema-graph\">{\"@context\":\"https:\\\/\\\/schema.org\",\"@graph\":[{\"@type\":\"WebPage\",\"@id\":\"https:\\\/\\\/povnomad.com\\\/es\\\/producto\\\/karibik-esim-20-gebiete\\\/\",\"url\":\"https:\\\/\\\/povnomad.com\\\/es\\\/producto\\\/karibik-esim-20-gebiete\\\/\",\"name\":\"Karibik eSIM (20+ Gebiete) - POVNOMAD eSIM - for travellers and nomad\u00b4s life\",\"isPartOf\":{\"@id\":\"https:\\\/\\\/povnomad.com\\\/es\\\/#website\"},\"primaryImageOfPage\":{\"@id\":\"https:\\\/\\\/povnomad.com\\\/es\\\/producto\\\/karibik-esim-20-gebiete\\\/#primaryimage\"},\"image\":{\"@id\":\"https:\\\/\\\/povnomad.com\\\/es\\\/producto\\\/karibik-esim-20-gebiete\\\/#primaryimage\"},\"thumbnailUrl\":\"https:\\\/\\\/povnomad.com\\\/wp-content\\\/uploads\\\/2026\\\/01\\\/Karibik-20-eSIM.webp\",\"datePublished\":\"2025-03-30T21:45:16+00:00\",\"dateModified\":\"2026-02-02T03:47:24+00:00\",\"description\":\"Unbegrenzte eSIM f\u00fcr S\u00fcdamerika & Karibik in \u00fcber 25 L\u00e4ndern. Sofort aktivierbar, kein Roaming, lokale 4G\\\/5G-Netze, ideal f\u00fcr Rundreisen & Inselhopping.\",\"breadcrumb\":{\"@id\":\"https:\\\/\\\/povnomad.com\\\/es\\\/producto\\\/karibik-esim-20-gebiete\\\/#breadcrumb\"},\"inLanguage\":\"es\",\"potentialAction\":[{\"@type\":\"ReadAction\",\"target\":[\"https:\\\/\\\/povnomad.com\\\/es\\\/producto\\\/karibik-esim-20-gebiete\\\/\"]}]},{\"@type\":\"ImageObject\",\"inLanguage\":\"es\",\"@id\":\"https:\\\/\\\/povnomad.com\\\/es\\\/producto\\\/karibik-esim-20-gebiete\\\/#primaryimage\",\"url\":\"https:\\\/\\\/povnomad.com\\\/wp-content\\\/uploads\\\/2026\\\/01\\\/Karibik-20-eSIM.webp\",\"contentUrl\":\"https:\\\/\\\/povnomad.com\\\/wp-content\\\/uploads\\\/2026\\\/01\\\/Karibik-20-eSIM.webp\",\"width\":1200,\"height\":1200},{\"@type\":\"BreadcrumbList\",\"@id\":\"https:\\\/\\\/povnomad.com\\\/es\\\/producto\\\/karibik-esim-20-gebiete\\\/#breadcrumb\",\"itemListElement\":[{\"@type\":\"ListItem\",\"position\":1,\"name\":\"P\u00e1gina de inicio\",\"item\":\"https:\\\/\\\/povnomad.com\\\/es\\\/\"},{\"@type\":\"ListItem\",\"position\":2,\"name\":\"Productos\",\"item\":\"https:\\\/\\\/povnomad.com\\\/es\\\/shop\\\/\"},{\"@type\":\"ListItem\",\"position\":3,\"name\":\"Karibik eSIM (20+ Gebiete)\"}]},{\"@type\":\"WebSite\",\"@id\":\"https:\\\/\\\/povnomad.com\\\/es\\\/#website\",\"url\":\"https:\\\/\\\/povnomad.com\\\/es\\\/\",\"name\":\"povnomad eSIM - for travellers and nomad\u00b4s life\",\"description\":\"eSIMs with \u2764\ufe0f  in Germany \ud83c\udde9\ud83c\uddea\",\"publisher\":{\"@id\":\"https:\\\/\\\/povnomad.com\\\/es\\\/#organization\"},\"potentialAction\":[{\"@type\":\"SearchAction\",\"target\":{\"@type\":\"EntryPoint\",\"urlTemplate\":\"https:\\\/\\\/povnomad.com\\\/es\\\/?s={search_term_string}\"},\"query-input\":{\"@type\":\"PropertyValueSpecification\",\"valueRequired\":true,\"valueName\":\"search_term_string\"}}],\"inLanguage\":\"es\"},{\"@type\":\"Organization\",\"@id\":\"https:\\\/\\\/povnomad.com\\\/es\\\/#organization\",\"name\":\"povnomad eSIM - for travellers and nomad\u00b4s life\",\"url\":\"https:\\\/\\\/povnomad.com\\\/es\\\/\",\"logo\":{\"@type\":\"ImageObject\",\"inLanguage\":\"es\",\"@id\":\"https:\\\/\\\/povnomad.com\\\/es\\\/#\\\/schema\\\/logo\\\/image\\\/\",\"url\":\"https:\\\/\\\/povnomad.com\\\/wp-content\\\/uploads\\\/2026\\\/03\\\/cropped-POVNOMAD-LOGO-HQ-ohne-BG-mobile-webp.webp\",\"contentUrl\":\"https:\\\/\\\/povnomad.com\\\/wp-content\\\/uploads\\\/2026\\\/03\\\/cropped-POVNOMAD-LOGO-HQ-ohne-BG-mobile-webp.webp\",\"width\":1291,\"height\":322,\"caption\":\"povnomad eSIM - for travellers and nomad\u00b4s life\"},\"image\":{\"@id\":\"https:\\\/\\\/povnomad.com\\\/es\\\/#\\\/schema\\\/logo\\\/image\\\/\"},\"sameAs\":[\"https:\\\/\\\/www.instagram.com\\\/povnomad_\",\"https:\\\/\\\/tiktok.com\\\/@povnomad_\"]}]}<\/script>\n<!-- \/ Yoast SEO plugin. -->","yoast_head_json":{"title":"Karibik eSIM (20+ Gebiete) - POVNOMAD eSIM - for travellers and nomad\u00b4s life","description":"Unbegrenzte eSIM f\u00fcr S\u00fcdamerika & Karibik in \u00fcber 25 L\u00e4ndern. Sofort aktivierbar, kein Roaming, lokale 4G\/5G-Netze, ideal f\u00fcr Rundreisen & Inselhopping.","robots":{"index":"index","follow":"follow","max-snippet":"max-snippet:-1","max-image-preview":"max-image-preview:large","max-video-preview":"max-video-preview:-1"},"canonical":"https:\/\/povnomad.com\/es\/producto\/karibik-esim-20-gebiete\/","og_locale":"es_ES","og_type":"article","og_title":"Karibik eSIM (20+ Gebiete) - POVNOMAD eSIM - for travellers and nomad\u00b4s life","og_description":"Unbegrenzte eSIM f\u00fcr S\u00fcdamerika & Karibik in \u00fcber 25 L\u00e4ndern. Sofort aktivierbar, kein Roaming, lokale 4G\/5G-Netze, ideal f\u00fcr Rundreisen & Inselhopping.","og_url":"https:\/\/povnomad.com\/es\/producto\/karibik-esim-20-gebiete\/","og_site_name":"POVNOMAD eSIM - for travellers and nomad\u00b4s life","article_modified_time":"2026-02-02T03:47:24+00:00","og_image":[{"width":1200,"height":1200,"url":"https:\/\/povnomad.com\/wp-content\/uploads\/2026\/01\/Karibik-20-eSIM.webp","type":"image\/webp"}],"twitter_card":"summary_large_image","twitter_misc":{"Tiempo de lectura":"3 minutos"},"schema":{"@context":"https:\/\/schema.org","@graph":[{"@type":"WebPage","@id":"https:\/\/povnomad.com\/es\/producto\/karibik-esim-20-gebiete\/","url":"https:\/\/povnomad.com\/es\/producto\/karibik-esim-20-gebiete\/","name":"Karibik eSIM (20+ Gebiete) - POVNOMAD eSIM - for travellers and nomad\u00b4s life","isPartOf":{"@id":"https:\/\/povnomad.com\/es\/#website"},"primaryImageOfPage":{"@id":"https:\/\/povnomad.com\/es\/producto\/karibik-esim-20-gebiete\/#primaryimage"},"image":{"@id":"https:\/\/povnomad.com\/es\/producto\/karibik-esim-20-gebiete\/#primaryimage"},"thumbnailUrl":"https:\/\/povnomad.com\/wp-content\/uploads\/2026\/01\/Karibik-20-eSIM.webp","datePublished":"2025-03-30T21:45:16+00:00","dateModified":"2026-02-02T03:47:24+00:00","description":"Unbegrenzte eSIM f\u00fcr S\u00fcdamerika & Karibik in \u00fcber 25 L\u00e4ndern. Sofort aktivierbar, kein Roaming, lokale 4G\/5G-Netze, ideal f\u00fcr Rundreisen & Inselhopping.","breadcrumb":{"@id":"https:\/\/povnomad.com\/es\/producto\/karibik-esim-20-gebiete\/#breadcrumb"},"inLanguage":"es","potentialAction":[{"@type":"ReadAction","target":["https:\/\/povnomad.com\/es\/producto\/karibik-esim-20-gebiete\/"]}]},{"@type":"ImageObject","inLanguage":"es","@id":"https:\/\/povnomad.com\/es\/producto\/karibik-esim-20-gebiete\/#primaryimage","url":"https:\/\/povnomad.com\/wp-content\/uploads\/2026\/01\/Karibik-20-eSIM.webp","contentUrl":"https:\/\/povnomad.com\/wp-content\/uploads\/2026\/01\/Karibik-20-eSIM.webp","width":1200,"height":1200},{"@type":"BreadcrumbList","@id":"https:\/\/povnomad.com\/es\/producto\/karibik-esim-20-gebiete\/#breadcrumb","itemListElement":[{"@type":"ListItem","position":1,"name":"P\u00e1gina de inicio","item":"https:\/\/povnomad.com\/es\/"},{"@type":"ListItem","position":2,"name":"Productos","item":"https:\/\/povnomad.com\/es\/shop\/"},{"@type":"ListItem","position":3,"name":"Karibik eSIM (20+ Gebiete)"}]},{"@type":"WebSite","@id":"https:\/\/povnomad.com\/es\/#website","url":"https:\/\/povnomad.com\/es\/","name":"povnomad eSIM - for travellers and nomad\u00b4s life","description":"eSIMs with \u2764\ufe0f  in Germany \ud83c\udde9\ud83c\uddea","publisher":{"@id":"https:\/\/povnomad.com\/es\/#organization"},"potentialAction":[{"@type":"SearchAction","target":{"@type":"EntryPoint","urlTemplate":"https:\/\/povnomad.com\/es\/?s={search_term_string}"},"query-input":{"@type":"PropertyValueSpecification","valueRequired":true,"valueName":"search_term_string"}}],"inLanguage":"es"},{"@type":"Organization","@id":"https:\/\/povnomad.com\/es\/#organization","name":"povnomad eSIM - for travellers and nomad\u00b4s life","url":"https:\/\/povnomad.com\/es\/","logo":{"@type":"ImageObject","inLanguage":"es","@id":"https:\/\/povnomad.com\/es\/#\/schema\/logo\/image\/","url":"https:\/\/povnomad.com\/wp-content\/uploads\/2026\/03\/cropped-POVNOMAD-LOGO-HQ-ohne-BG-mobile-webp.webp","contentUrl":"https:\/\/povnomad.com\/wp-content\/uploads\/2026\/03\/cropped-POVNOMAD-LOGO-HQ-ohne-BG-mobile-webp.webp","width":1291,"height":322,"caption":"povnomad eSIM - for travellers and nomad\u00b4s life"},"image":{"@id":"https:\/\/povnomad.com\/es\/#\/schema\/logo\/image\/"},"sameAs":["https:\/\/www.instagram.com\/povnomad_","https:\/\/tiktok.com\/@povnomad_"]}]}},"uagb_featured_image_src":{"full":["https:\/\/povnomad.com\/wp-content\/uploads\/2026\/01\/Karibik-20-eSIM.webp",1200,1200,false],"thumbnail":["https:\/\/povnomad.com\/wp-content\/uploads\/2026\/01\/Karibik-20-eSIM-150x150.webp",150,150,true],"medium":["https:\/\/povnomad.com\/wp-content\/uploads\/2026\/01\/Karibik-20-eSIM-300x300.webp",300,300,true],"medium_large":["https:\/\/povnomad.com\/wp-content\/uploads\/2026\/01\/Karibik-20-eSIM-768x768.webp",768,768,true],"large":["https:\/\/povnomad.com\/wp-content\/uploads\/2026\/01\/Karibik-20-eSIM-1024x1024.webp",1024,1024,true],"1536x1536":["https:\/\/povnomad.com\/wp-content\/uploads\/2026\/01\/Karibik-20-eSIM.webp",1200,1200,false],"2048x2048":["https:\/\/povnomad.com\/wp-content\/uploads\/2026\/01\/Karibik-20-eSIM.webp",1200,1200,false],"woocommerce_thumbnail":["https:\/\/povnomad.com\/wp-content\/uploads\/2026\/01\/Karibik-20-eSIM-300x300.webp",300,300,true],"woocommerce_single":["https:\/\/povnomad.com\/wp-content\/uploads\/2026\/01\/Karibik-20-eSIM-300x300.webp",300,300,true],"woocommerce_gallery_thumbnail":["https:\/\/povnomad.com\/wp-content\/uploads\/2026\/01\/Karibik-20-eSIM-100x100.webp",100,100,true],"variation_swatches_image_size":["https:\/\/povnomad.com\/wp-content\/uploads\/2026\/01\/Karibik-20-eSIM-50x50.webp",50,50,true],"variation_swatches_tooltip_size":["https:\/\/povnomad.com\/wp-content\/uploads\/2026\/01\/Karibik-20-eSIM-100x100.webp",100,100,true],"dgwt-wcas-product-suggestion":["https:\/\/povnomad.com\/wp-content\/uploads\/2026\/01\/Karibik-20-eSIM-64x64.webp",64,64,true]},"uagb_author_info":{"display_name":"Daniel","author_link":"https:\/\/povnomad.com\/es\/author\/"},"uagb_comment_info":0,"uagb_excerpt":"eSIM f\u00fcr die Karibik (20+ Gebiete) Funktioniert auf allen entsperrten eSIM-unterst\u00fctzenden Ger\u00e4ten Sofortige Lieferung des QR-Codes Teilbarer Hotspot Volle LTE-\/5G-Geschwindigkeit \u2013 keine Drosselung","_links":{"self":[{"href":"https:\/\/povnomad.com\/es\/wp-json\/wp\/v2\/product\/2860","targetHints":{"allow":["GET"]}}],"collection":[{"href":"https:\/\/povnomad.com\/es\/wp-json\/wp\/v2\/product"}],"about":[{"href":"https:\/\/povnomad.com\/es\/wp-json\/wp\/v2\/types\/product"}],"replies":[{"embeddable":true,"href":"https:\/\/povnomad.com\/es\/wp-json\/wp\/v2\/comments?post=2860"}],"wp:featuredmedia":[{"embeddable":true,"href":"https:\/\/povnomad.com\/es\/wp-json\/wp\/v2\/media\/8689"}],"wp:attachment":[{"href":"https:\/\/povnomad.com\/es\/wp-json\/wp\/v2\/media?parent=2860"}],"wp:term":[{"taxonomy":"product_brand","embeddable":true,"href":"https:\/\/povnomad.com\/es\/wp-json\/wp\/v2\/product_brand?post=2860"},{"taxonomy":"product_cat","embeddable":true,"href":"https:\/\/povnomad.com\/es\/wp-json\/wp\/v2\/product_cat?post=2860"},{"taxonomy":"product_tag","embeddable":true,"href":"https:\/\/povnomad.com\/es\/wp-json\/wp\/v2\/product_tag?post=2860"}],"curies":[{"name":"wp","href":"https:\/\/api.w.org\/{rel}","templated":true}]}}