{"id":2836,"date":"2025-03-30T23:45:15","date_gmt":"2025-03-30T21:45:15","guid":{"rendered":"https:\/\/povnomad.com\/?post_type=product&#038;p=2836"},"modified":"2026-02-02T05:24:22","modified_gmt":"2026-02-02T03:24:22","slug":"afrika-esim-25-laender","status":"publish","type":"product","link":"https:\/\/povnomad.com\/es\/producto\/afrika-esim-25-laender\/","title":{"rendered":"Afrika eSIM (25+ L\u00e4nder)"},"content":{"rendered":"<div class=\"drei-box-layout\">\n<div class=\"box box-features\">\n<h2>Funktionen<\/h2>\n<ul>\n<li class=\"feature-item\" data-feature=\"use-in\"><strong>Verwendung in:<\/strong> \ud83c\udde7\ud83c\uddeb, \ud83c\uddf7\ud83c\uddea, \ud83c\uddf2\ud83c\uddec, \ud83c\uddf2\ud83c\uddfc, \ud83c\udde7\ud83c\uddfc, \ud83c\udde8\ud83c\uddeb, \ud83c\uddf9\ud83c\udde9, \ud83c\udde8\ud83c\uddec, \ud83c\udde8\ud83c\udde9, \ud83c\udde8\ud83c\uddee, \ud83c\uddea\ud83c\uddec, \ud83c\uddec\ud83c\udde6, \ud83c\uddec\ud83c\udded, \ud83c\uddec\ud83c\uddfc, \ud83c\uddf0\ud83c\uddea, \ud83c\uddf1\ud83c\uddf7, \ud83c\uddf2\ud83c\uddf1, \ud83c\uddf2\ud83c\udde6, \ud83c\uddf3\ud83c\uddea, \ud83c\uddf3\ud83c\uddec, \ud83c\uddf8\ud83c\uddf3, \ud83c\uddf8\ud83c\udde8, \ud83c\uddff\ud83c\udde6, \ud83c\uddf8\ud83c\udde9, \ud83c\uddf8\ud83c\uddff, \ud83c\uddf9\ud83c\uddff, \ud83c\uddf9\ud83c\uddf3, \ud83c\uddfa\ud83c\uddec, \ud83c\uddff\ud83c\uddf2<\/li>\n<li class=\"feature-item\" data-feature=\"top-up\"><strong>Aufladung m\u00f6glich:<\/strong> Ja<\/li>\n<li class=\"feature-item\" data-feature=\"data-only\"><strong>Nur Daten:<\/strong> Ja<\/li>\n<li class=\"feature-item\" data-feature=\"sms\"><strong>SMS:<\/strong> Nein<\/li>\n<li class=\"feature-item\" data-feature=\"calls\"><strong>Anrufe:<\/strong> Nein, nur \u00fcber Apps (VOIP)<\/li>\n<\/ul>\n<h4>\ud83e\udde9 Kompatibilit\u00e4t pr\u00fcfen<\/h4>\n<p><a href=\"https:\/\/www.gsmarena.com\/results.php3?sSIMTypes=4\" target=\"_blank\" rel=\"noopener noreferrer\">Vorab Kompatibilit\u00e4t online pr\u00fcfen (externe Website) oder per Codeeingabe ins Telefonfeld *#06# - Wird eine EID angezeigt? Dann ist das Smartphone eSIM f\u00e4hig.<\/a><\/p>\n<\/div>\n<div class=\"box box-description\">\n<h2>Beschreibung<\/h2>\n<p>Erhalten Sie mit diesem eSIM-Plan die h\u00f6chsten Geschwindigkeiten in Afrika (\u00fcber 25 Gebiete). Starten Sie Ihre eSIM sofort nach Ihrer Ankunft in Afrika und genie\u00dfen Sie Hochgeschwindigkeitsdaten ohne versteckte Roaming-Geb\u00fchren.<\/p>\n<p class=\"more-description\">Dies ist ein Datentarif mit voller Geschwindigkeit.<\/p>\n<\/div>\n<div class=\"box box-technical-specs\">\n<h2>Technische Daten<\/h2>\n<ul>\n<li class=\"spec-item\" data-spec=\"pre-activation\"><strong>Voraktivierungstage:<\/strong> 100 Tage<\/li>\n<li class=\"spec-item\" data-spec=\"data-exit\"><strong>Datenexit-Land:<\/strong> Unbekannt<\/li>\n<li class=\"spec-item\" data-spec=\"hotspot\"><strong>Hotspot:<\/strong> Ja<\/li>\n<li class=\"spec-item\" data-spec=\"speed-reduction\"><strong>Geschwindigkeitsreduzierung:<\/strong> Nein<\/li>\n<li class=\"spec-item\" data-spec=\"coverage\"><strong>Abdeckung:<\/strong> BF, RE, MG, MW, BW, CF, TD, CG, CD, CI, EG, GA, GH, GW, KE, LR, ML, MA, NE, NG, SN, SC, ZA, SD, SZ, TZ, TN, UG, ZM<\/li>\n<li class=\"spec-item\" data-spec=\"networks\"><strong>Netzwerke:<\/strong> BF \u2013 Orange 3G; RE - Orange 4G; MG - Airtel 4G; MW - Airtel 4G; BW - Mascom 3G, Orange 4G; CF \u2013 Orange 3G; TD \u2013 Airtel 4G; CG \u2013 Airtel 4G; CD - Airtel 4G, Orange 4G; CI \u2013 Orange 4G; ZB - Orange 4G; GA \u2013 Airtel 4G; GH \u2013 Vodafone 4G, Airtel 3G, MTN 4G; GW - MTN Areeba 3G; KE \u2013 Airtel 5G; LR \u2013 Lonestar Cell MTN 4G, Orange 3G; ML \u2013 Orange 4G; MA \u2013 IAM 4G, INWI 4G, Orange Morocco 4G; NE \u2013 Airtel 3G, Orange 3G; NG \u2013 Airtel 4G, MTN 5G; SN \u2013 Orange 4G; SC \u2013 Airtel 4G; ZA \u2013 MTN 5G, Vodacom 4G; SD \u2013 MTN 4G; SZ \u2013 Swazi MTN 4G, Swazi Mobile 3G; TZ - Airtel 4G; TN - Orange 4G, OOREDOO TN 4G; UG - Airtel 4G, MTN 4G; ZM - Airtel 4G, MTN 3G<\/li>\n<li class=\"spec-item\" data-spec=\"country-list\"><strong>Unterst\u00fctzte L\u00e4nder:<\/strong> Burkina Faso, R\u00e9union, Madagaskar, Malawi, Botswana, Zentralafrikanische Republik, Tschad, Kongo, Demokratische Republik Kongo, Elfenbeink\u00fcste, \u00c4gypten, Gabun, Ghana, Guinea-Bissau, Kenia, Liberia, Mali, Marokko, Niger, Nigeria, Senegal, Seychellen, S\u00fcdafrika, Sudan, Swasiland, Tansania, Tunesien, Uganda, Sambia<\/li>\n<\/ul>\n<\/div>\n<\/div>\n","protected":false},"excerpt":{"rendered":"<ul>\n<li>eSIM f\u00fcr Afrika (25+ Gebiete)<\/li>\n<li>Funktioniert auf allen entsperrten eSIM-unterst\u00fctzenden Ger\u00e4ten<\/li>\n<li>Sofortige Lieferung des QR-Codes<\/li>\n<li>Teilbarer Hotspot<\/li>\n<li>Volle LTE-\/5G-Geschwindigkeit \u2013 keine Drosselung<\/li>\n<\/ul>\n","protected":false},"featured_media":1842,"comment_status":"open","ping_status":"closed","template":"","meta":{"inline_featured_image":false,"_uag_custom_page_level_css":"","site-sidebar-layout":"default","site-content-layout":"","ast-site-content-layout":"default","site-content-style":"default","site-sidebar-style":"default","ast-global-header-display":"","ast-banner-title-visibility":"","ast-main-header-display":"","ast-hfb-above-header-display":"","ast-hfb-below-header-display":"","ast-hfb-mobile-header-display":"","site-post-title":"","ast-breadcrumbs-content":"","ast-featured-img":"","footer-sml-layout":"","theme-transparent-header-meta":"default","adv-header-id-meta":"","stick-header-meta":"","header-above-stick-meta":"","header-main-stick-meta":"","header-below-stick-meta":"","astra-migrate-meta-layouts":"set","ast-page-background-enabled":"default","ast-page-background-meta":{"desktop":{"background-color":"","background-image":"","background-repeat":"repeat","background-position":"center center","background-size":"auto","background-attachment":"scroll","background-type":"","background-media":"","overlay-type":"","overlay-color":"","overlay-opacity":"","overlay-gradient":""},"tablet":{"background-color":"","background-image":"","background-repeat":"repeat","background-position":"center center","background-size":"auto","background-attachment":"scroll","background-type":"","background-media":"","overlay-type":"","overlay-color":"","overlay-opacity":"","overlay-gradient":""},"mobile":{"background-color":"","background-image":"","background-repeat":"repeat","background-position":"center center","background-size":"auto","background-attachment":"scroll","background-type":"","background-media":"","overlay-type":"","overlay-color":"","overlay-opacity":"","overlay-gradient":""}},"ast-content-background-meta":{"desktop":{"background-color":"var(--ast-global-color-5)","background-image":"","background-repeat":"repeat","background-position":"center center","background-size":"auto","background-attachment":"scroll","background-type":"","background-media":"","overlay-type":"","overlay-color":"","overlay-opacity":"","overlay-gradient":""},"tablet":{"background-color":"var(--ast-global-color-5)","background-image":"","background-repeat":"repeat","background-position":"center center","background-size":"auto","background-attachment":"scroll","background-type":"","background-media":"","overlay-type":"","overlay-color":"","overlay-opacity":"","overlay-gradient":""},"mobile":{"background-color":"var(--ast-global-color-5)","background-image":"","background-repeat":"repeat","background-position":"center center","background-size":"auto","background-attachment":"scroll","background-type":"","background-media":"","overlay-type":"","overlay-color":"","overlay-opacity":"","overlay-gradient":""}}},"product_brand":[4280],"product_cat":[1466,23],"product_tag":[24],"class_list":{"0":"post-2836","1":"product","2":"type-product","3":"status-publish","4":"has-post-thumbnail","6":"product_brand-povnomad-esim","7":"product_cat-afrika","8":"product_cat-eegional","9":"product_tag-multicountry","10":"desktop-align-left","11":"tablet-align-left","12":"mobile-align-left","14":"first","15":"instock","16":"taxable","17":"shipping-taxable","18":"purchasable","19":"product-type-variable"},"yoast_head":"<!-- This site is optimized with the Yoast SEO plugin v27.4 - https:\/\/yoast.com\/product\/yoast-seo-wordpress\/ -->\n<title>Afrika eSIM (25+ L\u00e4nder) - POVNOMAD eSIM - for travellers and nomad\u00b4s life<\/title>\n<meta name=\"robots\" content=\"index, follow, max-snippet:-1, max-image-preview:large, max-video-preview:-1\" \/>\n<link rel=\"canonical\" href=\"https:\/\/povnomad.com\/es\/producto\/afrika-esim-25-laender\/\" \/>\n<meta property=\"og:locale\" content=\"es_ES\" \/>\n<meta property=\"og:type\" content=\"article\" \/>\n<meta property=\"og:title\" content=\"Afrika eSIM (25+ L\u00e4nder) - POVNOMAD eSIM - for travellers and nomad\u00b4s life\" \/>\n<meta property=\"og:description\" content=\"eSIM f\u00fcr Afrika (25+ Gebiete)  Funktioniert auf allen entsperrten eSIM-unterst\u00fctzenden Ger\u00e4ten  Sofortige Lieferung des QR-Codes  Teilbarer Hotspot  Volle LTE-\/5G-Geschwindigkeit \u2013 keine Drosselung\" \/>\n<meta property=\"og:url\" content=\"https:\/\/povnomad.com\/es\/producto\/afrika-esim-25-laender\/\" \/>\n<meta property=\"og:site_name\" content=\"POVNOMAD eSIM - for travellers and nomad\u00b4s life\" \/>\n<meta property=\"article:modified_time\" content=\"2026-02-02T03:24:22+00:00\" \/>\n<meta property=\"og:image\" content=\"https:\/\/povnomad.com\/wp-content\/uploads\/2025\/03\/flags2Fregion2Fafrica.png\" \/>\n\t<meta property=\"og:image:width\" content=\"1024\" \/>\n\t<meta property=\"og:image:height\" content=\"1024\" \/>\n\t<meta property=\"og:image:type\" content=\"image\/png\" \/>\n<meta name=\"twitter:card\" content=\"summary_large_image\" \/>\n<meta name=\"twitter:label1\" content=\"Tiempo de lectura\" \/>\n\t<meta name=\"twitter:data1\" content=\"2 minutos\" \/>\n<script type=\"application\/ld+json\" class=\"yoast-schema-graph\">{\"@context\":\"https:\\\/\\\/schema.org\",\"@graph\":[{\"@type\":\"WebPage\",\"@id\":\"https:\\\/\\\/povnomad.com\\\/es\\\/producto\\\/afrika-esim-25-laender\\\/\",\"url\":\"https:\\\/\\\/povnomad.com\\\/es\\\/producto\\\/afrika-esim-25-laender\\\/\",\"name\":\"Afrika eSIM (25+ L\u00e4nder) - POVNOMAD eSIM - for travellers and nomad\u00b4s life\",\"isPartOf\":{\"@id\":\"https:\\\/\\\/povnomad.com\\\/es\\\/#website\"},\"primaryImageOfPage\":{\"@id\":\"https:\\\/\\\/povnomad.com\\\/es\\\/producto\\\/afrika-esim-25-laender\\\/#primaryimage\"},\"image\":{\"@id\":\"https:\\\/\\\/povnomad.com\\\/es\\\/producto\\\/afrika-esim-25-laender\\\/#primaryimage\"},\"thumbnailUrl\":\"https:\\\/\\\/povnomad.com\\\/wp-content\\\/uploads\\\/2025\\\/03\\\/flags2Fregion2Fafrica.png\",\"datePublished\":\"2025-03-30T21:45:15+00:00\",\"dateModified\":\"2026-02-02T03:24:22+00:00\",\"breadcrumb\":{\"@id\":\"https:\\\/\\\/povnomad.com\\\/es\\\/producto\\\/afrika-esim-25-laender\\\/#breadcrumb\"},\"inLanguage\":\"es\",\"potentialAction\":[{\"@type\":\"ReadAction\",\"target\":[\"https:\\\/\\\/povnomad.com\\\/es\\\/producto\\\/afrika-esim-25-laender\\\/\"]}]},{\"@type\":\"ImageObject\",\"inLanguage\":\"es\",\"@id\":\"https:\\\/\\\/povnomad.com\\\/es\\\/producto\\\/afrika-esim-25-laender\\\/#primaryimage\",\"url\":\"https:\\\/\\\/povnomad.com\\\/wp-content\\\/uploads\\\/2025\\\/03\\\/flags2Fregion2Fafrica.png\",\"contentUrl\":\"https:\\\/\\\/povnomad.com\\\/wp-content\\\/uploads\\\/2025\\\/03\\\/flags2Fregion2Fafrica.png\",\"width\":1024,\"height\":1024},{\"@type\":\"BreadcrumbList\",\"@id\":\"https:\\\/\\\/povnomad.com\\\/es\\\/producto\\\/afrika-esim-25-laender\\\/#breadcrumb\",\"itemListElement\":[{\"@type\":\"ListItem\",\"position\":1,\"name\":\"P\u00e1gina de inicio\",\"item\":\"https:\\\/\\\/povnomad.com\\\/es\\\/\"},{\"@type\":\"ListItem\",\"position\":2,\"name\":\"Productos\",\"item\":\"https:\\\/\\\/povnomad.com\\\/es\\\/shop\\\/\"},{\"@type\":\"ListItem\",\"position\":3,\"name\":\"Afrika eSIM (25+ L\u00e4nder)\"}]},{\"@type\":\"WebSite\",\"@id\":\"https:\\\/\\\/povnomad.com\\\/es\\\/#website\",\"url\":\"https:\\\/\\\/povnomad.com\\\/es\\\/\",\"name\":\"povnomad eSIM - for travellers and nomad\u00b4s life\",\"description\":\"eSIMs with \u2764\ufe0f  in Germany \ud83c\udde9\ud83c\uddea\",\"publisher\":{\"@id\":\"https:\\\/\\\/povnomad.com\\\/es\\\/#organization\"},\"potentialAction\":[{\"@type\":\"SearchAction\",\"target\":{\"@type\":\"EntryPoint\",\"urlTemplate\":\"https:\\\/\\\/povnomad.com\\\/es\\\/?s={search_term_string}\"},\"query-input\":{\"@type\":\"PropertyValueSpecification\",\"valueRequired\":true,\"valueName\":\"search_term_string\"}}],\"inLanguage\":\"es\"},{\"@type\":\"Organization\",\"@id\":\"https:\\\/\\\/povnomad.com\\\/es\\\/#organization\",\"name\":\"povnomad eSIM - for travellers and nomad\u00b4s life\",\"url\":\"https:\\\/\\\/povnomad.com\\\/es\\\/\",\"logo\":{\"@type\":\"ImageObject\",\"inLanguage\":\"es\",\"@id\":\"https:\\\/\\\/povnomad.com\\\/es\\\/#\\\/schema\\\/logo\\\/image\\\/\",\"url\":\"https:\\\/\\\/povnomad.com\\\/wp-content\\\/uploads\\\/2026\\\/03\\\/cropped-POVNOMAD-LOGO-HQ-ohne-BG-mobile-webp.webp\",\"contentUrl\":\"https:\\\/\\\/povnomad.com\\\/wp-content\\\/uploads\\\/2026\\\/03\\\/cropped-POVNOMAD-LOGO-HQ-ohne-BG-mobile-webp.webp\",\"width\":1291,\"height\":322,\"caption\":\"povnomad eSIM - for travellers and nomad\u00b4s life\"},\"image\":{\"@id\":\"https:\\\/\\\/povnomad.com\\\/es\\\/#\\\/schema\\\/logo\\\/image\\\/\"},\"sameAs\":[\"https:\\\/\\\/www.instagram.com\\\/povnomad_\",\"https:\\\/\\\/tiktok.com\\\/@povnomad_\"]}]}<\/script>\n<!-- \/ Yoast SEO plugin. -->","yoast_head_json":{"title":"Afrika eSIM (25+ L\u00e4nder) - POVNOMAD eSIM - for travellers and nomad\u00b4s life","robots":{"index":"index","follow":"follow","max-snippet":"max-snippet:-1","max-image-preview":"max-image-preview:large","max-video-preview":"max-video-preview:-1"},"canonical":"https:\/\/povnomad.com\/es\/producto\/afrika-esim-25-laender\/","og_locale":"es_ES","og_type":"article","og_title":"Afrika eSIM (25+ L\u00e4nder) - POVNOMAD eSIM - for travellers and nomad\u00b4s life","og_description":"eSIM f\u00fcr Afrika (25+ Gebiete)  Funktioniert auf allen entsperrten eSIM-unterst\u00fctzenden Ger\u00e4ten  Sofortige Lieferung des QR-Codes  Teilbarer Hotspot  Volle LTE-\/5G-Geschwindigkeit \u2013 keine Drosselung","og_url":"https:\/\/povnomad.com\/es\/producto\/afrika-esim-25-laender\/","og_site_name":"POVNOMAD eSIM - for travellers and nomad\u00b4s life","article_modified_time":"2026-02-02T03:24:22+00:00","og_image":[{"width":1024,"height":1024,"url":"https:\/\/povnomad.com\/wp-content\/uploads\/2025\/03\/flags2Fregion2Fafrica.png","type":"image\/png"}],"twitter_card":"summary_large_image","twitter_misc":{"Tiempo de lectura":"2 minutos"},"schema":{"@context":"https:\/\/schema.org","@graph":[{"@type":"WebPage","@id":"https:\/\/povnomad.com\/es\/producto\/afrika-esim-25-laender\/","url":"https:\/\/povnomad.com\/es\/producto\/afrika-esim-25-laender\/","name":"Afrika eSIM (25+ L\u00e4nder) - POVNOMAD eSIM - for travellers and nomad\u00b4s life","isPartOf":{"@id":"https:\/\/povnomad.com\/es\/#website"},"primaryImageOfPage":{"@id":"https:\/\/povnomad.com\/es\/producto\/afrika-esim-25-laender\/#primaryimage"},"image":{"@id":"https:\/\/povnomad.com\/es\/producto\/afrika-esim-25-laender\/#primaryimage"},"thumbnailUrl":"https:\/\/povnomad.com\/wp-content\/uploads\/2025\/03\/flags2Fregion2Fafrica.png","datePublished":"2025-03-30T21:45:15+00:00","dateModified":"2026-02-02T03:24:22+00:00","breadcrumb":{"@id":"https:\/\/povnomad.com\/es\/producto\/afrika-esim-25-laender\/#breadcrumb"},"inLanguage":"es","potentialAction":[{"@type":"ReadAction","target":["https:\/\/povnomad.com\/es\/producto\/afrika-esim-25-laender\/"]}]},{"@type":"ImageObject","inLanguage":"es","@id":"https:\/\/povnomad.com\/es\/producto\/afrika-esim-25-laender\/#primaryimage","url":"https:\/\/povnomad.com\/wp-content\/uploads\/2025\/03\/flags2Fregion2Fafrica.png","contentUrl":"https:\/\/povnomad.com\/wp-content\/uploads\/2025\/03\/flags2Fregion2Fafrica.png","width":1024,"height":1024},{"@type":"BreadcrumbList","@id":"https:\/\/povnomad.com\/es\/producto\/afrika-esim-25-laender\/#breadcrumb","itemListElement":[{"@type":"ListItem","position":1,"name":"P\u00e1gina de inicio","item":"https:\/\/povnomad.com\/es\/"},{"@type":"ListItem","position":2,"name":"Productos","item":"https:\/\/povnomad.com\/es\/shop\/"},{"@type":"ListItem","position":3,"name":"Afrika eSIM (25+ L\u00e4nder)"}]},{"@type":"WebSite","@id":"https:\/\/povnomad.com\/es\/#website","url":"https:\/\/povnomad.com\/es\/","name":"povnomad eSIM - for travellers and nomad\u00b4s life","description":"eSIMs with \u2764\ufe0f  in Germany \ud83c\udde9\ud83c\uddea","publisher":{"@id":"https:\/\/povnomad.com\/es\/#organization"},"potentialAction":[{"@type":"SearchAction","target":{"@type":"EntryPoint","urlTemplate":"https:\/\/povnomad.com\/es\/?s={search_term_string}"},"query-input":{"@type":"PropertyValueSpecification","valueRequired":true,"valueName":"search_term_string"}}],"inLanguage":"es"},{"@type":"Organization","@id":"https:\/\/povnomad.com\/es\/#organization","name":"povnomad eSIM - for travellers and nomad\u00b4s life","url":"https:\/\/povnomad.com\/es\/","logo":{"@type":"ImageObject","inLanguage":"es","@id":"https:\/\/povnomad.com\/es\/#\/schema\/logo\/image\/","url":"https:\/\/povnomad.com\/wp-content\/uploads\/2026\/03\/cropped-POVNOMAD-LOGO-HQ-ohne-BG-mobile-webp.webp","contentUrl":"https:\/\/povnomad.com\/wp-content\/uploads\/2026\/03\/cropped-POVNOMAD-LOGO-HQ-ohne-BG-mobile-webp.webp","width":1291,"height":322,"caption":"povnomad eSIM - for travellers and nomad\u00b4s life"},"image":{"@id":"https:\/\/povnomad.com\/es\/#\/schema\/logo\/image\/"},"sameAs":["https:\/\/www.instagram.com\/povnomad_","https:\/\/tiktok.com\/@povnomad_"]}]}},"uagb_featured_image_src":{"full":["https:\/\/povnomad.com\/wp-content\/uploads\/2025\/03\/flags2Fregion2Fafrica.png",1024,1024,false],"thumbnail":["https:\/\/povnomad.com\/wp-content\/uploads\/2025\/03\/flags2Fregion2Fafrica-150x150.png",150,150,true],"medium":["https:\/\/povnomad.com\/wp-content\/uploads\/2025\/03\/flags2Fregion2Fafrica-300x300.png",300,300,true],"medium_large":["https:\/\/povnomad.com\/wp-content\/uploads\/2025\/03\/flags2Fregion2Fafrica-768x768.png",768,768,true],"large":["https:\/\/povnomad.com\/wp-content\/uploads\/2025\/03\/flags2Fregion2Fafrica.png",1024,1024,false],"1536x1536":["https:\/\/povnomad.com\/wp-content\/uploads\/2025\/03\/flags2Fregion2Fafrica.png",1024,1024,false],"2048x2048":["https:\/\/povnomad.com\/wp-content\/uploads\/2025\/03\/flags2Fregion2Fafrica.png",1024,1024,false],"woocommerce_thumbnail":["https:\/\/povnomad.com\/wp-content\/uploads\/2025\/03\/flags2Fregion2Fafrica-300x300.png",300,300,true],"woocommerce_single":["https:\/\/povnomad.com\/wp-content\/uploads\/2025\/03\/flags2Fregion2Fafrica-300x300.png",300,300,true],"woocommerce_gallery_thumbnail":["https:\/\/povnomad.com\/wp-content\/uploads\/2025\/03\/flags2Fregion2Fafrica-100x100.png",100,100,true],"variation_swatches_image_size":["https:\/\/povnomad.com\/wp-content\/uploads\/2025\/03\/flags2Fregion2Fafrica.png",50,50,false],"variation_swatches_tooltip_size":["https:\/\/povnomad.com\/wp-content\/uploads\/2025\/03\/flags2Fregion2Fafrica.png",100,100,false],"dgwt-wcas-product-suggestion":["https:\/\/povnomad.com\/wp-content\/uploads\/2025\/03\/flags2Fregion2Fafrica-64x64.png",64,64,true]},"uagb_author_info":{"display_name":"Daniel","author_link":"https:\/\/povnomad.com\/es\/author\/"},"uagb_comment_info":0,"uagb_excerpt":"eSIM f\u00fcr Afrika (25+ Gebiete) Funktioniert auf allen entsperrten eSIM-unterst\u00fctzenden Ger\u00e4ten Sofortige Lieferung des QR-Codes Teilbarer Hotspot Volle LTE-\/5G-Geschwindigkeit \u2013 keine Drosselung","_links":{"self":[{"href":"https:\/\/povnomad.com\/es\/wp-json\/wp\/v2\/product\/2836","targetHints":{"allow":["GET"]}}],"collection":[{"href":"https:\/\/povnomad.com\/es\/wp-json\/wp\/v2\/product"}],"about":[{"href":"https:\/\/povnomad.com\/es\/wp-json\/wp\/v2\/types\/product"}],"replies":[{"embeddable":true,"href":"https:\/\/povnomad.com\/es\/wp-json\/wp\/v2\/comments?post=2836"}],"wp:featuredmedia":[{"embeddable":true,"href":"https:\/\/povnomad.com\/es\/wp-json\/wp\/v2\/media\/1842"}],"wp:attachment":[{"href":"https:\/\/povnomad.com\/es\/wp-json\/wp\/v2\/media?parent=2836"}],"wp:term":[{"taxonomy":"product_brand","embeddable":true,"href":"https:\/\/povnomad.com\/es\/wp-json\/wp\/v2\/product_brand?post=2836"},{"taxonomy":"product_cat","embeddable":true,"href":"https:\/\/povnomad.com\/es\/wp-json\/wp\/v2\/product_cat?post=2836"},{"taxonomy":"product_tag","embeddable":true,"href":"https:\/\/povnomad.com\/es\/wp-json\/wp\/v2\/product_tag?post=2836"}],"curies":[{"name":"wp","href":"https:\/\/api.w.org\/{rel}","templated":true}]}}