{"id":5888,"date":"2025-04-23T12:32:05","date_gmt":"2025-04-23T10:32:05","guid":{"rendered":"https:\/\/povnomad.com\/garantia-de-satisfaccion-con-povnomad\/"},"modified":"2025-10-02T14:28:52","modified_gmt":"2025-10-02T12:28:52","slug":"garantia-de-satisfaccion-con-povnomad","status":"publish","type":"page","link":"https:\/\/povnomad.com\/es\/garantia-de-satisfaccion-con-povnomad\/","title":{"rendered":"Garant\u00eda de devoluci\u00f3n y satisfacci\u00f3n en POVNOMAD"},"content":{"rendered":"\n<h3 class=\"wp-block-heading has-text-align-center\">eSIMs con<\/h3>\n\n<h2 class=\"wp-block-heading has-text-align-center\">\u2764\ufe0f<\/h2>\n\n<h3 class=\"wp-block-heading has-text-align-center\">  en Alemania \ud83c\udde9\ud83c\uddea<\/h3>\n\n<p class=\"has-text-align-center\"><strong>-potenciado por POVNOMAD<\/strong><\/p>\n\n<p>Queremos que est\u00e9s contento con tu eSIM desde el principio. Si algo no funciona como esperabas o no puedes utilizar tu eSIM, estamos a tu disposici\u00f3n. Con nuestra Garant\u00eda de Devoluci\u00f3n y Satisfacci\u00f3n, te ofrecemos una soluci\u00f3n sencilla y personalizada directamente de nuestro equipo de asistencia.<\/p>\n\n<h3 class=\"wp-block-heading\">\u00bfQu\u00e9 es la garant\u00eda de satisfacci\u00f3n?<\/h3>\n\n<p>Nuestro objetivo es proporcionarte una conexi\u00f3n estable, r\u00e1pida y sin problemas, sin condiciones complicadas. Si crees que el producto no cumple tus expectativas, nuestro equipo revisar\u00e1 tu consulta individualmente y de forma complaciente. <\/p>\n\n<p>Seg\u00fan el caso, esto puede significar, por ejemplo:<\/p>\n\n<ul class=\"wp-block-list\">\n<li>Asistencia t\u00e9cnica en caso de problemas<\/li>\n\n\n\n<li>Un producto de sustituci\u00f3n<\/li>\n\n\n\n<li>O, en determinados casos, el reembolso, por ejemplo si <strong>no se ha utilizado<\/strong> la eSIM<\/li>\n<\/ul>\n\n<h3 class=\"wp-block-heading\">Tenlo en cuenta:<\/h3>\n\n<p>Para que podamos ayudarte de la mejor manera posible, se aplican algunas condiciones marco claras:<\/p>\n\n<ul class=\"wp-block-list\">\n<li><strong>En cuanto una eSIM haya sido activada o utilizada (por ejemplo, conexi\u00f3n de datos establecida o volumen consumido), no podr\u00e1 ser devuelta ni reembolsada.<\/strong><\/li>\n\n\n\n<li>En estos casos, sin embargo, nuestro <strong>soporte<\/strong> t\u00e9cnico est\u00e1 por supuesto <strong>a tu disposici\u00f3n<\/strong> para ayudarte a resolver cualquier problema.<\/li>\n\n\n\n<li>La garant\u00eda no se aplica a <strong>dispositivos incompatibles<\/strong>, <strong>cobertura insuficiente de la red local<\/strong> o <strong>selecci\u00f3n incorrecta del producto<\/strong>.<\/li>\n\n\n\n<li>Aunque introduzcas accidentalmente una direcci\u00f3n de correo electr\u00f3nico incorrecta o cambies tus planes de viaje, <strong>no tendr\u00e1s derecho a reembolso<\/strong>, pero aun as\u00ed estaremos encantados de ayudarte en la medida de lo posible.<\/li>\n<\/ul>\n\n<h3 class=\"wp-block-heading\">\u00bfNo est\u00e1s seguro de si se aplica la garant\u00eda?<\/h3>\n\n<p>Si no est\u00e1s seguro de si tu situaci\u00f3n entra dentro de nuestra garant\u00eda de satisfacci\u00f3n, ponte en contacto con nosotros: estaremos encantados de asesorarte y encontrar juntos una soluci\u00f3n.<\/p>\n\n<h3 class=\"wp-block-heading\">C\u00f3mo llegar<\/h3>\n\n<p><strong>Correo electr\u00f3nico<\/strong><strong>\n  <a class=\"\">service@povnomad.com<\/a>\n<\/strong> <\/p>\n\n<p><strong>Palabra clave: Garant\u00eda de satisfacci\u00f3n<\/strong><\/p>\n\n<p>Introduce tu n\u00famero de pedido y una breve descripci\u00f3n de tu solicitud: cuanta m\u00e1s informaci\u00f3n tengamos, m\u00e1s r\u00e1pido podremos ayudarte.<\/p>\n\n<hr class=\"wp-block-separator has-alpha-channel-opacity\"\/>\n\n<p><strong>Nota:<\/strong> La garant\u00eda de satisfacci\u00f3n es una oferta voluntaria de POVNOMAD y no sustituye a tus derechos legales de garant\u00eda, sino que los complementa de forma sencilla y f\u00e1cil para el cliente.<\/p>\n\n<p class=\"has-medium-font-size\"><strong>Devuelve<\/strong><\/p>\n\n<p>\u00bfSe ha cancelado tu viaje? \u00bfVuelo cancelado u otra cosa? \u00bfHas comprado demasiadas eSIM en stock?<\/p>\n\n<p>No te preocupes. Puedes <strong>devolver<\/strong> tu eSIM en los <strong>30 d\u00edas<\/strong> siguientes a la compra. S\u00f3lo tienes que enviar un breve correo electr\u00f3nico a <strong>service@povnomad.com.<\/strong> Introduce tu n\u00famero de pedido y, si procede la eSIM que quieres devolver (si pediste m\u00e1s de una). Procesaremos tu reembolso en pocos d\u00edas laborables. Ten en cuenta que esto s\u00f3lo es posible para <strong>las eSIM no utilizadas<\/strong>; en caso de dificultades t\u00e9cnicas, ponte en contacto con el servicio de asistencia para obtener ayuda.<\/p>\n\n<p><\/p>\n","protected":false},"excerpt":{"rendered":"<p>eSIMs con \u2764\ufe0f en Alemania \ud83c\udde9\ud83c\uddea -potenciado por POVNOMAD Queremos que est\u00e9s contento con tu eSIM desde el principio. Si algo no funciona como esperabas o no puedes utilizar tu eSIM, estamos a tu disposici\u00f3n. Con nuestra Garant\u00eda de Devoluci\u00f3n y Satisfacci\u00f3n, te ofrecemos una soluci\u00f3n sencilla y personalizada directamente de nuestro equipo de asistencia. \u00bfQu\u00e9 es la garant\u00eda de satisfacci\u00f3n? Nuestro objetivo es proporcionarte una conexi\u00f3n estable, r\u00e1pida y sin problemas, sin condiciones complicadas. Si crees que el producto no cumple tus expectativas, nuestro equipo revisar\u00e1 tu consulta individualmente y de forma complaciente. Seg\u00fan el caso, esto puede significar, por ejemplo: Tenlo en cuenta: Para que podamos ayudarte de la mejor manera posible, se aplican algunas condiciones marco claras: \u00bfNo est\u00e1s seguro de si se aplica la garant\u00eda? Si no est\u00e1s seguro de si tu situaci\u00f3n entra dentro de nuestra garant\u00eda de satisfacci\u00f3n, ponte en contacto con nosotros: estaremos encantados de asesorarte y encontrar juntos una soluci\u00f3n. C\u00f3mo llegar Correo electr\u00f3nico service@povnomad.com Palabra clave: Garant\u00eda de satisfacci\u00f3n Introduce tu n\u00famero de pedido y una breve descripci\u00f3n de tu solicitud: cuanta m\u00e1s informaci\u00f3n tengamos, m\u00e1s r\u00e1pido podremos ayudarte. Nota: La garant\u00eda de satisfacci\u00f3n es una oferta voluntaria de POVNOMAD y no sustituye a tus derechos legales de garant\u00eda, sino que los complementa de forma sencilla y f\u00e1cil para el cliente. Devuelve \u00bfSe ha cancelado tu viaje? \u00bfVuelo cancelado u otra cosa? \u00bfHas comprado demasiadas eSIM en stock? No te preocupes. Puedes devolver tu eSIM en los 30 d\u00edas siguientes a la compra. S\u00f3lo tienes que enviar un breve correo electr\u00f3nico a service@povnomad.com. Introduce tu n\u00famero de pedido y, si procede la eSIM que quieres devolver (si pediste m\u00e1s de una). Procesaremos tu reembolso en pocos d\u00edas laborables. Ten en cuenta que esto s\u00f3lo es posible para las eSIM no utilizadas; en caso de dificultades t\u00e9cnicas, ponte en contacto con el servicio de asistencia para obtener ayuda.<\/p>\n","protected":false},"author":2,"featured_media":0,"parent":0,"menu_order":0,"comment_status":"closed","ping_status":"closed","template":"","meta":{"inline_featured_image":false,"_uag_custom_page_level_css":"","site-sidebar-layout":"default","site-content-layout":"","ast-site-content-layout":"default","site-content-style":"default","site-sidebar-style":"default","ast-global-header-display":"","ast-banner-title-visibility":"","ast-main-header-display":"","ast-hfb-above-header-display":"","ast-hfb-below-header-display":"","ast-hfb-mobile-header-display":"","site-post-title":"","ast-breadcrumbs-content":"","ast-featured-img":"","footer-sml-layout":"","theme-transparent-header-meta":"","adv-header-id-meta":"","stick-header-meta":"","header-above-stick-meta":"","header-main-stick-meta":"","header-below-stick-meta":"","astra-migrate-meta-layouts":"default","ast-page-background-enabled":"default","ast-page-background-meta":{"desktop":{"background-color":"","background-image":"","background-repeat":"repeat","background-position":"center center","background-size":"auto","background-attachment":"scroll","background-type":"","background-media":"","overlay-type":"","overlay-color":"","overlay-opacity":"","overlay-gradient":""},"tablet":{"background-color":"","background-image":"","background-repeat":"repeat","background-position":"center center","background-size":"auto","background-attachment":"scroll","background-type":"","background-media":"","overlay-type":"","overlay-color":"","overlay-opacity":"","overlay-gradient":""},"mobile":{"background-color":"","background-image":"","background-repeat":"repeat","background-position":"center center","background-size":"auto","background-attachment":"scroll","background-type":"","background-media":"","overlay-type":"","overlay-color":"","overlay-opacity":"","overlay-gradient":""}},"ast-content-background-meta":{"desktop":{"background-color":"var(--ast-global-color-5)","background-image":"","background-repeat":"repeat","background-position":"center center","background-size":"auto","background-attachment":"scroll","background-type":"","background-media":"","overlay-type":"","overlay-color":"","overlay-opacity":"","overlay-gradient":""},"tablet":{"background-color":"var(--ast-global-color-5)","background-image":"","background-repeat":"repeat","background-position":"center center","background-size":"auto","background-attachment":"scroll","background-type":"","background-media":"","overlay-type":"","overlay-color":"","overlay-opacity":"","overlay-gradient":""},"mobile":{"background-color":"var(--ast-global-color-5)","background-image":"","background-repeat":"repeat","background-position":"center center","background-size":"auto","background-attachment":"scroll","background-type":"","background-media":"","overlay-type":"","overlay-color":"","overlay-opacity":"","overlay-gradient":""}},"footnotes":""},"class_list":["post-5888","page","type-page","status-publish","hentry"],"yoast_head":"<!-- This site is optimized with the Yoast SEO plugin v27.4 - https:\/\/yoast.com\/product\/yoast-seo-wordpress\/ -->\n<title>Garant\u00eda de devoluci\u00f3n y satisfacci\u00f3n en POVNOMAD - POVNOMAD eSIM - for travellers and nomad\u00b4s life<\/title>\n<meta name=\"robots\" content=\"index, follow, max-snippet:-1, max-image-preview:large, max-video-preview:-1\" \/>\n<link rel=\"canonical\" href=\"https:\/\/povnomad.com\/es\/garantia-de-satisfaccion-con-povnomad\/\" \/>\n<meta property=\"og:locale\" content=\"es_ES\" \/>\n<meta property=\"og:type\" content=\"article\" \/>\n<meta property=\"og:title\" content=\"Garant\u00eda de devoluci\u00f3n y satisfacci\u00f3n en POVNOMAD - POVNOMAD eSIM - for travellers and nomad\u00b4s life\" \/>\n<meta property=\"og:description\" content=\"eSIMs con \u2764\ufe0f en Alemania \ud83c\udde9\ud83c\uddea -potenciado por POVNOMAD Queremos que est\u00e9s contento con tu eSIM desde el principio. Si algo no funciona como esperabas o no puedes utilizar tu eSIM, estamos a tu disposici\u00f3n. Con nuestra Garant\u00eda de Devoluci\u00f3n y Satisfacci\u00f3n, te ofrecemos una soluci\u00f3n sencilla y personalizada directamente de nuestro equipo de asistencia. \u00bfQu\u00e9 es la garant\u00eda de satisfacci\u00f3n? Nuestro objetivo es proporcionarte una conexi\u00f3n estable, r\u00e1pida y sin problemas, sin condiciones complicadas. Si crees que el producto no cumple tus expectativas, nuestro equipo revisar\u00e1 tu consulta individualmente y de forma complaciente. Seg\u00fan el caso, esto puede significar, por ejemplo: Tenlo en cuenta: Para que podamos ayudarte de la mejor manera posible, se aplican algunas condiciones marco claras: \u00bfNo est\u00e1s seguro de si se aplica la garant\u00eda? Si no est\u00e1s seguro de si tu situaci\u00f3n entra dentro de nuestra garant\u00eda de satisfacci\u00f3n, ponte en contacto con nosotros: estaremos encantados de asesorarte y encontrar juntos una soluci\u00f3n. C\u00f3mo llegar Correo electr\u00f3nico service@povnomad.com Palabra clave: Garant\u00eda de satisfacci\u00f3n Introduce tu n\u00famero de pedido y una breve descripci\u00f3n de tu solicitud: cuanta m\u00e1s informaci\u00f3n tengamos, m\u00e1s r\u00e1pido podremos ayudarte. Nota: La garant\u00eda de satisfacci\u00f3n es una oferta voluntaria de POVNOMAD y no sustituye a tus derechos legales de garant\u00eda, sino que los complementa de forma sencilla y f\u00e1cil para el cliente. Devuelve \u00bfSe ha cancelado tu viaje? \u00bfVuelo cancelado u otra cosa? \u00bfHas comprado demasiadas eSIM en stock? No te preocupes. Puedes devolver tu eSIM en los 30 d\u00edas siguientes a la compra. S\u00f3lo tienes que enviar un breve correo electr\u00f3nico a service@povnomad.com. Introduce tu n\u00famero de pedido y, si procede la eSIM que quieres devolver (si pediste m\u00e1s de una). Procesaremos tu reembolso en pocos d\u00edas laborables. Ten en cuenta que esto s\u00f3lo es posible para las eSIM no utilizadas; en caso de dificultades t\u00e9cnicas, ponte en contacto con el servicio de asistencia para obtener ayuda.\" \/>\n<meta property=\"og:url\" content=\"https:\/\/povnomad.com\/es\/garantia-de-satisfaccion-con-povnomad\/\" \/>\n<meta property=\"og:site_name\" content=\"POVNOMAD eSIM - for travellers and nomad\u00b4s life\" \/>\n<meta property=\"article:modified_time\" content=\"2025-10-02T12:28:52+00:00\" \/>\n<meta name=\"twitter:card\" content=\"summary_large_image\" \/>\n<meta name=\"twitter:label1\" content=\"Tiempo de lectura\" \/>\n\t<meta name=\"twitter:data1\" content=\"2 minutos\" \/>\n<script type=\"application\/ld+json\" class=\"yoast-schema-graph\">{\"@context\":\"https:\\\/\\\/schema.org\",\"@graph\":[{\"@type\":\"WebPage\",\"@id\":\"https:\\\/\\\/povnomad.com\\\/es\\\/garantia-de-satisfaccion-con-povnomad\\\/\",\"url\":\"https:\\\/\\\/povnomad.com\\\/es\\\/garantia-de-satisfaccion-con-povnomad\\\/\",\"name\":\"Garant\u00eda de devoluci\u00f3n y satisfacci\u00f3n en POVNOMAD - POVNOMAD eSIM - for travellers and nomad\u00b4s life\",\"isPartOf\":{\"@id\":\"https:\\\/\\\/povnomad.com\\\/es\\\/#website\"},\"datePublished\":\"2025-04-23T10:32:05+00:00\",\"dateModified\":\"2025-10-02T12:28:52+00:00\",\"breadcrumb\":{\"@id\":\"https:\\\/\\\/povnomad.com\\\/es\\\/garantia-de-satisfaccion-con-povnomad\\\/#breadcrumb\"},\"inLanguage\":\"es\",\"potentialAction\":[{\"@type\":\"ReadAction\",\"target\":[\"https:\\\/\\\/povnomad.com\\\/es\\\/garantia-de-satisfaccion-con-povnomad\\\/\"]}]},{\"@type\":\"BreadcrumbList\",\"@id\":\"https:\\\/\\\/povnomad.com\\\/es\\\/garantia-de-satisfaccion-con-povnomad\\\/#breadcrumb\",\"itemListElement\":[{\"@type\":\"ListItem\",\"position\":1,\"name\":\"P\u00e1gina de inicio\",\"item\":\"https:\\\/\\\/povnomad.com\\\/es\\\/\"},{\"@type\":\"ListItem\",\"position\":2,\"name\":\"Garant\u00eda de devoluci\u00f3n y satisfacci\u00f3n en POVNOMAD\"}]},{\"@type\":\"WebSite\",\"@id\":\"https:\\\/\\\/povnomad.com\\\/es\\\/#website\",\"url\":\"https:\\\/\\\/povnomad.com\\\/es\\\/\",\"name\":\"povnomad eSIM - for travellers and nomad\u00b4s life\",\"description\":\"eSIMs with \u2764\ufe0f  in Germany \ud83c\udde9\ud83c\uddea\",\"publisher\":{\"@id\":\"https:\\\/\\\/povnomad.com\\\/es\\\/#organization\"},\"potentialAction\":[{\"@type\":\"SearchAction\",\"target\":{\"@type\":\"EntryPoint\",\"urlTemplate\":\"https:\\\/\\\/povnomad.com\\\/es\\\/?s={search_term_string}\"},\"query-input\":{\"@type\":\"PropertyValueSpecification\",\"valueRequired\":true,\"valueName\":\"search_term_string\"}}],\"inLanguage\":\"es\"},{\"@type\":\"Organization\",\"@id\":\"https:\\\/\\\/povnomad.com\\\/es\\\/#organization\",\"name\":\"povnomad eSIM - for travellers and nomad\u00b4s life\",\"url\":\"https:\\\/\\\/povnomad.com\\\/es\\\/\",\"logo\":{\"@type\":\"ImageObject\",\"inLanguage\":\"es\",\"@id\":\"https:\\\/\\\/povnomad.com\\\/es\\\/#\\\/schema\\\/logo\\\/image\\\/\",\"url\":\"https:\\\/\\\/povnomad.com\\\/wp-content\\\/uploads\\\/2026\\\/03\\\/cropped-POVNOMAD-LOGO-HQ-ohne-BG-mobile-webp.webp\",\"contentUrl\":\"https:\\\/\\\/povnomad.com\\\/wp-content\\\/uploads\\\/2026\\\/03\\\/cropped-POVNOMAD-LOGO-HQ-ohne-BG-mobile-webp.webp\",\"width\":1291,\"height\":322,\"caption\":\"povnomad eSIM - for travellers and nomad\u00b4s life\"},\"image\":{\"@id\":\"https:\\\/\\\/povnomad.com\\\/es\\\/#\\\/schema\\\/logo\\\/image\\\/\"},\"sameAs\":[\"https:\\\/\\\/www.instagram.com\\\/povnomad_\",\"https:\\\/\\\/tiktok.com\\\/@povnomad_\"]}]}<\/script>\n<!-- \/ Yoast SEO plugin. -->","yoast_head_json":{"title":"Garant\u00eda de devoluci\u00f3n y satisfacci\u00f3n en POVNOMAD - POVNOMAD eSIM - for travellers and nomad\u00b4s life","robots":{"index":"index","follow":"follow","max-snippet":"max-snippet:-1","max-image-preview":"max-image-preview:large","max-video-preview":"max-video-preview:-1"},"canonical":"https:\/\/povnomad.com\/es\/garantia-de-satisfaccion-con-povnomad\/","og_locale":"es_ES","og_type":"article","og_title":"Garant\u00eda de devoluci\u00f3n y satisfacci\u00f3n en POVNOMAD - POVNOMAD eSIM - for travellers and nomad\u00b4s life","og_description":"eSIMs con \u2764\ufe0f en Alemania \ud83c\udde9\ud83c\uddea -potenciado por POVNOMAD Queremos que est\u00e9s contento con tu eSIM desde el principio. Si algo no funciona como esperabas o no puedes utilizar tu eSIM, estamos a tu disposici\u00f3n. Con nuestra Garant\u00eda de Devoluci\u00f3n y Satisfacci\u00f3n, te ofrecemos una soluci\u00f3n sencilla y personalizada directamente de nuestro equipo de asistencia. \u00bfQu\u00e9 es la garant\u00eda de satisfacci\u00f3n? Nuestro objetivo es proporcionarte una conexi\u00f3n estable, r\u00e1pida y sin problemas, sin condiciones complicadas. Si crees que el producto no cumple tus expectativas, nuestro equipo revisar\u00e1 tu consulta individualmente y de forma complaciente. Seg\u00fan el caso, esto puede significar, por ejemplo: Tenlo en cuenta: Para que podamos ayudarte de la mejor manera posible, se aplican algunas condiciones marco claras: \u00bfNo est\u00e1s seguro de si se aplica la garant\u00eda? Si no est\u00e1s seguro de si tu situaci\u00f3n entra dentro de nuestra garant\u00eda de satisfacci\u00f3n, ponte en contacto con nosotros: estaremos encantados de asesorarte y encontrar juntos una soluci\u00f3n. C\u00f3mo llegar Correo electr\u00f3nico service@povnomad.com Palabra clave: Garant\u00eda de satisfacci\u00f3n Introduce tu n\u00famero de pedido y una breve descripci\u00f3n de tu solicitud: cuanta m\u00e1s informaci\u00f3n tengamos, m\u00e1s r\u00e1pido podremos ayudarte. Nota: La garant\u00eda de satisfacci\u00f3n es una oferta voluntaria de POVNOMAD y no sustituye a tus derechos legales de garant\u00eda, sino que los complementa de forma sencilla y f\u00e1cil para el cliente. Devuelve \u00bfSe ha cancelado tu viaje? \u00bfVuelo cancelado u otra cosa? \u00bfHas comprado demasiadas eSIM en stock? No te preocupes. Puedes devolver tu eSIM en los 30 d\u00edas siguientes a la compra. S\u00f3lo tienes que enviar un breve correo electr\u00f3nico a service@povnomad.com. Introduce tu n\u00famero de pedido y, si procede la eSIM que quieres devolver (si pediste m\u00e1s de una). Procesaremos tu reembolso en pocos d\u00edas laborables. Ten en cuenta que esto s\u00f3lo es posible para las eSIM no utilizadas; en caso de dificultades t\u00e9cnicas, ponte en contacto con el servicio de asistencia para obtener ayuda.","og_url":"https:\/\/povnomad.com\/es\/garantia-de-satisfaccion-con-povnomad\/","og_site_name":"POVNOMAD eSIM - for travellers and nomad\u00b4s life","article_modified_time":"2025-10-02T12:28:52+00:00","twitter_card":"summary_large_image","twitter_misc":{"Tiempo de lectura":"2 minutos"},"schema":{"@context":"https:\/\/schema.org","@graph":[{"@type":"WebPage","@id":"https:\/\/povnomad.com\/es\/garantia-de-satisfaccion-con-povnomad\/","url":"https:\/\/povnomad.com\/es\/garantia-de-satisfaccion-con-povnomad\/","name":"Garant\u00eda de devoluci\u00f3n y satisfacci\u00f3n en POVNOMAD - POVNOMAD eSIM - for travellers and nomad\u00b4s life","isPartOf":{"@id":"https:\/\/povnomad.com\/es\/#website"},"datePublished":"2025-04-23T10:32:05+00:00","dateModified":"2025-10-02T12:28:52+00:00","breadcrumb":{"@id":"https:\/\/povnomad.com\/es\/garantia-de-satisfaccion-con-povnomad\/#breadcrumb"},"inLanguage":"es","potentialAction":[{"@type":"ReadAction","target":["https:\/\/povnomad.com\/es\/garantia-de-satisfaccion-con-povnomad\/"]}]},{"@type":"BreadcrumbList","@id":"https:\/\/povnomad.com\/es\/garantia-de-satisfaccion-con-povnomad\/#breadcrumb","itemListElement":[{"@type":"ListItem","position":1,"name":"P\u00e1gina de inicio","item":"https:\/\/povnomad.com\/es\/"},{"@type":"ListItem","position":2,"name":"Garant\u00eda de devoluci\u00f3n y satisfacci\u00f3n en POVNOMAD"}]},{"@type":"WebSite","@id":"https:\/\/povnomad.com\/es\/#website","url":"https:\/\/povnomad.com\/es\/","name":"povnomad eSIM - for travellers and nomad\u00b4s life","description":"eSIMs with \u2764\ufe0f  in Germany \ud83c\udde9\ud83c\uddea","publisher":{"@id":"https:\/\/povnomad.com\/es\/#organization"},"potentialAction":[{"@type":"SearchAction","target":{"@type":"EntryPoint","urlTemplate":"https:\/\/povnomad.com\/es\/?s={search_term_string}"},"query-input":{"@type":"PropertyValueSpecification","valueRequired":true,"valueName":"search_term_string"}}],"inLanguage":"es"},{"@type":"Organization","@id":"https:\/\/povnomad.com\/es\/#organization","name":"povnomad eSIM - for travellers and nomad\u00b4s life","url":"https:\/\/povnomad.com\/es\/","logo":{"@type":"ImageObject","inLanguage":"es","@id":"https:\/\/povnomad.com\/es\/#\/schema\/logo\/image\/","url":"https:\/\/povnomad.com\/wp-content\/uploads\/2026\/03\/cropped-POVNOMAD-LOGO-HQ-ohne-BG-mobile-webp.webp","contentUrl":"https:\/\/povnomad.com\/wp-content\/uploads\/2026\/03\/cropped-POVNOMAD-LOGO-HQ-ohne-BG-mobile-webp.webp","width":1291,"height":322,"caption":"povnomad eSIM - for travellers and nomad\u00b4s life"},"image":{"@id":"https:\/\/povnomad.com\/es\/#\/schema\/logo\/image\/"},"sameAs":["https:\/\/www.instagram.com\/povnomad_","https:\/\/tiktok.com\/@povnomad_"]}]}},"uagb_featured_image_src":{"full":false,"thumbnail":false,"medium":false,"medium_large":false,"large":false,"1536x1536":false,"2048x2048":false,"woocommerce_thumbnail":false,"woocommerce_single":false,"woocommerce_gallery_thumbnail":false,"variation_swatches_image_size":false,"variation_swatches_tooltip_size":false,"dgwt-wcas-product-suggestion":false},"uagb_author_info":{"display_name":"Daniel","author_link":"https:\/\/povnomad.com\/es\/author\/daniel\/"},"uagb_comment_info":0,"uagb_excerpt":"eSIMs con \u2764\ufe0f en Alemania \ud83c\udde9\ud83c\uddea -potenciado por POVNOMAD Queremos que est\u00e9s contento con tu eSIM desde el principio. Si algo no funciona como esperabas o no puedes utilizar tu eSIM, estamos a tu disposici\u00f3n. Con nuestra Garant\u00eda de Devoluci\u00f3n y Satisfacci\u00f3n, te ofrecemos una soluci\u00f3n sencilla y personalizada directamente de nuestro equipo de asistencia.&hellip;","_links":{"self":[{"href":"https:\/\/povnomad.com\/es\/wp-json\/wp\/v2\/pages\/5888","targetHints":{"allow":["GET"]}}],"collection":[{"href":"https:\/\/povnomad.com\/es\/wp-json\/wp\/v2\/pages"}],"about":[{"href":"https:\/\/povnomad.com\/es\/wp-json\/wp\/v2\/types\/page"}],"author":[{"embeddable":true,"href":"https:\/\/povnomad.com\/es\/wp-json\/wp\/v2\/users\/2"}],"replies":[{"embeddable":true,"href":"https:\/\/povnomad.com\/es\/wp-json\/wp\/v2\/comments?post=5888"}],"version-history":[{"count":0,"href":"https:\/\/povnomad.com\/es\/wp-json\/wp\/v2\/pages\/5888\/revisions"}],"wp:attachment":[{"href":"https:\/\/povnomad.com\/es\/wp-json\/wp\/v2\/media?parent=5888"}],"curies":[{"name":"wp","href":"https:\/\/api.w.org\/{rel}","templated":true}]}}