{"id":5878,"date":"2025-04-23T12:22:18","date_gmt":"2025-04-23T10:22:18","guid":{"rendered":"https:\/\/povnomad.com\/detalles-de-la-entrega-como-recibir-tu-esim\/"},"modified":"2025-09-03T09:15:08","modified_gmt":"2025-09-03T07:15:08","slug":"detalles-de-la-entrega-como-recibir-tu-esim","status":"publish","type":"page","link":"https:\/\/povnomad.com\/es\/detalles-de-la-entrega-como-recibir-tu-esim\/","title":{"rendered":"Detalles de la entrega - C\u00f3mo recibir tu eSIM"},"content":{"rendered":"\n<p>Despu\u00e9s de comprar tu eSIM, recibir\u00e1s toda la informaci\u00f3n necesaria c\u00f3modamente por correo electr\u00f3nico.<\/p>\n\n<h3 class=\"wp-block-heading\">Entrega r\u00e1pida<\/h3>\n\n<p>Tu eSIM suele enviarse autom\u00e1ticamente a los pocos minutos de haber efectuado el pago correctamente.<\/p>\n\n<p>En casos excepcionales -por ejemplo, en caso de comprobaciones adicionales o de grandes vol\u00famenes de pedidos- la entrega puede tardar hasta 3 d\u00edas laborables.<\/p>\n\n<h3 class=\"wp-block-heading\">Ten en cuenta<\/h3>\n\n<ul class=\"wp-block-list\">\n<li>El correo electr\u00f3nico con tu eSIM se enviar\u00e1 desde la siguiente direcci\u00f3n:<br\/><strong><a class=\"\">service@povnomad.com<\/a><\/strong><\/li>\n\n\n\n<li>Por favor, comprueba tambi\u00e9n tu <strong>carpeta de spam o publicidad<\/strong> si no recibes un mensaje en 15 minutos.<\/li>\n\n\n\n<li>Si no has recibido un correo electr\u00f3nico al cabo de 24 horas, ponte en contacto con nuestro servicio de atenci\u00f3n al cliente.<\/li>\n<\/ul>\n\n<h3 class=\"wp-block-heading\">Nota sobre la direcci\u00f3n de correo electr\u00f3nico<\/h3>\n\n<p>Aseg\u00farate de introducir correctamente tu direcci\u00f3n de correo electr\u00f3nico al hacer el pedido. S\u00f3lo as\u00ed podemos garantizar una entrega r\u00e1pida y sin problemas. <\/p>\n","protected":false},"excerpt":{"rendered":"<p>Despu\u00e9s de comprar tu eSIM, recibir\u00e1s toda la informaci\u00f3n necesaria c\u00f3modamente por correo electr\u00f3nico. Entrega r\u00e1pida Tu eSIM suele enviarse autom\u00e1ticamente a los pocos minutos de haber efectuado el pago correctamente. En casos excepcionales -por ejemplo, en caso de comprobaciones adicionales o de grandes vol\u00famenes de pedidos- la entrega puede tardar hasta 3 d\u00edas laborables. Ten en cuenta Nota sobre la direcci\u00f3n de correo electr\u00f3nico Aseg\u00farate de introducir correctamente tu direcci\u00f3n de correo electr\u00f3nico al hacer el pedido. S\u00f3lo as\u00ed podemos garantizar una entrega r\u00e1pida y sin problemas.<\/p>\n","protected":false},"author":2,"featured_media":0,"parent":0,"menu_order":0,"comment_status":"closed","ping_status":"closed","template":"","meta":{"inline_featured_image":false,"_uag_custom_page_level_css":"","site-sidebar-layout":"default","site-content-layout":"","ast-site-content-layout":"default","site-content-style":"default","site-sidebar-style":"default","ast-global-header-display":"","ast-banner-title-visibility":"","ast-main-header-display":"","ast-hfb-above-header-display":"","ast-hfb-below-header-display":"","ast-hfb-mobile-header-display":"","site-post-title":"","ast-breadcrumbs-content":"","ast-featured-img":"","footer-sml-layout":"","ast-disable-related-posts":"","theme-transparent-header-meta":"","adv-header-id-meta":"","stick-header-meta":"","header-above-stick-meta":"","header-main-stick-meta":"","header-below-stick-meta":"","astra-migrate-meta-layouts":"default","ast-page-background-enabled":"default","ast-page-background-meta":{"desktop":{"background-color":"","background-image":"","background-repeat":"repeat","background-position":"center center","background-size":"auto","background-attachment":"scroll","background-type":"","background-media":"","overlay-type":"","overlay-color":"","overlay-opacity":"","overlay-gradient":""},"tablet":{"background-color":"","background-image":"","background-repeat":"repeat","background-position":"center center","background-size":"auto","background-attachment":"scroll","background-type":"","background-media":"","overlay-type":"","overlay-color":"","overlay-opacity":"","overlay-gradient":""},"mobile":{"background-color":"","background-image":"","background-repeat":"repeat","background-position":"center center","background-size":"auto","background-attachment":"scroll","background-type":"","background-media":"","overlay-type":"","overlay-color":"","overlay-opacity":"","overlay-gradient":""}},"ast-content-background-meta":{"desktop":{"background-color":"var(--ast-global-color-5)","background-image":"","background-repeat":"repeat","background-position":"center center","background-size":"auto","background-attachment":"scroll","background-type":"","background-media":"","overlay-type":"","overlay-color":"","overlay-opacity":"","overlay-gradient":""},"tablet":{"background-color":"var(--ast-global-color-5)","background-image":"","background-repeat":"repeat","background-position":"center center","background-size":"auto","background-attachment":"scroll","background-type":"","background-media":"","overlay-type":"","overlay-color":"","overlay-opacity":"","overlay-gradient":""},"mobile":{"background-color":"var(--ast-global-color-5)","background-image":"","background-repeat":"repeat","background-position":"center center","background-size":"auto","background-attachment":"scroll","background-type":"","background-media":"","overlay-type":"","overlay-color":"","overlay-opacity":"","overlay-gradient":""}},"footnotes":""},"class_list":["post-5878","page","type-page","status-publish","hentry"],"yoast_head":"<!-- This site is optimized with the Yoast SEO plugin v27.4 - https:\/\/yoast.com\/product\/yoast-seo-wordpress\/ -->\n<title>Detalles de la entrega - C\u00f3mo recibir tu eSIM - POVNOMAD eSIM - for travellers and nomad\u00b4s life<\/title>\n<meta name=\"robots\" content=\"index, follow, max-snippet:-1, max-image-preview:large, max-video-preview:-1\" \/>\n<link rel=\"canonical\" href=\"https:\/\/povnomad.com\/es\/detalles-de-la-entrega-como-recibir-tu-esim\/\" \/>\n<meta property=\"og:locale\" content=\"es_ES\" \/>\n<meta property=\"og:type\" content=\"article\" \/>\n<meta property=\"og:title\" content=\"Detalles de la entrega - C\u00f3mo recibir tu eSIM - POVNOMAD eSIM - for travellers and nomad\u00b4s life\" \/>\n<meta property=\"og:description\" content=\"Despu\u00e9s de comprar tu eSIM, recibir\u00e1s toda la informaci\u00f3n necesaria c\u00f3modamente por correo electr\u00f3nico. Entrega r\u00e1pida Tu eSIM suele enviarse autom\u00e1ticamente a los pocos minutos de haber efectuado el pago correctamente. En casos excepcionales -por ejemplo, en caso de comprobaciones adicionales o de grandes vol\u00famenes de pedidos- la entrega puede tardar hasta 3 d\u00edas laborables. Ten en cuenta Nota sobre la direcci\u00f3n de correo electr\u00f3nico Aseg\u00farate de introducir correctamente tu direcci\u00f3n de correo electr\u00f3nico al hacer el pedido. S\u00f3lo as\u00ed podemos garantizar una entrega r\u00e1pida y sin problemas.\" \/>\n<meta property=\"og:url\" content=\"https:\/\/povnomad.com\/es\/detalles-de-la-entrega-como-recibir-tu-esim\/\" \/>\n<meta property=\"og:site_name\" content=\"POVNOMAD eSIM - for travellers and nomad\u00b4s life\" \/>\n<meta property=\"article:modified_time\" content=\"2025-09-03T07:15:08+00:00\" \/>\n<meta name=\"twitter:card\" content=\"summary_large_image\" \/>\n<meta name=\"twitter:label1\" content=\"Tiempo de lectura\" \/>\n\t<meta name=\"twitter:data1\" content=\"1 minuto\" \/>\n<script type=\"application\/ld+json\" class=\"yoast-schema-graph\">{\"@context\":\"https:\\\/\\\/schema.org\",\"@graph\":[{\"@type\":\"WebPage\",\"@id\":\"https:\\\/\\\/povnomad.com\\\/es\\\/detalles-de-la-entrega-como-recibir-tu-esim\\\/\",\"url\":\"https:\\\/\\\/povnomad.com\\\/es\\\/detalles-de-la-entrega-como-recibir-tu-esim\\\/\",\"name\":\"Detalles de la entrega - C\u00f3mo recibir tu eSIM - POVNOMAD eSIM - for travellers and nomad\u00b4s life\",\"isPartOf\":{\"@id\":\"https:\\\/\\\/povnomad.com\\\/es\\\/#website\"},\"datePublished\":\"2025-04-23T10:22:18+00:00\",\"dateModified\":\"2025-09-03T07:15:08+00:00\",\"breadcrumb\":{\"@id\":\"https:\\\/\\\/povnomad.com\\\/es\\\/detalles-de-la-entrega-como-recibir-tu-esim\\\/#breadcrumb\"},\"inLanguage\":\"es\",\"potentialAction\":[{\"@type\":\"ReadAction\",\"target\":[\"https:\\\/\\\/povnomad.com\\\/es\\\/detalles-de-la-entrega-como-recibir-tu-esim\\\/\"]}]},{\"@type\":\"BreadcrumbList\",\"@id\":\"https:\\\/\\\/povnomad.com\\\/es\\\/detalles-de-la-entrega-como-recibir-tu-esim\\\/#breadcrumb\",\"itemListElement\":[{\"@type\":\"ListItem\",\"position\":1,\"name\":\"P\u00e1gina de inicio\",\"item\":\"https:\\\/\\\/povnomad.com\\\/es\\\/\"},{\"@type\":\"ListItem\",\"position\":2,\"name\":\"Detalles de la entrega &#8211; C\u00f3mo recibir tu eSIM\"}]},{\"@type\":\"WebSite\",\"@id\":\"https:\\\/\\\/povnomad.com\\\/es\\\/#website\",\"url\":\"https:\\\/\\\/povnomad.com\\\/es\\\/\",\"name\":\"povnomad eSIM - for travellers and nomad\u00b4s life\",\"description\":\"eSIMs with \u2764\ufe0f  in Germany \ud83c\udde9\ud83c\uddea\",\"potentialAction\":[{\"@type\":\"SearchAction\",\"target\":{\"@type\":\"EntryPoint\",\"urlTemplate\":\"https:\\\/\\\/povnomad.com\\\/es\\\/?s={search_term_string}\"},\"query-input\":{\"@type\":\"PropertyValueSpecification\",\"valueRequired\":true,\"valueName\":\"search_term_string\"}}],\"inLanguage\":\"es\"}]}<\/script>\n<!-- \/ Yoast SEO plugin. -->","yoast_head_json":{"title":"Detalles de la entrega - C\u00f3mo recibir tu eSIM - POVNOMAD eSIM - for travellers and nomad\u00b4s life","robots":{"index":"index","follow":"follow","max-snippet":"max-snippet:-1","max-image-preview":"max-image-preview:large","max-video-preview":"max-video-preview:-1"},"canonical":"https:\/\/povnomad.com\/es\/detalles-de-la-entrega-como-recibir-tu-esim\/","og_locale":"es_ES","og_type":"article","og_title":"Detalles de la entrega - C\u00f3mo recibir tu eSIM - POVNOMAD eSIM - for travellers and nomad\u00b4s life","og_description":"Despu\u00e9s de comprar tu eSIM, recibir\u00e1s toda la informaci\u00f3n necesaria c\u00f3modamente por correo electr\u00f3nico. Entrega r\u00e1pida Tu eSIM suele enviarse autom\u00e1ticamente a los pocos minutos de haber efectuado el pago correctamente. En casos excepcionales -por ejemplo, en caso de comprobaciones adicionales o de grandes vol\u00famenes de pedidos- la entrega puede tardar hasta 3 d\u00edas laborables. Ten en cuenta Nota sobre la direcci\u00f3n de correo electr\u00f3nico Aseg\u00farate de introducir correctamente tu direcci\u00f3n de correo electr\u00f3nico al hacer el pedido. S\u00f3lo as\u00ed podemos garantizar una entrega r\u00e1pida y sin problemas.","og_url":"https:\/\/povnomad.com\/es\/detalles-de-la-entrega-como-recibir-tu-esim\/","og_site_name":"POVNOMAD eSIM - for travellers and nomad\u00b4s life","article_modified_time":"2025-09-03T07:15:08+00:00","twitter_card":"summary_large_image","twitter_misc":{"Tiempo de lectura":"1 minuto"},"schema":{"@context":"https:\/\/schema.org","@graph":[{"@type":"WebPage","@id":"https:\/\/povnomad.com\/es\/detalles-de-la-entrega-como-recibir-tu-esim\/","url":"https:\/\/povnomad.com\/es\/detalles-de-la-entrega-como-recibir-tu-esim\/","name":"Detalles de la entrega - C\u00f3mo recibir tu eSIM - POVNOMAD eSIM - for travellers and nomad\u00b4s life","isPartOf":{"@id":"https:\/\/povnomad.com\/es\/#website"},"datePublished":"2025-04-23T10:22:18+00:00","dateModified":"2025-09-03T07:15:08+00:00","breadcrumb":{"@id":"https:\/\/povnomad.com\/es\/detalles-de-la-entrega-como-recibir-tu-esim\/#breadcrumb"},"inLanguage":"es","potentialAction":[{"@type":"ReadAction","target":["https:\/\/povnomad.com\/es\/detalles-de-la-entrega-como-recibir-tu-esim\/"]}]},{"@type":"BreadcrumbList","@id":"https:\/\/povnomad.com\/es\/detalles-de-la-entrega-como-recibir-tu-esim\/#breadcrumb","itemListElement":[{"@type":"ListItem","position":1,"name":"P\u00e1gina de inicio","item":"https:\/\/povnomad.com\/es\/"},{"@type":"ListItem","position":2,"name":"Detalles de la entrega &#8211; C\u00f3mo recibir tu eSIM"}]},{"@type":"WebSite","@id":"https:\/\/povnomad.com\/es\/#website","url":"https:\/\/povnomad.com\/es\/","name":"povnomad eSIM - for travellers and nomad\u00b4s life","description":"eSIMs with \u2764\ufe0f  in Germany \ud83c\udde9\ud83c\uddea","potentialAction":[{"@type":"SearchAction","target":{"@type":"EntryPoint","urlTemplate":"https:\/\/povnomad.com\/es\/?s={search_term_string}"},"query-input":{"@type":"PropertyValueSpecification","valueRequired":true,"valueName":"search_term_string"}}],"inLanguage":"es"}]}},"uagb_featured_image_src":{"full":false,"thumbnail":false,"medium":false,"medium_large":false,"large":false,"1536x1536":false,"2048x2048":false,"woocommerce_thumbnail":false,"woocommerce_single":false,"woocommerce_gallery_thumbnail":false,"variation_swatches_image_size":false,"variation_swatches_tooltip_size":false,"dgwt-wcas-product-suggestion":false},"uagb_author_info":{"display_name":"Daniel","author_link":"https:\/\/povnomad.com\/es\/author\/daniel\/"},"uagb_comment_info":0,"uagb_excerpt":"Despu\u00e9s de comprar tu eSIM, recibir\u00e1s toda la informaci\u00f3n necesaria c\u00f3modamente por correo electr\u00f3nico. Entrega r\u00e1pida Tu eSIM suele enviarse autom\u00e1ticamente a los pocos minutos de haber efectuado el pago correctamente. En casos excepcionales -por ejemplo, en caso de comprobaciones adicionales o de grandes vol\u00famenes de pedidos- la entrega puede tardar hasta 3 d\u00edas laborables.&hellip;","_links":{"self":[{"href":"https:\/\/povnomad.com\/es\/wp-json\/wp\/v2\/pages\/5878","targetHints":{"allow":["GET"]}}],"collection":[{"href":"https:\/\/povnomad.com\/es\/wp-json\/wp\/v2\/pages"}],"about":[{"href":"https:\/\/povnomad.com\/es\/wp-json\/wp\/v2\/types\/page"}],"author":[{"embeddable":true,"href":"https:\/\/povnomad.com\/es\/wp-json\/wp\/v2\/users\/2"}],"replies":[{"embeddable":true,"href":"https:\/\/povnomad.com\/es\/wp-json\/wp\/v2\/comments?post=5878"}],"version-history":[{"count":0,"href":"https:\/\/povnomad.com\/es\/wp-json\/wp\/v2\/pages\/5878\/revisions"}],"wp:attachment":[{"href":"https:\/\/povnomad.com\/es\/wp-json\/wp\/v2\/media?parent=5878"}],"curies":[{"name":"wp","href":"https:\/\/api.w.org\/{rel}","templated":true}]}}