{"id":5876,"date":"2025-04-23T11:50:11","date_gmt":"2025-04-23T09:50:11","guid":{"rendered":"https:\/\/povnomad.com\/pie-de-imprenta\/"},"modified":"2026-03-24T17:33:35","modified_gmt":"2026-03-24T15:33:35","slug":"pie-de-imprenta","status":"publish","type":"page","link":"https:\/\/povnomad.com\/es\/pie-de-imprenta\/","title":{"rendered":"Pie de imprenta"},"content":{"rendered":"\n<p><strong>Responsable del contenido<\/strong><\/p>\n\n<p>Daniel Fraidych<br\/>Rudolf-Wilhelm-Str. 76<\/p>\n\n<p>66131 Saarbr\u00fccken<\/p>\n\n<p><strong>Contacta con nosotros<\/strong><\/p>\n\n<p>Correo electr\u00f3nico: service@povnomad.com<\/p>\n\n<p>Tel\u00e9fono: +49 160 574 1177<\/p>\n\n<p>UST-ID: DE439892198<\/p>\n\n<p><\/p>\n\n<p>La normativa sobre protecci\u00f3n de datos puede consultarse aqu\u00ed. Nos oponemos al uso de los datos de contacto publicados como parte de la obligaci\u00f3n del pie de imprenta y de otros datos de contacto publicados por parte de terceros, por ejemplo, para enviar publicidad y material informativo no solicitados. Nos reservamos el derecho a emprender acciones legales en caso de env\u00edo no solicitado de informaci\u00f3n publicitaria, como correos spam.   <\/p>\n\n<p><strong>Responsabilidad\/Disclaimer\/Enlaces<\/strong><\/p>\n\n<p>A pesar del control cuidadoso, la comprobaci\u00f3n constante y la actualizaci\u00f3n de la informaci\u00f3n, no podemos aceptar ninguna responsabilidad por el contenido del sitio web. A pesar de poner el m\u00e1ximo cuidado, no podemos descartar la posibilidad de que los datos individuales hayan cambiado entretanto. Por lo tanto, no aceptamos ninguna responsabilidad por la actualidad, integridad y exactitud de la informaci\u00f3n presentada en el sitio web - esto se aplica en particular a las herramientas y plantillas proporcionadas por globalguided.de. Las contribuciones etiquetadas con el nombre reflejan la opini\u00f3n del autor respectivo y no siempre nuestra opini\u00f3n. El uso de nuestro sitio web corre por tu cuenta y riesgo. El mero uso de nuestro sitio web no crea ninguna relaci\u00f3n contractual entre el usuario y nosotros. No asumimos ninguna garant\u00eda ni responsabilidad por la creaci\u00f3n exitosa de empresas o el inicio de negocios. No asumimos ninguna responsabilidad por los problemas t\u00e9cnicos del sitio web. Este sitio web contiene enlaces a sitios web de terceros (\u00abenlaces externos\u00bb). Estos sitios web est\u00e1n sujetos a la responsabilidad de sus respectivos operadores. En particular, no somos responsables del contenido de dichos sitios web a los que se accede a trav\u00e9s de enlaces. La inclusi\u00f3n de enlaces externos no significa que adoptemos el contenido que subyace a la referencia o enlace como propio. Nos esforzamos por mantener los enlaces actualizados.            <\/p>\n\n<p>Nota de g\u00e9nero<\/p>\n\n<p>Para mejorar la legibilidad de nuestros textos, a veces muy extensos, utilizamos mayoritariamente la forma masculina. Sin embargo, todas las formulaciones se aplican expl\u00edcitamente a todas las personas, incluidas las mujeres, las personas no binarias y las personas con identidad de g\u00e9nero. El uso de la forma masculina gen\u00e9rica se debe \u00fanicamente a razones editoriales y no implica juicio alguno.  <\/p>\n","protected":false},"excerpt":{"rendered":"<p>Responsable del contenido Daniel FraidychRudolf-Wilhelm-Str. 76 66131 Saarbr\u00fccken Contacta con nosotros Correo electr\u00f3nico: service@povnomad.com Tel\u00e9fono: +49 160 574 1177 UST-ID: DE439892198 La normativa sobre protecci\u00f3n de datos puede consultarse aqu\u00ed. Nos oponemos al uso de los datos de contacto publicados como parte de la obligaci\u00f3n del pie de imprenta y de otros datos de contacto publicados por parte de terceros, por ejemplo, para enviar publicidad y material informativo no solicitados. Nos reservamos el derecho a emprender acciones legales en caso de env\u00edo no solicitado de informaci\u00f3n publicitaria, como correos spam. Responsabilidad\/Disclaimer\/Enlaces A pesar del control cuidadoso, la comprobaci\u00f3n constante y la actualizaci\u00f3n de la informaci\u00f3n, no podemos aceptar ninguna responsabilidad por el contenido del sitio web. A pesar de poner el m\u00e1ximo cuidado, no podemos descartar la posibilidad de que los datos individuales hayan cambiado entretanto. Por lo tanto, no aceptamos ninguna responsabilidad por la actualidad, integridad y exactitud de la informaci\u00f3n presentada en el sitio web - esto se aplica en particular a las herramientas y plantillas proporcionadas por globalguided.de. Las contribuciones etiquetadas con el nombre reflejan la opini\u00f3n del autor respectivo y no siempre nuestra opini\u00f3n. El uso de nuestro sitio web corre por tu cuenta y riesgo. El mero uso de nuestro sitio web no crea ninguna relaci\u00f3n contractual entre el usuario y nosotros. No asumimos ninguna garant\u00eda ni responsabilidad por la creaci\u00f3n exitosa de empresas o el inicio de negocios. No asumimos ninguna responsabilidad por los problemas t\u00e9cnicos del sitio web. Este sitio web contiene enlaces a sitios web de terceros (\u00abenlaces externos\u00bb). Estos sitios web est\u00e1n sujetos a la responsabilidad de sus respectivos operadores. En particular, no somos responsables del contenido de dichos sitios web a los que se accede a trav\u00e9s de enlaces. La inclusi\u00f3n de enlaces externos no significa que adoptemos el contenido que subyace a la referencia o enlace como propio. Nos esforzamos por mantener los enlaces actualizados. Nota de g\u00e9nero Para mejorar la legibilidad de nuestros textos, a veces muy extensos, utilizamos mayoritariamente la forma masculina. Sin embargo, todas las formulaciones se aplican expl\u00edcitamente a todas las personas, incluidas las mujeres, las personas no binarias y las personas con identidad de g\u00e9nero. El uso de la forma masculina gen\u00e9rica se debe \u00fanicamente a razones editoriales y no implica juicio alguno.<\/p>\n","protected":false},"author":2,"featured_media":0,"parent":0,"menu_order":0,"comment_status":"closed","ping_status":"closed","template":"","meta":{"inline_featured_image":false,"_uag_custom_page_level_css":"","site-sidebar-layout":"default","site-content-layout":"","ast-site-content-layout":"default","site-content-style":"default","site-sidebar-style":"default","ast-global-header-display":"","ast-banner-title-visibility":"","ast-main-header-display":"","ast-hfb-above-header-display":"","ast-hfb-below-header-display":"","ast-hfb-mobile-header-display":"","site-post-title":"","ast-breadcrumbs-content":"","ast-featured-img":"","footer-sml-layout":"","ast-disable-related-posts":"","theme-transparent-header-meta":"","adv-header-id-meta":"","stick-header-meta":"","header-above-stick-meta":"","header-main-stick-meta":"","header-below-stick-meta":"","astra-migrate-meta-layouts":"default","ast-page-background-enabled":"default","ast-page-background-meta":{"desktop":{"background-color":"","background-image":"","background-repeat":"repeat","background-position":"center center","background-size":"auto","background-attachment":"scroll","background-type":"","background-media":"","overlay-type":"","overlay-color":"","overlay-opacity":"","overlay-gradient":""},"tablet":{"background-color":"","background-image":"","background-repeat":"repeat","background-position":"center center","background-size":"auto","background-attachment":"scroll","background-type":"","background-media":"","overlay-type":"","overlay-color":"","overlay-opacity":"","overlay-gradient":""},"mobile":{"background-color":"","background-image":"","background-repeat":"repeat","background-position":"center center","background-size":"auto","background-attachment":"scroll","background-type":"","background-media":"","overlay-type":"","overlay-color":"","overlay-opacity":"","overlay-gradient":""}},"ast-content-background-meta":{"desktop":{"background-color":"var(--ast-global-color-5)","background-image":"","background-repeat":"repeat","background-position":"center center","background-size":"auto","background-attachment":"scroll","background-type":"","background-media":"","overlay-type":"","overlay-color":"","overlay-opacity":"","overlay-gradient":""},"tablet":{"background-color":"var(--ast-global-color-5)","background-image":"","background-repeat":"repeat","background-position":"center center","background-size":"auto","background-attachment":"scroll","background-type":"","background-media":"","overlay-type":"","overlay-color":"","overlay-opacity":"","overlay-gradient":""},"mobile":{"background-color":"var(--ast-global-color-5)","background-image":"","background-repeat":"repeat","background-position":"center center","background-size":"auto","background-attachment":"scroll","background-type":"","background-media":"","overlay-type":"","overlay-color":"","overlay-opacity":"","overlay-gradient":""}},"footnotes":""},"class_list":["post-5876","page","type-page","status-publish","hentry"],"yoast_head":"<!-- This site is optimized with the Yoast SEO plugin v27.4 - https:\/\/yoast.com\/product\/yoast-seo-wordpress\/ -->\n<title>Pie de imprenta - POVNOMAD eSIM - for travellers and nomad\u00b4s life<\/title>\n<meta name=\"robots\" content=\"noindex, nofollow\" \/>\n<meta property=\"og:locale\" content=\"es_ES\" \/>\n<meta property=\"og:type\" content=\"article\" \/>\n<meta property=\"og:title\" content=\"Pie de imprenta - POVNOMAD eSIM - for travellers and nomad\u00b4s life\" \/>\n<meta property=\"og:description\" content=\"Responsable del contenido Daniel FraidychRudolf-Wilhelm-Str. 76 66131 Saarbr\u00fccken Contacta con nosotros Correo electr\u00f3nico: service@povnomad.com Tel\u00e9fono: +49 160 574 1177 UST-ID: DE439892198 La normativa sobre protecci\u00f3n de datos puede consultarse aqu\u00ed. Nos oponemos al uso de los datos de contacto publicados como parte de la obligaci\u00f3n del pie de imprenta y de otros datos de contacto publicados por parte de terceros, por ejemplo, para enviar publicidad y material informativo no solicitados. Nos reservamos el derecho a emprender acciones legales en caso de env\u00edo no solicitado de informaci\u00f3n publicitaria, como correos spam. Responsabilidad\/Disclaimer\/Enlaces A pesar del control cuidadoso, la comprobaci\u00f3n constante y la actualizaci\u00f3n de la informaci\u00f3n, no podemos aceptar ninguna responsabilidad por el contenido del sitio web. A pesar de poner el m\u00e1ximo cuidado, no podemos descartar la posibilidad de que los datos individuales hayan cambiado entretanto. Por lo tanto, no aceptamos ninguna responsabilidad por la actualidad, integridad y exactitud de la informaci\u00f3n presentada en el sitio web - esto se aplica en particular a las herramientas y plantillas proporcionadas por globalguided.de. Las contribuciones etiquetadas con el nombre reflejan la opini\u00f3n del autor respectivo y no siempre nuestra opini\u00f3n. El uso de nuestro sitio web corre por tu cuenta y riesgo. El mero uso de nuestro sitio web no crea ninguna relaci\u00f3n contractual entre el usuario y nosotros. No asumimos ninguna garant\u00eda ni responsabilidad por la creaci\u00f3n exitosa de empresas o el inicio de negocios. No asumimos ninguna responsabilidad por los problemas t\u00e9cnicos del sitio web. Este sitio web contiene enlaces a sitios web de terceros (\u00abenlaces externos\u00bb). Estos sitios web est\u00e1n sujetos a la responsabilidad de sus respectivos operadores. En particular, no somos responsables del contenido de dichos sitios web a los que se accede a trav\u00e9s de enlaces. La inclusi\u00f3n de enlaces externos no significa que adoptemos el contenido que subyace a la referencia o enlace como propio. Nos esforzamos por mantener los enlaces actualizados. Nota de g\u00e9nero Para mejorar la legibilidad de nuestros textos, a veces muy extensos, utilizamos mayoritariamente la forma masculina. Sin embargo, todas las formulaciones se aplican expl\u00edcitamente a todas las personas, incluidas las mujeres, las personas no binarias y las personas con identidad de g\u00e9nero. El uso de la forma masculina gen\u00e9rica se debe \u00fanicamente a razones editoriales y no implica juicio alguno.\" \/>\n<meta property=\"og:url\" content=\"https:\/\/povnomad.com\/es\/pie-de-imprenta\/\" \/>\n<meta property=\"og:site_name\" content=\"POVNOMAD eSIM - for travellers and nomad\u00b4s life\" \/>\n<meta property=\"article:modified_time\" content=\"2026-03-24T15:33:35+00:00\" \/>\n<meta name=\"twitter:card\" content=\"summary_large_image\" \/>\n<meta name=\"twitter:label1\" content=\"Tiempo de lectura\" \/>\n\t<meta name=\"twitter:data1\" content=\"2 minutos\" \/>\n<script type=\"application\/ld+json\" class=\"yoast-schema-graph\">{\"@context\":\"https:\\\/\\\/schema.org\",\"@graph\":[{\"@type\":\"WebPage\",\"@id\":\"https:\\\/\\\/povnomad.com\\\/es\\\/pie-de-imprenta\\\/\",\"url\":\"https:\\\/\\\/povnomad.com\\\/es\\\/pie-de-imprenta\\\/\",\"name\":\"Pie de imprenta - POVNOMAD eSIM - for travellers and nomad\u00b4s life\",\"isPartOf\":{\"@id\":\"https:\\\/\\\/povnomad.com\\\/es\\\/#website\"},\"datePublished\":\"2025-04-23T09:50:11+00:00\",\"dateModified\":\"2026-03-24T15:33:35+00:00\",\"breadcrumb\":{\"@id\":\"https:\\\/\\\/povnomad.com\\\/es\\\/pie-de-imprenta\\\/#breadcrumb\"},\"inLanguage\":\"es\",\"potentialAction\":[{\"@type\":\"ReadAction\",\"target\":[\"https:\\\/\\\/povnomad.com\\\/es\\\/pie-de-imprenta\\\/\"]}]},{\"@type\":\"BreadcrumbList\",\"@id\":\"https:\\\/\\\/povnomad.com\\\/es\\\/pie-de-imprenta\\\/#breadcrumb\",\"itemListElement\":[{\"@type\":\"ListItem\",\"position\":1,\"name\":\"P\u00e1gina de inicio\",\"item\":\"https:\\\/\\\/povnomad.com\\\/es\\\/\"},{\"@type\":\"ListItem\",\"position\":2,\"name\":\"Pie de imprenta\"}]},{\"@type\":\"WebSite\",\"@id\":\"https:\\\/\\\/povnomad.com\\\/es\\\/#website\",\"url\":\"https:\\\/\\\/povnomad.com\\\/es\\\/\",\"name\":\"povnomad eSIM - for travellers and nomad\u00b4s life\",\"description\":\"eSIMs with \u2764\ufe0f  in Germany \ud83c\udde9\ud83c\uddea\",\"potentialAction\":[{\"@type\":\"SearchAction\",\"target\":{\"@type\":\"EntryPoint\",\"urlTemplate\":\"https:\\\/\\\/povnomad.com\\\/es\\\/?s={search_term_string}\"},\"query-input\":{\"@type\":\"PropertyValueSpecification\",\"valueRequired\":true,\"valueName\":\"search_term_string\"}}],\"inLanguage\":\"es\"}]}<\/script>\n<!-- \/ Yoast SEO plugin. -->","yoast_head_json":{"title":"Pie de imprenta - POVNOMAD eSIM - for travellers and nomad\u00b4s life","robots":{"index":"noindex","follow":"nofollow"},"og_locale":"es_ES","og_type":"article","og_title":"Pie de imprenta - POVNOMAD eSIM - for travellers and nomad\u00b4s life","og_description":"Responsable del contenido Daniel FraidychRudolf-Wilhelm-Str. 76 66131 Saarbr\u00fccken Contacta con nosotros Correo electr\u00f3nico: service@povnomad.com Tel\u00e9fono: +49 160 574 1177 UST-ID: DE439892198 La normativa sobre protecci\u00f3n de datos puede consultarse aqu\u00ed. Nos oponemos al uso de los datos de contacto publicados como parte de la obligaci\u00f3n del pie de imprenta y de otros datos de contacto publicados por parte de terceros, por ejemplo, para enviar publicidad y material informativo no solicitados. Nos reservamos el derecho a emprender acciones legales en caso de env\u00edo no solicitado de informaci\u00f3n publicitaria, como correos spam. Responsabilidad\/Disclaimer\/Enlaces A pesar del control cuidadoso, la comprobaci\u00f3n constante y la actualizaci\u00f3n de la informaci\u00f3n, no podemos aceptar ninguna responsabilidad por el contenido del sitio web. A pesar de poner el m\u00e1ximo cuidado, no podemos descartar la posibilidad de que los datos individuales hayan cambiado entretanto. Por lo tanto, no aceptamos ninguna responsabilidad por la actualidad, integridad y exactitud de la informaci\u00f3n presentada en el sitio web - esto se aplica en particular a las herramientas y plantillas proporcionadas por globalguided.de. Las contribuciones etiquetadas con el nombre reflejan la opini\u00f3n del autor respectivo y no siempre nuestra opini\u00f3n. El uso de nuestro sitio web corre por tu cuenta y riesgo. El mero uso de nuestro sitio web no crea ninguna relaci\u00f3n contractual entre el usuario y nosotros. No asumimos ninguna garant\u00eda ni responsabilidad por la creaci\u00f3n exitosa de empresas o el inicio de negocios. No asumimos ninguna responsabilidad por los problemas t\u00e9cnicos del sitio web. Este sitio web contiene enlaces a sitios web de terceros (\u00abenlaces externos\u00bb). Estos sitios web est\u00e1n sujetos a la responsabilidad de sus respectivos operadores. En particular, no somos responsables del contenido de dichos sitios web a los que se accede a trav\u00e9s de enlaces. La inclusi\u00f3n de enlaces externos no significa que adoptemos el contenido que subyace a la referencia o enlace como propio. Nos esforzamos por mantener los enlaces actualizados. Nota de g\u00e9nero Para mejorar la legibilidad de nuestros textos, a veces muy extensos, utilizamos mayoritariamente la forma masculina. Sin embargo, todas las formulaciones se aplican expl\u00edcitamente a todas las personas, incluidas las mujeres, las personas no binarias y las personas con identidad de g\u00e9nero. El uso de la forma masculina gen\u00e9rica se debe \u00fanicamente a razones editoriales y no implica juicio alguno.","og_url":"https:\/\/povnomad.com\/es\/pie-de-imprenta\/","og_site_name":"POVNOMAD eSIM - for travellers and nomad\u00b4s life","article_modified_time":"2026-03-24T15:33:35+00:00","twitter_card":"summary_large_image","twitter_misc":{"Tiempo de lectura":"2 minutos"},"schema":{"@context":"https:\/\/schema.org","@graph":[{"@type":"WebPage","@id":"https:\/\/povnomad.com\/es\/pie-de-imprenta\/","url":"https:\/\/povnomad.com\/es\/pie-de-imprenta\/","name":"Pie de imprenta - POVNOMAD eSIM - for travellers and nomad\u00b4s life","isPartOf":{"@id":"https:\/\/povnomad.com\/es\/#website"},"datePublished":"2025-04-23T09:50:11+00:00","dateModified":"2026-03-24T15:33:35+00:00","breadcrumb":{"@id":"https:\/\/povnomad.com\/es\/pie-de-imprenta\/#breadcrumb"},"inLanguage":"es","potentialAction":[{"@type":"ReadAction","target":["https:\/\/povnomad.com\/es\/pie-de-imprenta\/"]}]},{"@type":"BreadcrumbList","@id":"https:\/\/povnomad.com\/es\/pie-de-imprenta\/#breadcrumb","itemListElement":[{"@type":"ListItem","position":1,"name":"P\u00e1gina de inicio","item":"https:\/\/povnomad.com\/es\/"},{"@type":"ListItem","position":2,"name":"Pie de imprenta"}]},{"@type":"WebSite","@id":"https:\/\/povnomad.com\/es\/#website","url":"https:\/\/povnomad.com\/es\/","name":"povnomad eSIM - for travellers and nomad\u00b4s life","description":"eSIMs with \u2764\ufe0f  in Germany \ud83c\udde9\ud83c\uddea","potentialAction":[{"@type":"SearchAction","target":{"@type":"EntryPoint","urlTemplate":"https:\/\/povnomad.com\/es\/?s={search_term_string}"},"query-input":{"@type":"PropertyValueSpecification","valueRequired":true,"valueName":"search_term_string"}}],"inLanguage":"es"}]}},"uagb_featured_image_src":{"full":false,"thumbnail":false,"medium":false,"medium_large":false,"large":false,"1536x1536":false,"2048x2048":false,"woocommerce_thumbnail":false,"woocommerce_single":false,"woocommerce_gallery_thumbnail":false,"variation_swatches_image_size":false,"variation_swatches_tooltip_size":false,"dgwt-wcas-product-suggestion":false},"uagb_author_info":{"display_name":"Daniel","author_link":"https:\/\/povnomad.com\/es\/author\/daniel\/"},"uagb_comment_info":0,"uagb_excerpt":"Responsable del contenido Daniel FraidychRudolf-Wilhelm-Str. 76 66131 Saarbr\u00fccken Contacta con nosotros Correo electr\u00f3nico: service@povnomad.com Tel\u00e9fono: +49 160 574 1177 UST-ID: DE439892198 La normativa sobre protecci\u00f3n de datos puede consultarse aqu\u00ed. Nos oponemos al uso de los datos de contacto publicados como parte de la obligaci\u00f3n del pie de imprenta y de otros datos de contacto&hellip;","_links":{"self":[{"href":"https:\/\/povnomad.com\/es\/wp-json\/wp\/v2\/pages\/5876","targetHints":{"allow":["GET"]}}],"collection":[{"href":"https:\/\/povnomad.com\/es\/wp-json\/wp\/v2\/pages"}],"about":[{"href":"https:\/\/povnomad.com\/es\/wp-json\/wp\/v2\/types\/page"}],"author":[{"embeddable":true,"href":"https:\/\/povnomad.com\/es\/wp-json\/wp\/v2\/users\/2"}],"replies":[{"embeddable":true,"href":"https:\/\/povnomad.com\/es\/wp-json\/wp\/v2\/comments?post=5876"}],"version-history":[{"count":1,"href":"https:\/\/povnomad.com\/es\/wp-json\/wp\/v2\/pages\/5876\/revisions"}],"predecessor-version":[{"id":9925,"href":"https:\/\/povnomad.com\/es\/wp-json\/wp\/v2\/pages\/5876\/revisions\/9925"}],"wp:attachment":[{"href":"https:\/\/povnomad.com\/es\/wp-json\/wp\/v2\/media?parent=5876"}],"curies":[{"name":"wp","href":"https:\/\/api.w.org\/{rel}","templated":true}]}}